{"id":42,"date":"2022-02-11T00:57:46","date_gmt":"2022-02-10T23:57:46","guid":{"rendered":"https:\/\/lesbainsguerbois.com\/?post_type=product&#038;p=42"},"modified":"2026-05-01T08:00:24","modified_gmt":"2026-05-01T06:00:24","slug":"1978-les-bains-douches","status":"publish","type":"product","link":"https:\/\/lesbainsguerbois.com\/pl\/produit\/1978-les-bains-douches\/","title":{"rendered":"1978 LES BAINS DOUCHES"},"content":{"rendered":"<p>Pary\u017c 1978, nieko\u0144cz\u0105ca si\u0119 noc w jednej z najdzikszych dyskotek na \u015bwiecie. Pod\u0105\u017caj\u0105c za jej pudrowymi perfumami. Na dole schod\u00f3w Negroni Yuzu dla niej, sza\u0142wiowa whisky dla mnie. Strz\u0119pki blond tytoniu. Opieraj\u0105c si\u0119 o cedrow\u0105 lad\u0119, obserwuj\u0119 j\u0105 na parkiecie. Odurzaj\u0105 mnie zapachy mirry, wanilii i orientalnej r\u00f3\u017cy. Zamykam na chwil\u0119 oczy. Les Bains Douches nigdy nie \u015bpi.<\/p>","protected":false},"excerpt":{"rendered":"<p>Pary\u017c 1978, nieko\u0144cz\u0105ca si\u0119 noc w jednej z najdzikszych dyskotek na \u015bwiecie. Pod\u0105\u017caj\u0105c za jej pudrowymi perfumami. Na dole schod\u00f3w Negroni Yuzu dla niej, sza\u0142wiowa whisky dla mnie. Strz\u0119pki blond tytoniu. Opieraj\u0105c si\u0119 o cedrow\u0105 lad\u0119, obserwuj\u0119, jak faluje na parkiecie.<br \/>\nOdurzaj\u0105 mnie zapachy mirry, wanilii i orientalnej r\u00f3\u017cy. Zamykam na chwil\u0119 oczy. Bains Douches nigdy nie \u015bpi\u0105.<\/p>\n<p>Perfumiarz: Bertrand Duchaufour<\/p>\n<p>Nuty g\u0142owy: Yuzu, Accord Whisky, Davana<br \/>\nNuty serca: r\u00f3\u017ca, heliotrop, blond tyto\u0144<br \/>\nNuty bazy: cedr atlaski, mirra, wanilia<\/p>","protected":false},"featured_media":245579,"comment_status":"closed","ping_status":"closed","template":"","meta":{"_acf_changed":false,"_et_pb_use_builder":"","_et_pb_old_content":"","_et_gb_content_width":""},"product_brand":[],"product_cat":[207,289],"product_tag":[155,69,144,145,146,147,212],"class_list":{"0":"post-42","1":"product","2":"type-product","3":"status-publish","4":"has-post-thumbnail","6":"product_cat-collection-une-date-une-histoire","7":"product_cat-nos-incontournables","8":"product_tag-1978-shower-baths","9":"product_tag-fragrance","10":"product_tag-parisian-perfume","11":"product_tag-perfume-les-bains-guerbois","12":"product_tag-perfume-water","13":"product_tag-rare-fragrance","14":"product_tag-sensuel-addictif","16":"first","17":"instock","18":"featured","19":"taxable","20":"shipping-taxable","21":"purchasable","22":"product-type-variable","23":"has-default-attributes"},"bundled_by":["247363","247541","247582","247603"],"bundle_stock_status":"instock","bundle_stock_quantity":94,"bundle_virtual":false,"bundle_layout":"","bundle_add_to_cart_form_location":"","bundle_editable_in_cart":false,"bundle_sold_individually_context":"","bundle_item_grouping":"","bundle_min_size":"","bundle_max_size":"","bundle_price":[],"bundled_items":[],"bundle_sell_ids":[],"acf":[],"_links":{"self":[{"href":"https:\/\/lesbainsguerbois.com\/pl\/wp-json\/wp\/v2\/product\/42","targetHints":{"allow":["GET"]}}],"collection":[{"href":"https:\/\/lesbainsguerbois.com\/pl\/wp-json\/wp\/v2\/product"}],"about":[{"href":"https:\/\/lesbainsguerbois.com\/pl\/wp-json\/wp\/v2\/types\/product"}],"replies":[{"embeddable":true,"href":"https:\/\/lesbainsguerbois.com\/pl\/wp-json\/wp\/v2\/comments?post=42"}],"wp:featuredmedia":[{"embeddable":true,"href":"https:\/\/lesbainsguerbois.com\/pl\/wp-json\/wp\/v2\/media\/245579"}],"wp:attachment":[{"href":"https:\/\/lesbainsguerbois.com\/pl\/wp-json\/wp\/v2\/media?parent=42"}],"wp:term":[{"taxonomy":"product_brand","embeddable":true,"href":"https:\/\/lesbainsguerbois.com\/pl\/wp-json\/wp\/v2\/product_brand?post=42"},{"taxonomy":"product_cat","embeddable":true,"href":"https:\/\/lesbainsguerbois.com\/pl\/wp-json\/wp\/v2\/product_cat?post=42"},{"taxonomy":"product_tag","embeddable":true,"href":"https:\/\/lesbainsguerbois.com\/pl\/wp-json\/wp\/v2\/product_tag?post=42"}],"curies":[{"name":"wp","href":"https:\/\/api.w.org\/{rel}","templated":true}]}}