{"id":33,"date":"2022-02-11T00:57:45","date_gmt":"2022-02-10T23:57:45","guid":{"rendered":"https:\/\/lesbainsguerbois.com\/?post_type=product&#038;p=33"},"modified":"2026-04-24T16:34:39","modified_gmt":"2026-04-24T14:34:39","slug":"eau-de-cologne","status":"publish","type":"product","link":"https:\/\/lesbainsguerbois.com\/pl\/produit\/eau-de-cologne\/","title":{"rendered":"EAU DE COLOGNE"},"content":{"rendered":"<p>Pary\u017c, nic nie znika, wszystko mo\u017ce si\u0119 odrodzi\u0107. 2015, Les Bains zmartwychwstaj\u0105 po raz kolejny. Wszystko zn\u00f3w jest mo\u017cliwe w Maison Guerbois pod g\u0142\u0119bokimi, lakierowanymi kopu\u0142ami i kopu\u0142ami, w subtelnym wirze kardamonu, papirusu i kadzid\u0142a. Spa, klub, hotel. Ta\u0144cz\u0105c, sp\u0119dzaj\u0105c czas, marz\u0105c, poc\u0105c si\u0119, pij\u0105c, widz\u0105c, w\u0105chaj\u0105c, uwodz\u0105c, drzemi\u0105c. Wczoraj, przedwczoraj, dzi\u015b. LES BAINS. 1885, 1978, 2015.<\/p>","protected":false},"excerpt":{"rendered":"<p>Wywrotowy sojusz. Z imbirem i kardamonem na szczycie dla pikantnych, zmys\u0142owych nut, Les Bains Guerbois eau de Cologne otwiera si\u0119 drzewnym sercem paczuli i cedru, po\u0142\u0105czonym z mistycznym papirusem, zanim wzniesie si\u0119 ku frywolno\u015bci pi\u017cma, zmieszanej z bursztynem i \u015bwi\u0119to\u015bci\u0105 kadzid\u0142a. Ta zapachowa rozpusta Michel Almairac, sprzeczna a\u017c do impertynencji, jest zaproszeniem do przebudzenia.<\/p>\n<p>Perfumiarz: Michel Almairac<\/p>\n<p>Nuty g\u0142owy: imbir, kardamon<br \/>\nNuty serca: paczula, cedr, papirus<br \/>\nNuty bazy: kadzid\u0142o, pi\u017cmo, ambra<\/p>","protected":false},"featured_media":245610,"comment_status":"open","ping_status":"closed","template":"","meta":{"_acf_changed":false,"_et_pb_use_builder":"","_et_pb_old_content":"","_et_gb_content_width":""},"product_brand":[],"product_cat":[210],"product_tag":[108,96,30,33,101,102],"class_list":{"0":"post-33","1":"product","2":"type-product","3":"status-publish","4":"has-post-thumbnail","6":"product_cat-eau-de-cologne","7":"product_tag-cologne","8":"product_tag-guerbois-baths","9":"product_tag-la-boutique-les-bains","10":"product_tag-les-bains-paris","11":"product_tag-shower-baths","12":"product_tag-the-baths","14":"first","15":"instock","16":"taxable","17":"shipping-taxable","18":"purchasable","19":"product-type-simple"},"bundled_by":[],"bundle_stock_status":"instock","bundle_stock_quantity":77,"bundle_virtual":false,"bundle_layout":"","bundle_add_to_cart_form_location":"","bundle_editable_in_cart":false,"bundle_sold_individually_context":"","bundle_item_grouping":"","bundle_min_size":"","bundle_max_size":"","bundle_price":[],"bundled_items":[],"bundle_sell_ids":[],"acf":[],"_links":{"self":[{"href":"https:\/\/lesbainsguerbois.com\/pl\/wp-json\/wp\/v2\/product\/33","targetHints":{"allow":["GET"]}}],"collection":[{"href":"https:\/\/lesbainsguerbois.com\/pl\/wp-json\/wp\/v2\/product"}],"about":[{"href":"https:\/\/lesbainsguerbois.com\/pl\/wp-json\/wp\/v2\/types\/product"}],"replies":[{"embeddable":true,"href":"https:\/\/lesbainsguerbois.com\/pl\/wp-json\/wp\/v2\/comments?post=33"}],"wp:featuredmedia":[{"embeddable":true,"href":"https:\/\/lesbainsguerbois.com\/pl\/wp-json\/wp\/v2\/media\/245610"}],"wp:attachment":[{"href":"https:\/\/lesbainsguerbois.com\/pl\/wp-json\/wp\/v2\/media?parent=33"}],"wp:term":[{"taxonomy":"product_brand","embeddable":true,"href":"https:\/\/lesbainsguerbois.com\/pl\/wp-json\/wp\/v2\/product_brand?post=33"},{"taxonomy":"product_cat","embeddable":true,"href":"https:\/\/lesbainsguerbois.com\/pl\/wp-json\/wp\/v2\/product_cat?post=33"},{"taxonomy":"product_tag","embeddable":true,"href":"https:\/\/lesbainsguerbois.com\/pl\/wp-json\/wp\/v2\/product_tag?post=33"}],"curies":[{"name":"wp","href":"https:\/\/api.w.org\/{rel}","templated":true}]}}