{"id":322122,"date":"2021-02-08T11:45:58","date_gmt":"2021-02-08T10:45:58","guid":{"rendered":"https:\/\/lesbainsguerbois.com\/?post_type=product&#038;p=322122"},"modified":"2026-05-01T21:52:14","modified_gmt":"2026-05-01T19:52:14","slug":"rose-graffiti","status":"publish","type":"product","link":"https:\/\/lesbainsguerbois.com\/pl\/produit\/rose-graffiti\/","title":{"rendered":"ROSE GRAFFITI"},"content":{"rendered":"<p>Kszta\u0142ty, linie i kolory tego fresku z 1981 roku, namalowanego na \u015bcianie Les Bains, uwalniaj\u0105 nuty r\u00f3\u017cy Centifolia, s\u0142odkiej marakui i szlachetnego pi\u017cma. Konstelacja elektrycznych barw, warstwy zapach\u00f3w jak muzyka.<\/p>\n<p>Nada\u0107 formom i materiom zapach, spl\u0105ta\u0107 emocje, zaburzy\u0107 zmys\u0142y. Czysta synestezja.<\/p>","protected":false},"excerpt":{"rendered":"<p>Kszta\u0142ty, poci\u0105gni\u0119cia p\u0119dzla i kolory tego fresku z 1981 roku na \u015bcianie Les Bains wiruj\u0105 nutami r\u00f3\u017cy centifolii, s\u0142odkiej marakui i szlachetnego pi\u017cma. Konstelacja elektrycznych barw, warstwy muzycznych zapach\u00f3w.<br>\nNada\u0107 zapach wzorom, kszta\u0142tom i materia\u0142om, poprowadzi\u0107 emocje, zatrze\u0107 zmys\u0142y. Czysta synestezja.<\/p>\n<p>Perfumiarz: Jean-Claude Ellena<\/p>\n<p class=\"translation-block\">Nuty g\u0142owy: Mandarynka, Marakuja<br>\nNuty serca: R\u00f3\u017ca centifolia, R\u00f3\u017ca damasce\u0144ska<br>\nNuty bazy: Rzadkie pi\u017cmo<\/p>","protected":false},"featured_media":322646,"comment_status":"closed","ping_status":"closed","template":"","meta":{"_acf_changed":false,"_et_pb_use_builder":"","_et_pb_old_content":"","_et_gb_content_width":""},"product_brand":[],"product_cat":[206,289],"product_tag":[83],"class_list":{"0":"post-322122","1":"product","2":"type-product","3":"status-publish","4":"has-post-thumbnail","6":"product_cat-collection-formes-et-matieres","7":"product_cat-nos-incontournables","8":"product_tag-oud-laque","10":"first","11":"instock","12":"taxable","13":"shipping-taxable","14":"purchasable","15":"product-type-variable","16":"has-default-attributes"},"bundled_by":[],"bundle_stock_status":"instock","bundle_stock_quantity":500,"bundle_virtual":false,"bundle_layout":"","bundle_add_to_cart_form_location":"","bundle_editable_in_cart":false,"bundle_sold_individually_context":"","bundle_item_grouping":"","bundle_min_size":"","bundle_max_size":"","bundle_price":[],"bundled_items":[],"bundle_sell_ids":[],"acf":[],"_links":{"self":[{"href":"https:\/\/lesbainsguerbois.com\/pl\/wp-json\/wp\/v2\/product\/322122","targetHints":{"allow":["GET"]}}],"collection":[{"href":"https:\/\/lesbainsguerbois.com\/pl\/wp-json\/wp\/v2\/product"}],"about":[{"href":"https:\/\/lesbainsguerbois.com\/pl\/wp-json\/wp\/v2\/types\/product"}],"replies":[{"embeddable":true,"href":"https:\/\/lesbainsguerbois.com\/pl\/wp-json\/wp\/v2\/comments?post=322122"}],"wp:featuredmedia":[{"embeddable":true,"href":"https:\/\/lesbainsguerbois.com\/pl\/wp-json\/wp\/v2\/media\/322646"}],"wp:attachment":[{"href":"https:\/\/lesbainsguerbois.com\/pl\/wp-json\/wp\/v2\/media?parent=322122"}],"wp:term":[{"taxonomy":"product_brand","embeddable":true,"href":"https:\/\/lesbainsguerbois.com\/pl\/wp-json\/wp\/v2\/product_brand?post=322122"},{"taxonomy":"product_cat","embeddable":true,"href":"https:\/\/lesbainsguerbois.com\/pl\/wp-json\/wp\/v2\/product_cat?post=322122"},{"taxonomy":"product_tag","embeddable":true,"href":"https:\/\/lesbainsguerbois.com\/pl\/wp-json\/wp\/v2\/product_tag?post=322122"}],"curies":[{"name":"wp","href":"https:\/\/api.w.org\/{rel}","templated":true}]}}