{"id":1172,"date":"2022-03-08T23:23:32","date_gmt":"2022-03-08T22:23:32","guid":{"rendered":"https:\/\/lesbainsguerbois.com\/?post_type=product&#038;p=1172"},"modified":"2026-04-26T13:29:58","modified_gmt":"2026-04-26T11:29:58","slug":"damier","status":"publish","type":"product","link":"https:\/\/lesbainsguerbois.com\/pl\/produit\/damier\/","title":{"rendered":"DAMIER"},"content":{"rendered":"<p>Poruszaj si\u0119, ta\u0144cz, graj, \u015bcigaj si\u0119 wok\u00f3\u0142 Bains Paris na tej gigantycznej szachownicy. Mityczne miejsce. Kr\u00f3lowa mo\u017ce porusza\u0107 si\u0119 w dowolnym kierunku. Szlak perfum. Parkiety taneczne. Gry. Gry szlakowe. Ma\u0142e kwadraty, du\u017ce kwadraty, czarne i bia\u0142e przek\u0105tne. Wra\u017cenia kinetyczne. Ognista, pikantna czarna g\u0142owa wok\u00f3\u0142 czarnego pieprzu kontrastuje z bardzo wygodn\u0105 mleczn\u0105, pi\u017cmow\u0105 baz\u0105 z bia\u0142ego drzewa sanda\u0142owego.<\/p>\n<p>C\u00f4t\u00e9 Noir : Czarny pieprz, paczula.<br \/>\nC\u00f4t\u00e9 Blanc: akord mleczny, ja\u015bmin, bia\u0142e pi\u017cmo.<\/p>","protected":false},"excerpt":{"rendered":"<p>Poruszaj si\u0119, ta\u0144cz, graj, \u015bcigaj si\u0119 wok\u00f3\u0142 Bains Paris na tej gigantycznej szachownicy. Mityczne miejsce. Kr\u00f3lowa mo\u017ce porusza\u0107 si\u0119 w dowolnym kierunku. Szlak perfum. Parkiety taneczne. Gry. Gry szlakowe. Ma\u0142e kwadraty, du\u017ce kwadraty, czarne i bia\u0142e przek\u0105tne. Wra\u017cenia kinetyczne. Ognista, pikantna czarna g\u0142owa wok\u00f3\u0142 czarnego pieprzu kontrastuje z bardzo wygodn\u0105 mleczn\u0105, pi\u017cmow\u0105 baz\u0105 z bia\u0142ego drzewa sanda\u0142owego.<\/p>\n<p>C\u00f4t\u00e9 Noir : Czarny pieprz, paczula.<br \/>\nC\u00f4t\u00e9 Blanc: akord mleczny, ja\u015bmin, bia\u0142e pi\u017cmo.<\/p>\n<p>Nez : Fanny Bal<\/p>\n<p>Nuty g\u0142owy: czarny pieprz z Madagaskaru, r\u00f3\u017cowy pieprz, aldehydy<br \/>\nNuty serca: Accord Lact\u00e9, ja\u015bmin<br \/>\nNotes de fond : Santal de Nouvelle-Cal\u00e9donie, Patchouli d&rsquo;Indon\u00e9sie, Musc Blanc<\/p>","protected":false},"featured_media":245607,"comment_status":"closed","ping_status":"closed","template":"","meta":{"_acf_changed":false,"_et_pb_use_builder":"","_et_pb_old_content":"","_et_gb_content_width":""},"product_brand":[],"product_cat":[206],"product_tag":[165,246],"class_list":{"0":"post-1172","1":"product","2":"type-product","3":"status-publish","4":"has-post-thumbnail","6":"product_cat-collection-formes-et-matieres","7":"product_tag-damier","8":"product_tag-fanny-bal","10":"first","11":"instock","12":"taxable","13":"shipping-taxable","14":"purchasable","15":"product-type-variable","16":"has-default-attributes"},"bundled_by":["247363","247541","247542","247582","247603"],"bundle_stock_status":"instock","bundle_stock_quantity":100,"bundle_virtual":false,"bundle_layout":"","bundle_add_to_cart_form_location":"","bundle_editable_in_cart":false,"bundle_sold_individually_context":"","bundle_item_grouping":"","bundle_min_size":"","bundle_max_size":"","bundle_price":[],"bundled_items":[],"bundle_sell_ids":[],"acf":[],"_links":{"self":[{"href":"https:\/\/lesbainsguerbois.com\/pl\/wp-json\/wp\/v2\/product\/1172","targetHints":{"allow":["GET"]}}],"collection":[{"href":"https:\/\/lesbainsguerbois.com\/pl\/wp-json\/wp\/v2\/product"}],"about":[{"href":"https:\/\/lesbainsguerbois.com\/pl\/wp-json\/wp\/v2\/types\/product"}],"replies":[{"embeddable":true,"href":"https:\/\/lesbainsguerbois.com\/pl\/wp-json\/wp\/v2\/comments?post=1172"}],"wp:featuredmedia":[{"embeddable":true,"href":"https:\/\/lesbainsguerbois.com\/pl\/wp-json\/wp\/v2\/media\/245607"}],"wp:attachment":[{"href":"https:\/\/lesbainsguerbois.com\/pl\/wp-json\/wp\/v2\/media?parent=1172"}],"wp:term":[{"taxonomy":"product_brand","embeddable":true,"href":"https:\/\/lesbainsguerbois.com\/pl\/wp-json\/wp\/v2\/product_brand?post=1172"},{"taxonomy":"product_cat","embeddable":true,"href":"https:\/\/lesbainsguerbois.com\/pl\/wp-json\/wp\/v2\/product_cat?post=1172"},{"taxonomy":"product_tag","embeddable":true,"href":"https:\/\/lesbainsguerbois.com\/pl\/wp-json\/wp\/v2\/product_tag?post=1172"}],"curies":[{"name":"wp","href":"https:\/\/api.w.org\/{rel}","templated":true}]}}