{"id":250158,"date":"2024-05-23T10:45:51","date_gmt":"2024-05-23T08:45:51","guid":{"rendered":"https:\/\/lesbainsguerbois.com\/?page_id=250158"},"modified":"2025-05-06T20:40:31","modified_gmt":"2025-05-06T18:40:31","slug":"blog","status":"publish","type":"page","link":"https:\/\/lesbainsguerbois.com\/pl\/blog\/","title":{"rendered":"Les Bains Guerbois Blog"},"content":{"rendered":"<p>[et_pb_section fb_built=\u00a0\u00bb1&Prime; admin_label=\u00a0\u00bbBlog &#8211; Style 02&Prime; module_id=\u00a0\u00bbblog-02&Prime; _builder_version=\u00a0\u00bb4.16&Prime; _module_preset=\u00a0\u00bb_initial\u00a0\u00bb collapsed=\u00a0\u00bboff\u00a0\u00bb global_colors_info=\u00a0\u00bb{}\u00a0\u00bb][et_pb_row _builder_version=\u00a0\u00bb4.25.1&Prime; _module_preset=\u00a0\u00bbdefault\u00a0\u00bb global_colors_info=\u00a0\u00bb{}\u00a0\u00bb][et_pb_column type=\u00a0\u00bb4_4&Prime; _builder_version=\u00a0\u00bb4.25.1&Prime; _module_preset=\u00a0\u00bbdefault\u00a0\u00bb global_colors_info=\u00a0\u00bb{}\u00a0\u00bb][et_pb_text _builder_version=\u00a0\u00bb4.21.0&Prime; _dynamic_attributes=\u00a0\u00bbcontent\u00a0\u00bb _module_preset=\u00a0\u00bbdefault\u00a0\u00bb header_font=\u00a0\u00bb|||on|||||\u00a0\u00bb header_text_align=\u00a0\u00bbcenter\u00a0\u00bb header_text_color=\u00a0\u00bb#000000&Prime; header_font_size=\u00a0\u00bb2.5rem\u00a0\u00bb width_tablet=\u00a0\u00bb\u00a0\u00bb width_phone=\u00a0\u00bb75%\u00a0\u00bb width_last_edited=\u00a0\u00bbon|phone\u00a0\u00bb max_width_tablet=\u00a0\u00bb\u00a0\u00bb max_width_phone=\u00a0\u00bb75%\u00a0\u00bb max_width_last_edited=\u00a0\u00bbon|phone\u00a0\u00bb module_alignment=\u00a0\u00bbcenter\u00a0\u00bb custom_margin=\u00a0\u00bb||16px|||\u00a0\u00bb header_font_size_tablet=\u00a0\u00bb3rem\u00a0\u00bb header_font_size_phone=\u00a0\u00bb2rem\u00a0\u00bb header_font_size_last_edited=\u00a0\u00bbon|phone\u00a0\u00bb global_colors_info=\u00a0\u00bb{}\u00a0\u00bb]@ET-DC@eyJkeW5hbWljIjp0cnVlLCJjb250ZW50IjoicG9zdF90aXRsZSIsInNldHRpbmdzIjp7ImJlZm9yZSI6IjxoMT4iLCJhZnRlciI6IjwvaDE+In19@[\/et_pb_text][et_pb_text _builder_version=\u00a0\u00bb4.25.1&Prime; _module_preset=\u00a0\u00bbdefault\u00a0\u00bb text_font=\u00a0\u00bbBarlow|300|||||||\u00a0\u00bb text_text_color=\u00a0\u00bb#000000&Prime; text_font_size=\u00a0\u00bb0.9em\u00a0\u00bb text_line_height=\u00a0\u00bb1.3em\u00a0\u00bb header_font_size=\u00a0\u00bb2rem\u00a0\u00bb text_orientation=\u00a0\u00bbcenter\u00a0\u00bb width=\u00a0\u00bb75%\u00a0\u00bb max_width=\u00a0\u00bb75%\u00a0\u00bb module_alignment=\u00a0\u00bbcenter\u00a0\u00bb text_line_height_tablet=\u00a0\u00bb1em\u00a0\u00bb text_line_height_phone=\u00a0\u00bb1em\u00a0\u00bb text_line_height_last_edited=\u00a0\u00bbon|phone\u00a0\u00bb global_colors_info=\u00a0\u00bb{}\u00a0\u00bb]<\/p>\n<p>Le parfum se transmet \u00e0 travers les \u00e9motions qu\u2019il suscite et les histoires qu\u2019il raconte. \u00c0 notre tour de perp\u00e9tuer cet h\u00e9ritage. Pr\u00e9parez-vous pour un voyage initiatique au c\u0153ur du monde de la parfumerie.<\/p>\n<p>[\/et_pb_text][\/et_pb_column][\/et_pb_row][et_pb_row make_equal=\u00a0\u00bbon\u00a0\u00bb admin_label=\u00a0\u00bbBlog &#8211; Style 02&Prime; _builder_version=\u00a0\u00bb4.25.1&Prime; _module_preset=\u00a0\u00bb_initial\u00a0\u00bb max_width=\u00a0\u00bb1280px\u00a0\u00bb global_colors_info=\u00a0\u00bb{}\u00a0\u00bb][et_pb_column type=\u00a0\u00bb4_4&Prime; _builder_version=\u00a0\u00bb4.16&Prime; _module_preset=\u00a0\u00bbdefault\u00a0\u00bb custom_css_main_element=\u00a0\u00bbwidth: 100% !important;\u00a0\u00bb global_colors_info=\u00a0\u00bb{}\u00a0\u00bb][et_pb_blog fullwidth=\u00a0\u00bboff\u00a0\u00bb posts_number=\u00a0\u00bb50&Prime; include_categories=\u00a0\u00bball\u00a0\u00bb meta_date=\u00a0\u00bbj M Y\u00a0\u00bb use_manual_excerpt=\u00a0\u00bboff\u00a0\u00bb excerpt_length=\u00a0\u00bb125&Prime; show_author=\u00a0\u00bboff\u00a0\u00bb show_excerpt=\u00a0\u00bboff\u00a0\u00bb show_pagination=\u00a0\u00bboff\u00a0\u00bb use_overlay=\u00a0\u00bbon\u00a0\u00bb overlay_icon_color=\u00a0\u00bbrgba(0,0,0,0)\u00a0\u00bb hover_overlay_color=\u00a0\u00bbrgba(0,0,0,0.22)\u00a0\u00bb module_class=\u00a0\u00bbblog-style-02 et_blog_grid_equal_height\u00a0\u00bb _builder_version=\u00a0\u00bb4.25.1&Prime; _module_preset=\u00a0\u00bbdefault\u00a0\u00bb header_font=\u00a0\u00bb||||||||\u00a0\u00bb header_text_color=\u00a0\u00bb#000000&Prime; header_font_size=\u00a0\u00bb21px\u00a0\u00bb header_line_height=\u00a0\u00bb1.1em\u00a0\u00bb body_font=\u00a0\u00bbHind||||||||\u00a0\u00bb body_text_color=\u00a0\u00bb#333333&Prime; meta_font=\u00a0\u00bb|||on|||||\u00a0\u00bb meta_text_color=\u00a0\u00bb#000000&Prime; meta_font_size=\u00a0\u00bb13px\u00a0\u00bb meta_line_height=\u00a0\u00bb1.4em\u00a0\u00bb read_more_font=\u00a0\u00bbHind||||||||\u00a0\u00bb read_more_text_color=\u00a0\u00bb#ffffff\u00a0\u00bb pagination_font=\u00a0\u00bbHind|||on|||||\u00a0\u00bb pagination_text_color=\u00a0\u00bb#000000&Prime; pagination_font_size=\u00a0\u00bb15px\u00a0\u00bb body_link_text_color=\u00a0\u00bb#000000&Prime; body_font_size_tablet=\u00a0\u00bb\u00a0\u00bb body_font_size_phone=\u00a0\u00bb17px\u00a0\u00bb body_font_size_last_edited=\u00a0\u00bbon|desktop\u00a0\u00bb meta_font_size_phone=\u00a0\u00bb15px\u00a0\u00bb meta_font_size_last_edited=\u00a0\u00bboff|phone\u00a0\u00bb meta_line_height_tablet=\u00a0\u00bb\u00a0\u00bb meta_line_height_phone=\u00a0\u00bb1.3em\u00a0\u00bb meta_line_height_last_edited=\u00a0\u00bbon|desktop\u00a0\u00bb custom_css_content=\u00a0\u00bbfont-weight:400;\u00a0\u00bb custom_css_post_meta=\u00a0\u00bbfont-weight:400;\u00a0\u00bb custom_css_read_more=\u00a0\u00bbfont-size: 14px !important;\u00a0\u00bb border_width_all=\u00a0\u00bb0px\u00a0\u00bb global_colors_info=\u00a0\u00bb{}\u00a0\u00bb pagination_letter_spacing__hover=\u00a0\u00bb0px\u00a0\u00bb pagination_letter_spacing__hover_enabled=\u00a0\u00bbon|desktop\u00a0\u00bb custom_css_main_element_last_edited=\u00a0\u00bboff|phone\u00a0\u00bb custom_css_post_meta_last_edited=\u00a0\u00bbon|phone\u00a0\u00bb custom_css_post_meta_phone=\u00a0\u00bbmargin-top:10px;||font-weight:400;\u00a0\u00bb custom_css_post_meta_tablet=\u00a0\u00bbfont-weight:400;\u00a0\u00bb][\/et_pb_blog][et_pb_code _builder_version=\u00a0\u00bb4.25.1&Prime; _module_preset=\u00a0\u00bbdefault\u00a0\u00bb global_colors_info=\u00a0\u00bb{}\u00a0\u00bb]<script><!-- [et_pb_line_break_holder] -->(function($) {<!-- [et_pb_line_break_holder] -->    $(document).ready(function() {<!-- [et_pb_line_break_holder] -->        $(window).resize(function() {<!-- [et_pb_line_break_holder] -->            $('.et_blog_grid_equal_height').each(function() {<!-- [et_pb_line_break_holder] -->                equalise_articles($(this));<!-- [et_pb_line_break_holder] -->            });<!-- [et_pb_line_break_holder] -->        });<!-- [et_pb_line_break_holder] --><!-- [et_pb_line_break_holder] -->        $('.et_blog_grid_equal_height').each(function() {<!-- [et_pb_line_break_holder] -->            var blog = $(this);<!-- [et_pb_line_break_holder] --><!-- [et_pb_line_break_holder] -->            equalise_articles($(this));<!-- [et_pb_line_break_holder] --><!-- [et_pb_line_break_holder] -->            var observer = new MutationObserver(function(mutations) {<!-- [et_pb_line_break_holder] -->                equalise_articles(blog);<!-- [et_pb_line_break_holder] -->            });<!-- [et_pb_line_break_holder] -->            <!-- [et_pb_line_break_holder] -->            var config = {<!-- [et_pb_line_break_holder] -->                subtree: true,<!-- [et_pb_line_break_holder] -->                childList: true <!-- [et_pb_line_break_holder] -->            };<!-- [et_pb_line_break_holder] --><!-- [et_pb_line_break_holder] -->            observer.observe(blog[0], config);<!-- [et_pb_line_break_holder] -->        });<!-- [et_pb_line_break_holder] --><!-- [et_pb_line_break_holder] -->        function equalise_articles(blog) {<!-- [et_pb_line_break_holder] -->            var articles = blog.find('article');<!-- [et_pb_line_break_holder] -->            var heights = [];<!-- [et_pb_line_break_holder] -->            <!-- [et_pb_line_break_holder] -->            articles.each(function() {<!-- [et_pb_line_break_holder] -->                var height = 0;<!-- [et_pb_line_break_holder] -->                height += ($(this).find('.et_pb_image_container, .et_main_video_container').length != 0) ? $(this).find('.et_pb_image_container, .et_main_video_container').outerHeight(true) : 0;<!-- [et_pb_line_break_holder] -->                height += $(this).find('.entry-title').outerHeight(true);<!-- [et_pb_line_break_holder] -->                height += ($(this).find('.post-meta').length != 0) ? $(this).find('.post-meta').outerHeight(true) : 0; <!-- [et_pb_line_break_holder] -->                height += ($(this).find('.post-content').length != 0) ? $(this).find('.post-content').outerHeight(true) : 0;    <!-- [et_pb_line_break_holder] --><!-- [et_pb_line_break_holder] -->                heights.push(height);<!-- [et_pb_line_break_holder] -->            });<!-- [et_pb_line_break_holder] --><!-- [et_pb_line_break_holder] -->            var max_height = Math.max.apply(Math,heights); <!-- [et_pb_line_break_holder] --><!-- [et_pb_line_break_holder] -->            articles.each(function() {<!-- [et_pb_line_break_holder] -->                $(this).height(max_height);<!-- [et_pb_line_break_holder] -->            });<!-- [et_pb_line_break_holder] -->        }<!-- [et_pb_line_break_holder] --><!-- [et_pb_line_break_holder] -->        $(document).ajaxComplete(function() {<!-- [et_pb_line_break_holder] -->            $('.et_blog_grid_equal_height').imagesLoaded().then(function() {<!-- [et_pb_line_break_holder] -->                $('.et_blog_grid_equal_height').each(function(){<!-- [et_pb_line_break_holder] -->                    equalise_articles($(this));<!-- [et_pb_line_break_holder] -->                });<!-- [et_pb_line_break_holder] -->            });<!-- [et_pb_line_break_holder] -->        });<!-- [et_pb_line_break_holder] --><!-- [et_pb_line_break_holder] -->        $.fn.imagesLoaded = function() {<!-- [et_pb_line_break_holder] -->            var $imgs = this.find('img[src!=\"\"]');<!-- [et_pb_line_break_holder] -->            var dfds = [];<!-- [et_pb_line_break_holder] --><!-- [et_pb_line_break_holder] -->            if (!$imgs.length) {<!-- [et_pb_line_break_holder] -->                return $.Deferred().resolve().promise();<!-- [et_pb_line_break_holder] -->            }            <!-- [et_pb_line_break_holder] --><!-- [et_pb_line_break_holder] -->            $imgs.each(function(){<!-- [et_pb_line_break_holder] -->                var dfd = $.Deferred();<!-- [et_pb_line_break_holder] -->                dfds.push(dfd);<!-- [et_pb_line_break_holder] -->                var img = new Image();<!-- [et_pb_line_break_holder] --><!-- [et_pb_line_break_holder] -->                img.onload = function() {<!-- [et_pb_line_break_holder] -->                    dfd.resolve();<!-- [et_pb_line_break_holder] -->                };<!-- [et_pb_line_break_holder] --><!-- [et_pb_line_break_holder] -->                img.onerror = function() {<!-- [et_pb_line_break_holder] -->                    dfd.resolve(); <!-- [et_pb_line_break_holder] -->                };<!-- [et_pb_line_break_holder] --><!-- [et_pb_line_break_holder] -->                img.src = this.src;<!-- [et_pb_line_break_holder] -->            });<!-- [et_pb_line_break_holder] --><!-- [et_pb_line_break_holder] -->            return $.when.apply($, dfds);<!-- [et_pb_line_break_holder] -->        }<!-- [et_pb_line_break_holder] -->    });<!-- [et_pb_line_break_holder] -->})(jQuery);<!-- [et_pb_line_break_holder] --><\/script>[\/et_pb_code][et_pb_code _builder_version=\u00a0\u00bb4.25.1&Prime; _module_preset=\u00a0\u00bbdefault\u00a0\u00bb global_colors_info=\u00a0\u00bb{}\u00a0\u00bb]<\/p>\n<style><!-- [et_pb_line_break_holder] -->.blog-style-02 .et_pb_post div.post-content a.more-link {<!-- [et_pb_line_break_holder] -->    background-color: #000;<!-- [et_pb_line_break_holder] -->    padding-top: 5px;<!-- [et_pb_line_break_holder] -->    padding-bottom: 3px;<!-- [et_pb_line_break_holder] -->    padding-left: 10px;<!-- [et_pb_line_break_holder] -->    padding-right: 10px;<!-- [et_pb_line_break_holder] -->    width: fit-content;<!-- [et_pb_line_break_holder] -->}<!-- [et_pb_line_break_holder] --><!-- [et_pb_line_break_holder] -->.blog-style-02 .et_pb_post div.post-content a.more-link:hover {<!-- [et_pb_line_break_holder] -->    background-color: #3423a6;<!-- [et_pb_line_break_holder] -->}<!-- [et_pb_line_break_holder] --><!-- [et_pb_line_break_holder] -->.blog-style-02 .et_pb_post .post-meta {<!-- [et_pb_line_break_holder] -->    color: #000000 !important;<!-- [et_pb_line_break_holder] -->    text-transform: uppercase;<!-- [et_pb_line_break_holder] -->}  <!-- [et_pb_line_break_holder] --><!-- [et_pb_line_break_holder] -->.blog-style-02 .et_pb_post .post-meta a {<!-- [et_pb_line_break_holder] -->    color: #000000 !important;<!-- [et_pb_line_break_holder] -->    font-weight: 500;<!-- [et_pb_line_break_holder] -->    text-transform: uppercase;<!-- [et_pb_line_break_holder] -->}<!-- [et_pb_line_break_holder] --><!-- [et_pb_line_break_holder] -->.blog-style-02 .et_pb_post .post-meta a:hover {<!-- [et_pb_line_break_holder] -->    text-decoration: underline;<!-- [et_pb_line_break_holder] -->}<!-- [et_pb_line_break_holder] --><!-- [et_pb_line_break_holder] -->.blog-style-02 .et_pb_post .post-meta span.author.vcard a {<!-- [et_pb_line_break_holder] -->    background-color: rgba(0,0,0,0);<!-- [et_pb_line_break_holder] -->    color: #000 !important;<!-- [et_pb_line_break_holder] -->    padding-left: 0;<!-- [et_pb_line_break_holder] -->    padding-right: 0;<!-- [et_pb_line_break_holder] -->}<!-- [et_pb_line_break_holder] --><!-- [et_pb_line_break_holder] -->.blog-style-02 .pagination a:hover {<!-- [et_pb_line_break_holder] -->    text-decoration: underline;<!-- [et_pb_line_break_holder] -->}<!-- [et_pb_line_break_holder] --><!-- [et_pb_line_break_holder] -->.blog-style-02 .et_pb_post .post-content * {<!-- [et_pb_line_break_holder] -->    margin-bottom: 20px;<!-- [et_pb_line_break_holder] -->}<!-- [et_pb_line_break_holder] --><!-- [et_pb_line_break_holder] -->.blog-style-02 .et_pb_image_container {<!-- [et_pb_line_break_holder] -->    box-shadow: 10px 10px 20px rgba(0,0,0,.18);<!-- [et_pb_line_break_holder] -->}<!-- [et_pb_line_break_holder] --><!-- [et_pb_line_break_holder] -->.blog-style-02 .et_pb_post .entry-featured-image-url {<!-- [et_pb_line_break_holder] -->    overflow: hidden;<!-- [et_pb_line_break_holder] -->}<!-- [et_pb_line_break_holder] --><!-- [et_pb_line_break_holder] -->.blog-style-02 .et_pb_post .entry-featured-image-url img:hover {<!-- [et_pb_line_break_holder] -->    transition: transform 2000ms ease 0ms;<!-- [et_pb_line_break_holder] -->    transform: scale(1.36) !important;<!-- [et_pb_line_break_holder] -->}<!-- [et_pb_line_break_holder] --><!-- [et_pb_line_break_holder] -->.blog-style-02 .et_pb_post:hover .entry-featured-image-url img {<!-- [et_pb_line_break_holder] -->    transition: transform 2000ms ease 0ms;<!-- [et_pb_line_break_holder] -->    transform: scale(1.36) !important;<!-- [et_pb_line_break_holder] -->}<!-- [et_pb_line_break_holder] --><\/style>\n<p><!-- [et_pb_line_break_holder] -->[\/et_pb_code][\/et_pb_column][\/et_pb_row][\/et_pb_section]<\/p>\n","protected":false},"excerpt":{"rendered":"<p>Perfumy przenosz\u0105 si\u0119 przez emocje, kt\u00f3re wywo\u0142uj\u0105, i opowie\u015bci, kt\u00f3re przekazuj\u0105. Teraz nasza kolej, aby kontynuowa\u0107 to dziedzictwo. Przygotuj si\u0119 na podr\u00f3\u017c inicjacyjn\u0105 w serce \u015bwiata perfumerii.<\/p>","protected":false},"author":1,"featured_media":0,"parent":0,"menu_order":0,"comment_status":"closed","ping_status":"closed","template":"","meta":{"_acf_changed":false,"_et_pb_use_builder":"on","_et_pb_old_content":"","_et_gb_content_width":"","footnotes":""},"difl_page_category":[],"class_list":["post-250158","page","type-page","status-publish","hentry"],"acf":[],"_links":{"self":[{"href":"https:\/\/lesbainsguerbois.com\/pl\/wp-json\/wp\/v2\/pages\/250158","targetHints":{"allow":["GET"]}}],"collection":[{"href":"https:\/\/lesbainsguerbois.com\/pl\/wp-json\/wp\/v2\/pages"}],"about":[{"href":"https:\/\/lesbainsguerbois.com\/pl\/wp-json\/wp\/v2\/types\/page"}],"author":[{"embeddable":true,"href":"https:\/\/lesbainsguerbois.com\/pl\/wp-json\/wp\/v2\/users\/1"}],"replies":[{"embeddable":true,"href":"https:\/\/lesbainsguerbois.com\/pl\/wp-json\/wp\/v2\/comments?post=250158"}],"version-history":[{"count":0,"href":"https:\/\/lesbainsguerbois.com\/pl\/wp-json\/wp\/v2\/pages\/250158\/revisions"}],"wp:attachment":[{"href":"https:\/\/lesbainsguerbois.com\/pl\/wp-json\/wp\/v2\/media?parent=250158"}],"wp:term":[{"taxonomy":"difl_page_category","embeddable":true,"href":"https:\/\/lesbainsguerbois.com\/pl\/wp-json\/wp\/v2\/difl_page_category?post=250158"}],"curies":[{"name":"wp","href":"https:\/\/api.w.org\/{rel}","templated":true}]}}