{"id":93736,"date":"2023-04-12T12:48:30","date_gmt":"2023-04-12T10:48:30","guid":{"rendered":"https:\/\/bains.lestudio404dev.fr\/?page_id=93736"},"modified":"2023-08-17T12:15:46","modified_gmt":"2023-08-17T10:15:46","slug":"spa-les-bains-guerbois","status":"publish","type":"page","link":"https:\/\/lesbainsguerbois.com\/it\/spa-les-bains-guerbois\/","title":{"rendered":"SPA Les Bains Guerbois"},"content":{"rendered":"<p>[et_pb_section fb_built=\u00a0\u00bb1&Prime; _builder_version=\u00a0\u00bb4.21.0&Prime; _module_preset=\u00a0\u00bbdefault\u00a0\u00bb da_disable_devices=\u00a0\u00bboff|off|off\u00a0\u00bb global_colors_info=\u00a0\u00bb{}\u00a0\u00bb da_is_popup=\u00a0\u00bboff\u00a0\u00bb da_exit_intent=\u00a0\u00bboff\u00a0\u00bb da_has_close=\u00a0\u00bbon\u00a0\u00bb da_alt_close=\u00a0\u00bboff\u00a0\u00bb da_dark_close=\u00a0\u00bboff\u00a0\u00bb da_not_modal=\u00a0\u00bbon\u00a0\u00bb da_is_singular=\u00a0\u00bboff\u00a0\u00bb da_with_loader=\u00a0\u00bboff\u00a0\u00bb da_has_shadow=\u00a0\u00bbon\u00a0\u00bb][et_pb_row _builder_version=\u00a0\u00bb4.21.0&Prime; _module_preset=\u00a0\u00bbdefault\u00a0\u00bb max_width=\u00a0\u00bb1280px\u00a0\u00bb global_colors_info=\u00a0\u00bb{}\u00a0\u00bb][et_pb_column type=\u00a0\u00bb4_4&Prime; _builder_version=\u00a0\u00bb4.21.0&Prime; _module_preset=\u00a0\u00bbdefault\u00a0\u00bb global_colors_info=\u00a0\u00bb{}\u00a0\u00bb][et_pb_text _builder_version=\u00a0\u00bb4.21.0&Prime; _module_preset=\u00a0\u00bbdefault\u00a0\u00bb text_font=\u00a0\u00bb|300|||||||\u00a0\u00bb text_font_size=\u00a0\u00bb16px\u00a0\u00bb header_text_align=\u00a0\u00bbcenter\u00a0\u00bb locked=\u00a0\u00bboff\u00a0\u00bb global_colors_info=\u00a0\u00bb{}\u00a0\u00bb]<\/p>\n<h1>SPA LES BAINS GUERBOIS x HOTEL LES BAINS PARIS<\/h1>\n<p>[\/et_pb_text][\/et_pb_column][\/et_pb_row][et_pb_row column_structure=\u00a0\u00bb1_2,1_2&Prime; make_equal=\u00a0\u00bbon\u00a0\u00bb _builder_version=\u00a0\u00bb4.21.0&Prime; _module_preset=\u00a0\u00bbdefault\u00a0\u00bb width=\u00a0\u00bb100%\u00a0\u00bb max_width=\u00a0\u00bb100%\u00a0\u00bb custom_padding=\u00a0\u00bb||0px|||\u00a0\u00bb custom_css_main_element=\u00a0\u00bbalign-items:center;||display: flex;||flex-wrap: wrap;\u00a0\u00bb global_colors_info=\u00a0\u00bb{}\u00a0\u00bb][et_pb_column type=\u00a0\u00bb1_2&Prime; _builder_version=\u00a0\u00bb4.21.0&Prime; _module_preset=\u00a0\u00bbdefault\u00a0\u00bb custom_padding=\u00a0\u00bb|71px||71px|false|true\u00a0\u00bb custom_padding_tablet=\u00a0\u00bb|71px||71px|false|true\u00a0\u00bb custom_padding_phone=\u00a0\u00bb25px|25px||25px|false|true\u00a0\u00bb custom_padding_last_edited=\u00a0\u00bbon|phone\u00a0\u00bb global_colors_info=\u00a0\u00bb{}\u00a0\u00bb custom_css_main_element_last_edited=\u00a0\u00bbon|phone\u00a0\u00bb custom_css_main_element_phone=\u00a0\u00bborder:2;\u00a0\u00bb][et_pb_text _builder_version=\u00a0\u00bb4.21.0&Prime; _module_preset=\u00a0\u00bbdefault\u00a0\u00bb text_font=\u00a0\u00bb|300|||||||\u00a0\u00bb text_font_size=\u00a0\u00bb16px\u00a0\u00bb header_2_font=\u00a0\u00bb|||on|||||\u00a0\u00bb locked=\u00a0\u00bboff\u00a0\u00bb global_colors_info=\u00a0\u00bb{}\u00a0\u00bb]<\/p>\n<h2>Histoire<\/h2>\n<p>La Maison \u201cLes Bains Guerbois\u201d, Spa r\u00e9put\u00e9 du XIXe si\u00e8cle et premi\u00e8re incarnation du c\u00e9l\u00e8bre \u00e9tablissement de nuit \u201cLes Bains Douches\u201d puis de l\u2019h\u00f4tel Les Bains, renait enfin au XXI\u00e8me si\u00e8cle. Elle honore \u00e0 nouveau son h\u00e9ritage de temple parisien du bien-\u00eatre et de la beaut\u00e9.<\/p>\n<p>[\/et_pb_text][\/et_pb_column][et_pb_column type=\u00a0\u00bb1_2&Prime; _builder_version=\u00a0\u00bb4.21.0&Prime; _module_preset=\u00a0\u00bbdefault\u00a0\u00bb background_image=\u00a0\u00bbhttps:\/\/lesbainsguerbois.com\/wp-content\/uploads\/2023\/06\/spa-lesbains-guerbois.jpg\u00a0\u00bb global_colors_info=\u00a0\u00bb{}\u00a0\u00bb custom_css_main_element_last_edited=\u00a0\u00bbon|phone\u00a0\u00bb custom_css_main_element_phone=\u00a0\u00bborder:1;\u00a0\u00bb][et_pb_divider show_divider=\u00a0\u00bboff\u00a0\u00bb _builder_version=\u00a0\u00bb4.21.0&Prime; _module_preset=\u00a0\u00bbdefault\u00a0\u00bb custom_padding=\u00a0\u00bb238px||238px||true|false\u00a0\u00bb custom_padding_tablet=\u00a0\u00bb319px||319px||true|false\u00a0\u00bb custom_padding_phone=\u00a0\u00bb143px||143px||true|false\u00a0\u00bb custom_padding_last_edited=\u00a0\u00bbon|phone\u00a0\u00bb global_colors_info=\u00a0\u00bb{}\u00a0\u00bb][\/et_pb_divider][\/et_pb_column][\/et_pb_row][et_pb_row column_structure=\u00a0\u00bb1_2,1_2&Prime; make_equal=\u00a0\u00bbon\u00a0\u00bb _builder_version=\u00a0\u00bb4.21.0&Prime; _module_preset=\u00a0\u00bbdefault\u00a0\u00bb width=\u00a0\u00bb100%\u00a0\u00bb max_width=\u00a0\u00bb100%\u00a0\u00bb custom_padding=\u00a0\u00bb41px||0px|||\u00a0\u00bb custom_css_main_element=\u00a0\u00bbalign-items:center;\u00a0\u00bb locked=\u00a0\u00bboff\u00a0\u00bb global_colors_info=\u00a0\u00bb{}\u00a0\u00bb][et_pb_column type=\u00a0\u00bb1_2&Prime; _builder_version=\u00a0\u00bb4.21.0&Prime; _module_preset=\u00a0\u00bbdefault\u00a0\u00bb background_image=\u00a0\u00bbhttps:\/\/lesbainsguerbois.com\/wp-content\/uploads\/2023\/06\/les-bains-paris-spa.jpg\u00a0\u00bb background_position=\u00a0\u00bbbottom_center\u00a0\u00bb background_vertical_offset=\u00a0\u00bb22%\u00a0\u00bb global_colors_info=\u00a0\u00bb{}\u00a0\u00bb][et_pb_divider show_divider=\u00a0\u00bboff\u00a0\u00bb _builder_version=\u00a0\u00bb4.21.0&Prime; _module_preset=\u00a0\u00bbdefault\u00a0\u00bb custom_padding=\u00a0\u00bb238px||238px||true|false\u00a0\u00bb custom_padding_tablet=\u00a0\u00bb319px||319px||true|false\u00a0\u00bb custom_padding_phone=\u00a0\u00bb143px||143px||true|false\u00a0\u00bb custom_padding_last_edited=\u00a0\u00bbon|phone\u00a0\u00bb global_colors_info=\u00a0\u00bb{}\u00a0\u00bb][\/et_pb_divider][\/et_pb_column][et_pb_column type=\u00a0\u00bb1_2&Prime; _builder_version=\u00a0\u00bb4.21.0&Prime; _module_preset=\u00a0\u00bbdefault\u00a0\u00bb custom_padding=\u00a0\u00bb|71px||71px|true|true\u00a0\u00bb custom_padding_tablet=\u00a0\u00bb|71px||71px|true|true\u00a0\u00bb custom_padding_phone=\u00a0\u00bb|25px||25px|true|true\u00a0\u00bb custom_padding_last_edited=\u00a0\u00bbon|phone\u00a0\u00bb global_colors_info=\u00a0\u00bb{}\u00a0\u00bb][et_pb_text _builder_version=\u00a0\u00bb4.21.2&Prime; _module_preset=\u00a0\u00bbdefault\u00a0\u00bb text_font=\u00a0\u00bb|300|||||||\u00a0\u00bb text_font_size=\u00a0\u00bb16px\u00a0\u00bb custom_padding=\u00a0\u00bb0px||||false|false\u00a0\u00bb hover_enabled=\u00a0\u00bb0&Prime; locked=\u00a0\u00bboff\u00a0\u00bb global_colors_info=\u00a0\u00bb{}\u00a0\u00bb sticky_enabled=\u00a0\u00bb0&Prime;]<\/p>\n<h2>LE SPA<\/h2>\n<p>Dans un appartement secret nich\u00e9 au coeur de l\u2019h\u00f4tel, le spa Les Bains Guerbois comporte un espace d\u00e9tente, un salon d\u00e9di\u00e9 \u00e0 l\u2019olfaction des fragrances de la maison et deux cabines de soin situ\u00e9es dans des boudoirs de part et d\u2019autre d\u2019une large fen\u00eatre en demi-lune.<\/p>\n<p>Les aficionados des Eaux de parfums Les Bains Guerbois, ou ceux qui veulent les d\u00e9couvrir peuvent \u00eatre re\u00e7us en t\u00eate-\u00e0-t\u00eate par les experts de la marque en s\u00e9ance priv\u00e9e.<\/p>\n<p>3 fragrances Les Bains Guerbois ont \u00e9t\u00e9 d\u00e9clin\u00e9es en huiles pour des massages aux bienfaits multiples. Une experience immersive unique, des sillages et des soins qui r\u00e9veillent le corps et relaxent l\u2019esprit.<\/p>\n<p>Huiles parfum\u00e9es Les Bains Guerbois :<\/p>\n<ul>\n<li>2015 Le Ph\u00e9nix<\/li>\n<li>Oud Laqu\u00e9<\/li>\n<li>Damier<\/li>\n<\/ul>\n<p>[\/et_pb_text][\/et_pb_column][\/et_pb_row][et_pb_row column_structure=\u00a0\u00bb1_2,1_2&Prime; make_equal=\u00a0\u00bbon\u00a0\u00bb _builder_version=\u00a0\u00bb4.21.0&Prime; _module_preset=\u00a0\u00bbdefault\u00a0\u00bb width=\u00a0\u00bb100%\u00a0\u00bb max_width=\u00a0\u00bb100%\u00a0\u00bb custom_padding=\u00a0\u00bb43px||53px|||\u00a0\u00bb custom_css_main_element=\u00a0\u00bbalign-items:center;||display: flex;||flex-wrap: wrap;\u00a0\u00bb locked=\u00a0\u00bboff\u00a0\u00bb global_colors_info=\u00a0\u00bb{}\u00a0\u00bb][et_pb_column type=\u00a0\u00bb1_2&Prime; _builder_version=\u00a0\u00bb4.21.0&Prime; _module_preset=\u00a0\u00bbdefault\u00a0\u00bb custom_padding=\u00a0\u00bb|71px||71px|false|true\u00a0\u00bb custom_padding_tablet=\u00a0\u00bb|71px||71px|false|true\u00a0\u00bb custom_padding_phone=\u00a0\u00bb25px|25px||25px|false|true\u00a0\u00bb custom_padding_last_edited=\u00a0\u00bbon|phone\u00a0\u00bb global_colors_info=\u00a0\u00bb{}\u00a0\u00bb custom_css_main_element_last_edited=\u00a0\u00bbon|phone\u00a0\u00bb custom_css_main_element_phone=\u00a0\u00bborder:2;\u00a0\u00bb][et_pb_text _builder_version=\u00a0\u00bb4.21.0&Prime; _module_preset=\u00a0\u00bbdefault\u00a0\u00bb text_font=\u00a0\u00bb|300|||||||\u00a0\u00bb text_font_size=\u00a0\u00bb16px\u00a0\u00bb locked=\u00a0\u00bboff\u00a0\u00bb global_colors_info=\u00a0\u00bb{}\u00a0\u00bb]<\/p>\n<h2>CARTE DES SOINS<\/h2>\n<p>Perp\u00e9tuant son h\u00e9ritage, le spa Les Bains Guerbois propose aujourd\u2019hui une s\u00e9lection de soins aux influences culturelles diverses, proposant ainsi les techniques les plus raffin\u00e9es et en vogue du moment.<\/p>\n<h2>Le Sur-Mesure<\/h2>\n<p>Le massage couture \u00e0 votre image<br \/>\nUn vaste choix de soins adapt\u00e9s \u00e0 l\u2019effet recherch\u00e9 (californien, ayurvedique, hawa\u00efen, m\u00e9decine traditionnelle chinoise).<\/p>\n<h2>Le Tib\u00e9tain<\/h2>\n<p>Un voyage dans les cieux, l\u2019\u00e9veil des sens<br \/>\nUn massage venu du Tibet : relaxant, profond, d\u00e9stressant, et r\u00e9\u00e9quilibrant les \u00e9nergies gr\u00e2ce aux pochons d\u2019herbes m\u00e9dicinales appliqu\u00e9s sur les points d\u2019\u00e9nergie. L\u2019on utilise des bols chantants tib\u00e9tains, faisant vibrer le corps et l\u2019esprit pour l\u00e2cher-prise.<\/p>\n<h2>Deep Tissue<\/h2>\n<p>Le d\u00e9nouement extr\u00eame, lent et profond<br \/>\nUn massage venu du Canada : d\u00e9nouer les tensions musculaires par des mouvements lents et profonds.<\/p>\n<h2>Kobido Visage<\/h2>\n<p>Illuminez votre regard<br \/>\nUn massage visage venu du Japon : un soin d\u2019exception pour un effet liftant et drainant. Il comporte des mouvements toniques et rapides afin d\u2019oxyg\u00e9ner jusqu\u2019aux cellules et procurer une r\u00e9g\u00e9n\u00e9ration de la peau radieuse et nourrie.<\/p>\n<h2>Le Tha\u00ef<\/h2>\n<p>La r\u00e9f\u00e9rence holistique physique et mentale<br \/>\nUn massage venu de Tha\u00eflande (habill\u00e9 et au sol), il sert \u00e0 faire circuler les \u00e9nergies et d\u00e9nouer les tensions musculaires gr\u00e2ce \u00e0 des pressions sur des points pr\u00e9cis, des mobilisations et des \u00e9tirements afin de retrouver une amplitude des mouvements et une relaxation compl\u00e8te du corps-esprit.[\/et_pb_text][\/et_pb_column][et_pb_column type=\u00a0\u00bb1_2&Prime; _builder_version=\u00a0\u00bb4.21.0&Prime; _module_preset=\u00a0\u00bbdefault\u00a0\u00bb background_image=\u00a0\u00bbhttps:\/\/lesbainsguerbois.com\/wp-content\/uploads\/2023\/06\/hammam-bains-guerbois.jpg\u00a0\u00bb background_position=\u00a0\u00bbbottom_center\u00a0\u00bb background_vertical_offset=\u00a0\u00bb22%\u00a0\u00bb global_colors_info=\u00a0\u00bb{}\u00a0\u00bb custom_css_main_element_last_edited=\u00a0\u00bbon|phone\u00a0\u00bb custom_css_main_element_phone=\u00a0\u00bborder:1;\u00a0\u00bb][et_pb_divider show_divider=\u00a0\u00bboff\u00a0\u00bb _builder_version=\u00a0\u00bb4.21.0&Prime; _module_preset=\u00a0\u00bbdefault\u00a0\u00bb custom_padding=\u00a0\u00bb435px||435px||true|false\u00a0\u00bb custom_padding_tablet=\u00a0\u00bb319px||319px||true|false\u00a0\u00bb custom_padding_phone=\u00a0\u00bb143px||143px||true|false\u00a0\u00bb custom_padding_last_edited=\u00a0\u00bbon|phone\u00a0\u00bb global_colors_info=\u00a0\u00bb{}\u00a0\u00bb][\/et_pb_divider][\/et_pb_column][\/et_pb_row][et_pb_row column_structure=\u00a0\u00bb1_2,1_2&Prime; make_equal=\u00a0\u00bbon\u00a0\u00bb _builder_version=\u00a0\u00bb4.21.0&Prime; _module_preset=\u00a0\u00bbdefault\u00a0\u00bb width=\u00a0\u00bb100%\u00a0\u00bb max_width=\u00a0\u00bb100%\u00a0\u00bb custom_padding=\u00a0\u00bb0px||0px|||\u00a0\u00bb custom_css_main_element=\u00a0\u00bbalign-items:center;\u00a0\u00bb locked=\u00a0\u00bboff\u00a0\u00bb global_colors_info=\u00a0\u00bb{}\u00a0\u00bb][et_pb_column type=\u00a0\u00bb1_2&Prime; _builder_version=\u00a0\u00bb4.21.0&Prime; _module_preset=\u00a0\u00bbdefault\u00a0\u00bb background_image=\u00a0\u00bbhttps:\/\/lesbainsguerbois.com\/wp-content\/uploads\/2023\/06\/piscine-bains-guerbois.jpg\u00a0\u00bb background_size=\u00a0\u00bbinitial\u00a0\u00bb global_colors_info=\u00a0\u00bb{}\u00a0\u00bb][et_pb_divider show_divider=\u00a0\u00bboff\u00a0\u00bb _builder_version=\u00a0\u00bb4.21.0&Prime; _module_preset=\u00a0\u00bbdefault\u00a0\u00bb custom_padding=\u00a0\u00bb296px||296px||true|false\u00a0\u00bb custom_padding_tablet=\u00a0\u00bb319px||319px||true|false\u00a0\u00bb custom_padding_phone=\u00a0\u00bb143px||143px||true|false\u00a0\u00bb custom_padding_last_edited=\u00a0\u00bbon|phone\u00a0\u00bb locked=\u00a0\u00bboff\u00a0\u00bb global_colors_info=\u00a0\u00bb{}\u00a0\u00bb][\/et_pb_divider][\/et_pb_column][et_pb_column type=\u00a0\u00bb1_2&Prime; _builder_version=\u00a0\u00bb4.21.0&Prime; _module_preset=\u00a0\u00bbdefault\u00a0\u00bb custom_padding=\u00a0\u00bb86px|71px|86px|71px|true|true\u00a0\u00bb custom_padding_tablet=\u00a0\u00bb86px|71px|86px|71px|true|true\u00a0\u00bb custom_padding_phone=\u00a0\u00bb0px|25px|40px|25px|false|true\u00a0\u00bb custom_padding_last_edited=\u00a0\u00bbon|phone\u00a0\u00bb global_colors_info=\u00a0\u00bb{}\u00a0\u00bb][et_pb_text _builder_version=\u00a0\u00bb4.21.0&Prime; _module_preset=\u00a0\u00bbdefault\u00a0\u00bb text_font=\u00a0\u00bb|300|||||||\u00a0\u00bb text_font_size=\u00a0\u00bb16px\u00a0\u00bb locked=\u00a0\u00bboff\u00a0\u00bb global_colors_info=\u00a0\u00bb{}\u00a0\u00bb]<\/p>\n<h2>PISCINE ET HAMMAM<\/h2>\n<p>L\u2019exp\u00e9rience est compl\u00e9t\u00e9e par un acc\u00e8s au hammam et \u00e0 la piscine de l\u2019h\u00f4tel : une vitality pool avec nage \u00e0 contre courant, jets massant, jets \u00e0 bulles et cascade.[\/et_pb_text][\/et_pb_column][\/et_pb_row][et_pb_row column_structure=\u00a0\u00bb1_2,1_2&Prime; make_equal=\u00a0\u00bbon\u00a0\u00bb _builder_version=\u00a0\u00bb4.21.0&Prime; _module_preset=\u00a0\u00bbdefault\u00a0\u00bb width=\u00a0\u00bb100%\u00a0\u00bb max_width=\u00a0\u00bb100%\u00a0\u00bb custom_padding=\u00a0\u00bb0px||0px|||\u00a0\u00bb custom_css_main_element=\u00a0\u00bbalign-items:center;||display: flex;||flex-wrap: wrap;\u00a0\u00bb locked=\u00a0\u00bboff\u00a0\u00bb global_colors_info=\u00a0\u00bb{}\u00a0\u00bb][et_pb_column type=\u00a0\u00bb1_2&Prime; _builder_version=\u00a0\u00bb4.21.0&Prime; _module_preset=\u00a0\u00bbdefault\u00a0\u00bb custom_padding=\u00a0\u00bb86px|71px|86px|71px|true|true\u00a0\u00bb custom_padding_tablet=\u00a0\u00bb86px|71px|86px|71px|true|true\u00a0\u00bb custom_padding_phone=\u00a0\u00bb86px|25px|86px|25px|true|true\u00a0\u00bb custom_padding_last_edited=\u00a0\u00bbon|phone\u00a0\u00bb global_colors_info=\u00a0\u00bb{}\u00a0\u00bb custom_css_main_element_last_edited=\u00a0\u00bbon|phone\u00a0\u00bb custom_css_main_element_phone=\u00a0\u00bborder:2;\u00a0\u00bb][et_pb_text _builder_version=\u00a0\u00bb4.21.0&Prime; _module_preset=\u00a0\u00bbdefault\u00a0\u00bb text_font=\u00a0\u00bb|300|||||||\u00a0\u00bb text_font_size=\u00a0\u00bb16px\u00a0\u00bb custom_margin_tablet=\u00a0\u00bb\u00a0\u00bb custom_margin_phone=\u00a0\u00bb-44px||||false|false\u00a0\u00bb custom_margin_last_edited=\u00a0\u00bbon|phone\u00a0\u00bb locked=\u00a0\u00bboff\u00a0\u00bb global_colors_info=\u00a0\u00bb{}\u00a0\u00bb]<\/p>\n<h2>TARIFS &amp; ACC\u00c8S<\/h2>\n<p>Massages et soins : 60\/90 minutes \u2013 180\u20ac \/240\u20ac<br \/>Acc\u00e8s piscine et hammam : suppl\u00e9ment 50\u20ac<\/p>\n<p>Spa Les Bains Guerbois x Hotel Les Bains Paris<br \/>7, rue du Bourg l&rsquo;Abb\u00e9<br \/>75003 Paris<\/p>\n<p>Le spa Les Bains Guerbois est ouvert tous les jours du lundi au vendredi de 10h \u00e0 21h.<\/p>\n<p><strong>Exclusivement sur rendez-vous :<\/strong><\/p>\n<p>Par email \u00e0 <a href=\"mailto:spa@lesbains-paris.com\">spa@lesbains-paris.com<\/a><br \/>Par t\u00e9l\u00e9phone au 01 42 77 07 07<\/p>\n<p>[\/et_pb_text][\/et_pb_column][et_pb_column type=\u00a0\u00bb1_2&Prime; _builder_version=\u00a0\u00bb4.21.0&Prime; _module_preset=\u00a0\u00bbdefault\u00a0\u00bb background_image=\u00a0\u00bbhttps:\/\/lesbainsguerbois.com\/wp-content\/uploads\/2023\/06\/spa-les-bains-paris.jpg\u00a0\u00bb background_position=\u00a0\u00bbbottom_center\u00a0\u00bb background_vertical_offset=\u00a0\u00bb24%\u00a0\u00bb global_colors_info=\u00a0\u00bb{}\u00a0\u00bb custom_css_main_element_last_edited=\u00a0\u00bbon|phone\u00a0\u00bb custom_css_main_element_phone=\u00a0\u00bborder:1;\u00a0\u00bb][et_pb_divider show_divider=\u00a0\u00bboff\u00a0\u00bb _builder_version=\u00a0\u00bb4.21.0&Prime; _module_preset=\u00a0\u00bbdefault\u00a0\u00bb custom_padding=\u00a0\u00bb247px||247px||true|false\u00a0\u00bb custom_padding_tablet=\u00a0\u00bb319px||319px||true|false\u00a0\u00bb custom_padding_phone=\u00a0\u00bb143px||143px||true|false\u00a0\u00bb custom_padding_last_edited=\u00a0\u00bbon|phone\u00a0\u00bb locked=\u00a0\u00bboff\u00a0\u00bb global_colors_info=\u00a0\u00bb{}\u00a0\u00bb][\/et_pb_divider][\/et_pb_column][\/et_pb_row][et_pb_row make_equal=\u00a0\u00bbon\u00a0\u00bb _builder_version=\u00a0\u00bb4.21.0&Prime; _module_preset=\u00a0\u00bbdefault\u00a0\u00bb max_width=\u00a0\u00bb1280px\u00a0\u00bb custom_margin=\u00a0\u00bb||0px||false|false\u00a0\u00bb custom_padding=\u00a0\u00bb0px||0px|||\u00a0\u00bb custom_css_main_element=\u00a0\u00bbalign-items:center;\u00a0\u00bb locked=\u00a0\u00bboff\u00a0\u00bb global_colors_info=\u00a0\u00bb{}\u00a0\u00bb][et_pb_column type=\u00a0\u00bb4_4&Prime; _builder_version=\u00a0\u00bb4.21.0&Prime; _module_preset=\u00a0\u00bbdefault\u00a0\u00bb custom_padding=\u00a0\u00bb78px|71px||71px|false|true\u00a0\u00bb custom_padding_tablet=\u00a0\u00bb78px|71px||71px|false|true\u00a0\u00bb custom_padding_phone=\u00a0\u00bb|4px||4px|false|true\u00a0\u00bb custom_padding_last_edited=\u00a0\u00bbon|phone\u00a0\u00bb global_colors_info=\u00a0\u00bb{}\u00a0\u00bb][et_pb_text _builder_version=\u00a0\u00bb4.21.0&Prime; _module_preset=\u00a0\u00bbdefault\u00a0\u00bb text_font=\u00a0\u00bb|300|||||||\u00a0\u00bb text_font_size=\u00a0\u00bb16px\u00a0\u00bb header_2_text_align=\u00a0\u00bbcenter\u00a0\u00bb locked=\u00a0\u00bboff\u00a0\u00bb global_colors_info=\u00a0\u00bb{}\u00a0\u00bb]<\/p>\n<h2>A PROPOS DE L&rsquo;H\u00d4TEL LES BAINS PARIS<\/h2>\n<p>[\/et_pb_text][et_pb_image src=\u00a0\u00bbhttps:\/\/lesbainsguerbois.com\/wp-content\/uploads\/2021\/04\/Bacchus_Simplified_300dpi_4x4cm.jpg\u00a0\u00bb title_text=\u00a0\u00bbBacchus_Simplified_300dpi_4x4cm\u00a0\u00bb align=\u00a0\u00bbcenter\u00a0\u00bb _builder_version=\u00a0\u00bb4.21.0&Prime; _module_preset=\u00a0\u00bbdefault\u00a0\u00bb width=\u00a0\u00bb10%\u00a0\u00bb width_tablet=\u00a0\u00bb10%\u00a0\u00bb width_phone=\u00a0\u00bb60%\u00a0\u00bb width_last_edited=\u00a0\u00bbon|phone\u00a0\u00bb global_colors_info=\u00a0\u00bb{}\u00a0\u00bb][\/et_pb_image][et_pb_text _builder_version=\u00a0\u00bb4.21.0&Prime; _module_preset=\u00a0\u00bbdefault\u00a0\u00bb text_font=\u00a0\u00bb|300|||||||\u00a0\u00bb text_font_size=\u00a0\u00bb16px\u00a0\u00bb header_2_text_align=\u00a0\u00bbcenter\u00a0\u00bb text_orientation=\u00a0\u00bbcenter\u00a0\u00bb locked=\u00a0\u00bboff\u00a0\u00bb global_colors_info=\u00a0\u00bb{}\u00a0\u00bb]<\/p>\n<p>Les Bains ne dorment jamais. Haut-lieu d\u2019exp\u00e9riences \u00e0 vivre le jour comme la nuit, Les Bains incarnent la quintessence de Paris. H\u00f4tel 5 \u00e9toiles, Spa, sc\u00e8ne avant-gardiste, club mythique, n\u00e9o- brasserie parisienne, bar l\u00e9gendaire et enfin concept store, Les Bains proposent un cadre de vie vibrant et connect\u00e9 pour un art de vivre tr\u00e8s parisien. Les Bains sont depuis mars 2015 un lieu d\u2019\u00e9mulation sociale, artistique et culturelle, nourri par la vision du propri\u00e9taire des lieux Jean-Pierre Marois.<\/p>\n<p>[\/et_pb_text][et_pb_text _builder_version=\u00a0\u00bb4.21.0&Prime; _module_preset=\u00a0\u00bbdefault\u00a0\u00bb text_font=\u00a0\u00bb|300|||||||\u00a0\u00bb text_font_size=\u00a0\u00bb16px\u00a0\u00bb header_2_text_align=\u00a0\u00bbcenter\u00a0\u00bb text_orientation=\u00a0\u00bbcenter\u00a0\u00bb locked=\u00a0\u00bboff\u00a0\u00bb global_colors_info=\u00a0\u00bb{}\u00a0\u00bb]<\/p>\n<h2>VOUS SOUHAITEZ R\u00c9SERVER UN SOIN ?<\/h2>\n<p>[\/et_pb_text][\/et_pb_column][\/et_pb_row][et_pb_row column_structure=\u00a0\u00bb1_4,1_4,1_4,1_4&Prime; use_custom_gutter=\u00a0\u00bbon\u00a0\u00bb gutter_width=\u00a0\u00bb2&Prime; _builder_version=\u00a0\u00bb4.21.0&Prime; _module_preset=\u00a0\u00bbdefault\u00a0\u00bb global_colors_info=\u00a0\u00bb{}\u00a0\u00bb][et_pb_column type=\u00a0\u00bb1_4&Prime; _builder_version=\u00a0\u00bb4.21.0&Prime; _module_preset=\u00a0\u00bbdefault\u00a0\u00bb global_colors_info=\u00a0\u00bb{}\u00a0\u00bb][\/et_pb_column][et_pb_column type=\u00a0\u00bb1_4&Prime; _builder_version=\u00a0\u00bb4.21.0&Prime; _module_preset=\u00a0\u00bbdefault\u00a0\u00bb global_colors_info=\u00a0\u00bb{}\u00a0\u00bb][et_pb_button button_url=\u00a0\u00bbtel:0142770707&Prime; button_text=\u00a0\u00bb+33 (0)1 42 77 07 07&Prime; button_alignment=\u00a0\u00bbcenter\u00a0\u00bb _builder_version=\u00a0\u00bb4.21.0&Prime; _module_preset=\u00a0\u00bbdefault\u00a0\u00bb custom_button=\u00a0\u00bbon\u00a0\u00bb button_icon=\u00a0\u00bb&#xf879;||fa||900&Prime; button_icon_color=\u00a0\u00bb#FFFFFF\u00a0\u00bb button_icon_placement=\u00a0\u00bbleft\u00a0\u00bb button_on_hover=\u00a0\u00bboff\u00a0\u00bb global_colors_info=\u00a0\u00bb{}\u00a0\u00bb][\/et_pb_button][\/et_pb_column][et_pb_column type=\u00a0\u00bb1_4&Prime; _builder_version=\u00a0\u00bb4.21.0&Prime; _module_preset=\u00a0\u00bbdefault\u00a0\u00bb global_colors_info=\u00a0\u00bb{}\u00a0\u00bb][et_pb_button button_url=\u00a0\u00bbmailto:spa@lesbains-paris.com\u00a0\u00bb button_text=\u00a0\u00bbspa@lesbains-paris.com\u00a0\u00bb button_alignment=\u00a0\u00bbcenter\u00a0\u00bb _builder_version=\u00a0\u00bb4.21.0&Prime; _module_preset=\u00a0\u00bbdefault\u00a0\u00bb custom_button=\u00a0\u00bbon\u00a0\u00bb button_icon=\u00a0\u00bb&#xf2b6;||fa||400&Prime; button_icon_color=\u00a0\u00bb#FFFFFF\u00a0\u00bb button_icon_placement=\u00a0\u00bbleft\u00a0\u00bb button_on_hover=\u00a0\u00bboff\u00a0\u00bb global_colors_info=\u00a0\u00bb{}\u00a0\u00bb][\/et_pb_button][\/et_pb_column][et_pb_column type=\u00a0\u00bb1_4&Prime; _builder_version=\u00a0\u00bb4.21.0&Prime; _module_preset=\u00a0\u00bbdefault\u00a0\u00bb global_colors_info=\u00a0\u00bb{}\u00a0\u00bb][\/et_pb_column][\/et_pb_row][\/et_pb_section]<\/p>\n","protected":false},"excerpt":{"rendered":"<p>SPA LES BAINS GUERBOIS x HOTEL LES BAINS PARISHistoire La Maison \u201cLes Bains Guerbois\u201d, Spa r\u00e9put\u00e9 du XIXe si\u00e8cle et premi\u00e8re incarnation du c\u00e9l\u00e8bre \u00e9tablissement de nuit \u201cLes Bains Douches\u201d puis de l\u2019h\u00f4tel Les Bains, renait enfin au XXI\u00e8me si\u00e8cle. Elle honore \u00e0 nouveau son h\u00e9ritage de temple parisien du bien-\u00eatre et de la beaut\u00e9.LE [&hellip;]<\/p>\n","protected":false},"author":1,"featured_media":242153,"parent":0,"menu_order":0,"comment_status":"closed","ping_status":"closed","template":"","meta":{"_acf_changed":false,"_et_pb_use_builder":"on","_et_pb_old_content":"<!-- wp:divi\/placeholder \/-->","_et_gb_content_width":"","footnotes":""},"difl_page_category":[],"class_list":["post-93736","page","type-page","status-publish","has-post-thumbnail","hentry"],"acf":[],"_links":{"self":[{"href":"https:\/\/lesbainsguerbois.com\/it\/wp-json\/wp\/v2\/pages\/93736","targetHints":{"allow":["GET"]}}],"collection":[{"href":"https:\/\/lesbainsguerbois.com\/it\/wp-json\/wp\/v2\/pages"}],"about":[{"href":"https:\/\/lesbainsguerbois.com\/it\/wp-json\/wp\/v2\/types\/page"}],"author":[{"embeddable":true,"href":"https:\/\/lesbainsguerbois.com\/it\/wp-json\/wp\/v2\/users\/1"}],"replies":[{"embeddable":true,"href":"https:\/\/lesbainsguerbois.com\/it\/wp-json\/wp\/v2\/comments?post=93736"}],"version-history":[{"count":0,"href":"https:\/\/lesbainsguerbois.com\/it\/wp-json\/wp\/v2\/pages\/93736\/revisions"}],"wp:featuredmedia":[{"embeddable":true,"href":"https:\/\/lesbainsguerbois.com\/it\/wp-json\/wp\/v2\/media\/242153"}],"wp:attachment":[{"href":"https:\/\/lesbainsguerbois.com\/it\/wp-json\/wp\/v2\/media?parent=93736"}],"wp:term":[{"taxonomy":"difl_page_category","embeddable":true,"href":"https:\/\/lesbainsguerbois.com\/it\/wp-json\/wp\/v2\/difl_page_category?post=93736"}],"curies":[{"name":"wp","href":"https:\/\/api.w.org\/{rel}","templated":true}]}}