{"id":74,"date":"2022-02-11T00:58:16","date_gmt":"2022-02-10T23:58:16","guid":{"rendered":"https:\/\/lesbainsguerbois.com\/?post_type=product&#038;p=74"},"modified":"2026-05-01T08:53:19","modified_gmt":"2026-05-01T06:53:19","slug":"1992-purple-night","status":"publish","type":"product","link":"https:\/\/lesbainsguerbois.com\/es\/produit\/1992-purple-night\/","title":{"rendered":"1992 PURPLE NIGHT"},"content":{"rendered":"<p>Llega en limusina. Los rumores le han precedido. Multitud fuera, multitud dentro. Cena y luego desciende al club, dejando una fuerte estela de perfume embriagador. Nardo, pachul\u00ed y mandarina. Sube al escenario. Anunciado pero no garantizado. Un acto gratuito. Por placer. Para el club. Para los que est\u00e1n all\u00ed. Para \u00e9l, si le apetece. \u00a1Un concierto! Magia total. Una lluvia de sonidos, colores y olores. \u00bfCu\u00e1ntos artistas, cu\u00e1ntos momentos \u00e1lgidos, vividos, so\u00f1ados, ese a\u00f1o en el Bains?<\/p>","protected":false},"excerpt":{"rendered":"<p>Llega en limusina. Los rumores le han precedido. Multitud fuera, multitud dentro. Cena y luego desciende al club, dejando una fuerte estela de perfume embriagador. Nardo, pachul\u00ed y mandarina. Sube al escenario. Anunciado pero no garantizado. Un acto gratuito. Por placer. Para el club. Para los que est\u00e1n all\u00ed. Para \u00e9l, si le apetece. \u00a1Un concierto! Magia total. Una lluvia de sonidos, colores y olores. \u00bfCu\u00e1ntos artistas, cu\u00e1ntos momentos \u00e1lgidos, vividos, so\u00f1ados, ese a\u00f1o en el Bains?<\/p>\n<p>Perfumista: Dominique Ropion<\/p>\n<p>Notas de salida: mandarina de Calabria<br \/>\nNotes de coeur : Tub\u00e9reuse d&rsquo;Inde, Jasmin d&rsquo;Egypte<br \/>\nNotes de fond : Accord Tabac, Accord Daim, Patchouli d&rsquo;Indon\u00e9sie<\/p>","protected":false},"featured_media":245588,"comment_status":"closed","ping_status":"closed","template":"","meta":{"_acf_changed":false,"_et_pb_use_builder":"","_et_pb_old_content":"","_et_gb_content_width":""},"product_brand":[],"product_cat":[207,289],"product_tag":[74,75,76,53,292,69,33,80,81,100,82,144,145,293,147],"class_list":{"0":"post-74","1":"product","2":"type-product","3":"status-publish","4":"has-post-thumbnail","6":"product_cat-collection-une-date-une-histoire","7":"product_cat-nos-incontournables","8":"product_tag-1992-purple-night","9":"product_tag-dominique-ropion","10":"product_tag-eau-de-parfum-dominique-ropion","11":"product_tag-eau-de-parfum-les-bains-guerbois","12":"product_tag-floral-ambre","13":"product_tag-fragrance","14":"product_tag-les-bains-paris","15":"product_tag-made-in-france","16":"product_tag-made-in-paris","17":"product_tag-niche-perfume","18":"product_tag-nouveaute","19":"product_tag-parisian-perfume","20":"product_tag-perfume-les-bains-guerbois","21":"product_tag-prince-fragrance","22":"product_tag-rare-fragrance","24":"first","25":"instock","26":"featured","27":"taxable","28":"shipping-taxable","29":"purchasable","30":"product-type-variable","31":"has-default-attributes"},"bundled_by":["247363","247541","247582","247603"],"bundle_stock_status":"instock","bundle_stock_quantity":96,"bundle_virtual":false,"bundle_layout":"","bundle_add_to_cart_form_location":"","bundle_editable_in_cart":false,"bundle_sold_individually_context":"","bundle_item_grouping":"","bundle_min_size":"","bundle_max_size":"","bundle_price":[],"bundled_items":[],"bundle_sell_ids":[],"acf":[],"_links":{"self":[{"href":"https:\/\/lesbainsguerbois.com\/es\/wp-json\/wp\/v2\/product\/74","targetHints":{"allow":["GET"]}}],"collection":[{"href":"https:\/\/lesbainsguerbois.com\/es\/wp-json\/wp\/v2\/product"}],"about":[{"href":"https:\/\/lesbainsguerbois.com\/es\/wp-json\/wp\/v2\/types\/product"}],"replies":[{"embeddable":true,"href":"https:\/\/lesbainsguerbois.com\/es\/wp-json\/wp\/v2\/comments?post=74"}],"wp:featuredmedia":[{"embeddable":true,"href":"https:\/\/lesbainsguerbois.com\/es\/wp-json\/wp\/v2\/media\/245588"}],"wp:attachment":[{"href":"https:\/\/lesbainsguerbois.com\/es\/wp-json\/wp\/v2\/media?parent=74"}],"wp:term":[{"taxonomy":"product_brand","embeddable":true,"href":"https:\/\/lesbainsguerbois.com\/es\/wp-json\/wp\/v2\/product_brand?post=74"},{"taxonomy":"product_cat","embeddable":true,"href":"https:\/\/lesbainsguerbois.com\/es\/wp-json\/wp\/v2\/product_cat?post=74"},{"taxonomy":"product_tag","embeddable":true,"href":"https:\/\/lesbainsguerbois.com\/es\/wp-json\/wp\/v2\/product_tag?post=74"}],"curies":[{"name":"wp","href":"https:\/\/api.w.org\/{rel}","templated":true}]}}