{"id":73,"date":"2022-02-11T00:58:15","date_gmt":"2022-02-10T23:58:15","guid":{"rendered":"https:\/\/lesbainsguerbois.com\/?post_type=product&#038;p=73"},"modified":"2026-04-23T23:58:06","modified_gmt":"2026-04-23T21:58:06","slug":"2018-roxo-tonic","status":"publish","type":"product","link":"https:\/\/lesbainsguerbois.com\/es\/produit\/2018-roxo-tonic\/","title":{"rendered":"2018 ROXO TONIC"},"content":{"rendered":"<p>Roxo es una fiesta. Un lugar. Un color. Materiales: cuero, laca, madera, lava esmaltada. Formas org\u00e1nicas. El d\u00eda se encuentra con la noche, la luz con la oscuridad. Encuentros de todo tipo. La embriaguez del lugar, la embriaguez de un c\u00f3ctel. Roxo Tonic. Bergamota, jengibre y genciana. Una fragancia de influencias. Un momento de alegr\u00eda y deseo, un esp\u00edritu libre, totalmente libre y chispeante.<\/p>","protected":false},"excerpt":{"rendered":"<p>Roxo es una fiesta. Un lugar. Un color. Materiales: cuero, laca, madera, lava esmaltada. Formas org\u00e1nicas. El d\u00eda se encuentra con la noche, la luz con la oscuridad. Encuentros de todo tipo. La embriaguez del lugar, la embriaguez de un c\u00f3ctel. Roxo Tonic. Bergamota, jengibre y genciana. Una fragancia de influencias. Un momento de alegr\u00eda y deseo, un esp\u00edritu libre, totalmente libre y chispeante.<\/p>\n<p>Perfumista: Fanny Bal<\/p>\n<p>Notas de salida: bergamota, lim\u00f3n, jengibre de Madagascar<br \/>\nNotas de coraz\u00f3n: genciana de Francia, neroli de T\u00fanez, acorde de t\u00e9<br \/>\nNotes de Fond : V\u00e9tiver d&rsquo;Ha\u00efti, Ambroxan, Musc<\/p>","protected":false},"featured_media":245598,"comment_status":"closed","ping_status":"closed","template":"","meta":{"_acf_changed":false,"_et_pb_use_builder":"","_et_pb_old_content":"","_et_gb_content_width":""},"product_brand":[],"product_cat":[207],"product_tag":[122,246,69,123,144,145,146,147],"class_list":{"0":"post-73","1":"product","2":"type-product","3":"status-publish","4":"has-post-thumbnail","6":"product_cat-collection-une-date-une-histoire","7":"product_tag-2018-roxo-tonic","8":"product_tag-fanny-bal","9":"product_tag-fragrance","10":"product_tag-fragrance-les-bains-guerbois","11":"product_tag-parisian-perfume","12":"product_tag-perfume-les-bains-guerbois","13":"product_tag-perfume-water","14":"product_tag-rare-fragrance","16":"first","17":"instock","18":"taxable","19":"shipping-taxable","20":"purchasable","21":"product-type-variable","22":"has-default-attributes"},"bundled_by":["247363","247541","247582","247603"],"bundle_stock_status":"instock","bundle_stock_quantity":100,"bundle_virtual":false,"bundle_layout":"","bundle_add_to_cart_form_location":"","bundle_editable_in_cart":false,"bundle_sold_individually_context":"","bundle_item_grouping":"","bundle_min_size":"","bundle_max_size":"","bundle_price":[],"bundled_items":[],"bundle_sell_ids":[],"acf":[],"_links":{"self":[{"href":"https:\/\/lesbainsguerbois.com\/es\/wp-json\/wp\/v2\/product\/73","targetHints":{"allow":["GET"]}}],"collection":[{"href":"https:\/\/lesbainsguerbois.com\/es\/wp-json\/wp\/v2\/product"}],"about":[{"href":"https:\/\/lesbainsguerbois.com\/es\/wp-json\/wp\/v2\/types\/product"}],"replies":[{"embeddable":true,"href":"https:\/\/lesbainsguerbois.com\/es\/wp-json\/wp\/v2\/comments?post=73"}],"wp:featuredmedia":[{"embeddable":true,"href":"https:\/\/lesbainsguerbois.com\/es\/wp-json\/wp\/v2\/media\/245598"}],"wp:attachment":[{"href":"https:\/\/lesbainsguerbois.com\/es\/wp-json\/wp\/v2\/media?parent=73"}],"wp:term":[{"taxonomy":"product_brand","embeddable":true,"href":"https:\/\/lesbainsguerbois.com\/es\/wp-json\/wp\/v2\/product_brand?post=73"},{"taxonomy":"product_cat","embeddable":true,"href":"https:\/\/lesbainsguerbois.com\/es\/wp-json\/wp\/v2\/product_cat?post=73"},{"taxonomy":"product_tag","embeddable":true,"href":"https:\/\/lesbainsguerbois.com\/es\/wp-json\/wp\/v2\/product_tag?post=73"}],"curies":[{"name":"wp","href":"https:\/\/api.w.org\/{rel}","templated":true}]}}