{"id":31,"date":"2022-02-11T00:57:45","date_gmt":"2022-02-10T23:57:45","guid":{"rendered":"https:\/\/lesbainsguerbois.com\/?post_type=product&#038;p=31"},"modified":"2026-02-08T13:26:49","modified_gmt":"2026-02-08T12:26:49","slug":"bougie-parfumee-atmosphere","status":"publish","type":"product","link":"https:\/\/lesbainsguerbois.com\/es\/produit\/bougie-parfumee-atmosphere\/","title":{"rendered":"VELA AROM\u00c1TICA ATMOSPH\u00c8RE"},"content":{"rendered":"<p>Libertinaje olfativo.<br \/>\nDoroth\u00e9e Piot reinterpreta el sensual esp\u00edritu de este local parisino de culto a trav\u00e9s de los tiempos, mezclando la tradici\u00f3n secular con la sofisticaci\u00f3n parisina.<\/p>\n<p>Bote de cristal serigrafiado - Duraci\u00f3n: de 55 a 60 horas.<\/p>\n<div class=\"\"><\/div>","protected":false},"excerpt":{"rendered":"<p>Libertinaje olfativo.\r\nDoroth\u00e9e Piot reinterpreta el esp\u00edritu sensual del local parisino de culto a trav\u00e9s de los tiempos, mezclando la tradici\u00f3n milenaria con la sofisticaci\u00f3n parisina.\r\n\r\nTarro de cristal serigrafiado - Duraci\u00f3n: de 55 a 60 horas.<\/p>","protected":false},"featured_media":245617,"comment_status":"closed","ping_status":"closed","template":"","meta":{"_acf_changed":false,"_et_pb_use_builder":"","_et_pb_old_content":"","_et_gb_content_width":""},"product_brand":[],"product_cat":[208],"product_tag":[21,22,23,24,25,26,27,30,31,33],"class_list":{"0":"post-31","1":"product","2":"type-product","3":"status-publish","4":"has-post-thumbnail","6":"product_cat-bougies","7":"product_tag-bacchus","8":"product_tag-bougie","9":"product_tag-bougie-blanche","10":"product_tag-bougie-les-bains","11":"product_tag-bougie-les-bains-guerbois","12":"product_tag-bougie-parfumee","13":"product_tag-bougie-parfumee-atmosphere","14":"product_tag-la-boutique-les-bains","15":"product_tag-les-bains","16":"product_tag-les-bains-paris","18":"first","19":"instock","20":"taxable","21":"shipping-taxable","22":"purchasable","23":"product-type-simple"},"bundled_by":[],"bundle_stock_status":"instock","bundle_stock_quantity":99,"bundle_virtual":false,"bundle_layout":"","bundle_add_to_cart_form_location":"","bundle_editable_in_cart":false,"bundle_sold_individually_context":"","bundle_item_grouping":"","bundle_min_size":"","bundle_max_size":"","bundle_price":[],"bundled_items":[],"bundle_sell_ids":[],"acf":[],"_links":{"self":[{"href":"https:\/\/lesbainsguerbois.com\/es\/wp-json\/wp\/v2\/product\/31","targetHints":{"allow":["GET"]}}],"collection":[{"href":"https:\/\/lesbainsguerbois.com\/es\/wp-json\/wp\/v2\/product"}],"about":[{"href":"https:\/\/lesbainsguerbois.com\/es\/wp-json\/wp\/v2\/types\/product"}],"replies":[{"embeddable":true,"href":"https:\/\/lesbainsguerbois.com\/es\/wp-json\/wp\/v2\/comments?post=31"}],"wp:featuredmedia":[{"embeddable":true,"href":"https:\/\/lesbainsguerbois.com\/es\/wp-json\/wp\/v2\/media\/245617"}],"wp:attachment":[{"href":"https:\/\/lesbainsguerbois.com\/es\/wp-json\/wp\/v2\/media?parent=31"}],"wp:term":[{"taxonomy":"product_brand","embeddable":true,"href":"https:\/\/lesbainsguerbois.com\/es\/wp-json\/wp\/v2\/product_brand?post=31"},{"taxonomy":"product_cat","embeddable":true,"href":"https:\/\/lesbainsguerbois.com\/es\/wp-json\/wp\/v2\/product_cat?post=31"},{"taxonomy":"product_tag","embeddable":true,"href":"https:\/\/lesbainsguerbois.com\/es\/wp-json\/wp\/v2\/product_tag?post=31"}],"curies":[{"name":"wp","href":"https:\/\/api.w.org\/{rel}","templated":true}]}}