{"id":95848,"date":"2023-05-23T11:41:32","date_gmt":"2023-05-23T09:41:32","guid":{"rendered":"https:\/\/bains.lestudio404dev.fr\/?page_id=95848"},"modified":"2026-02-12T14:14:55","modified_gmt":"2026-02-12T13:14:55","slug":"bertrand-duchaufour","status":"publish","type":"page","link":"https:\/\/lesbainsguerbois.com\/es\/bertrand-duchaufour\/","title":{"rendered":"Bertrand Duchaufour"},"content":{"rendered":"<p>[et_pb_section fb_built=\u00a0\u00bb1&Prime; make_equal=\u00a0\u00bbon\u00a0\u00bb use_custom_gutter=\u00a0\u00bbon\u00a0\u00bb gutter_width=\u00a0\u00bb4&Prime; specialty=\u00a0\u00bbon\u00a0\u00bb padding_top_1=\u00a0\u00bb0px\u00a0\u00bb padding_bottom_1=\u00a0\u00bb0px\u00a0\u00bb padding_top_bottom_link_1=\u00a0\u00bbfalse\u00a0\u00bb padding_left_right_link_1=\u00a0\u00bbfalse\u00a0\u00bb _builder_version=\u00a0\u00bb4.22.1&Prime; _module_preset=\u00a0\u00bbdefault\u00a0\u00bb width=\u00a0\u00bb100%\u00a0\u00bb max_width=\u00a0\u00bb100%\u00a0\u00bb inner_width=\u00a0\u00bb100%\u00a0\u00bb inner_max_width=\u00a0\u00bb100%\u00a0\u00bb custom_margin=\u00a0\u00bb0px||0px||false|false\u00a0\u00bb custom_padding=\u00a0\u00bb0px||0px||false|false\u00a0\u00bb global_colors_info=\u00a0\u00bb{}\u00a0\u00bb][et_pb_column type=\u00a0\u00bb1_2&Prime; _builder_version=\u00a0\u00bb4.16&Prime; custom_padding=\u00a0\u00bb|||\u00a0\u00bb global_colors_info=\u00a0\u00bb{}\u00a0\u00bb custom_padding__hover=\u00a0\u00bb|||\u00a0\u00bb][et_pb_image src=\u00a0\u00bbhttps:\/\/lesbainsguerbois.com\/wp-content\/uploads\/2023\/05\/Bertrand-Duchaufour.jpg\u00a0\u00bb title_text=\u00a0\u00bbBertrand-Duchaufour\u00a0\u00bb _builder_version=\u00a0\u00bb4.21.0&Prime; _module_preset=\u00a0\u00bbdefault\u00a0\u00bb sticky_position=\u00a0\u00bbtop\u00a0\u00bb sticky_limit_bottom=\u00a0\u00bbbody\u00a0\u00bb sticky_position_tablet=\u00a0\u00bbtop\u00a0\u00bb sticky_position_phone=\u00a0\u00bbnone\u00a0\u00bb sticky_position_last_edited=\u00a0\u00bbon|phone\u00a0\u00bb locked=\u00a0\u00bboff\u00a0\u00bb global_colors_info=\u00a0\u00bb{}\u00a0\u00bb][\/et_pb_image][\/et_pb_column][et_pb_column type=\u00a0\u00bb1_2&Prime; specialty_columns=\u00a0\u00bb2&Prime; _builder_version=\u00a0\u00bb4.16&Prime; custom_padding=\u00a0\u00bb|||\u00a0\u00bb global_colors_info=\u00a0\u00bb{}\u00a0\u00bb custom_padding__hover=\u00a0\u00bb|||\u00a0\u00bb][et_pb_row_inner _builder_version=\u00a0\u00bb4.21.0&Prime; _module_preset=\u00a0\u00bbdefault\u00a0\u00bb custom_margin=\u00a0\u00bb||||false|false\u00a0\u00bb global_colors_info=\u00a0\u00bb{}\u00a0\u00bb][et_pb_column_inner saved_specialty_column_type=\u00a0\u00bb1_2&Prime; _builder_version=\u00a0\u00bb4.21.0&Prime; _module_preset=\u00a0\u00bbdefault\u00a0\u00bb custom_padding=\u00a0\u00bb20%||||false|false\u00a0\u00bb global_colors_info=\u00a0\u00bb{}\u00a0\u00bb][et_pb_text _builder_version=\u00a0\u00bb4.27.5&Prime; _module_preset=\u00a0\u00bbdefault\u00a0\u00bb text_font=\u00a0\u00bb|300|||||||\u00a0\u00bb text_font_size=\u00a0\u00bb15px\u00a0\u00bb header_font_size=\u00a0\u00bb3rem\u00a0\u00bb text_orientation=\u00a0\u00bbjustified\u00a0\u00bb width=\u00a0\u00bb90%\u00a0\u00bb width_tablet=\u00a0\u00bb60%\u00a0\u00bb width_phone=\u00a0\u00bb90%\u00a0\u00bb width_last_edited=\u00a0\u00bbon|phone\u00a0\u00bb custom_margin=\u00a0\u00bb||49px|||\u00a0\u00bb hover_enabled=\u00a0\u00bb0&Prime; module_alignment_tablet=\u00a0\u00bb\u00a0\u00bb module_alignment_phone=\u00a0\u00bbcenter\u00a0\u00bb module_alignment_last_edited=\u00a0\u00bbon|phone\u00a0\u00bb locked=\u00a0\u00bboff\u00a0\u00bb global_colors_info=\u00a0\u00bb{}\u00a0\u00bb sticky_enabled=\u00a0\u00bb0&Prime;]<\/p>\n<h1>BERTRAND DUCHAUFOUR<\/h1>\n<p>Cr\u00e9ateur des Eaux de Parfum \u00ab 1978 Les Bains Douches \u00bb et \u00ab 1986 \u00c9clectique \u00bb.<\/p>\n<p>Bertrand Duchaufour a le temp\u00e9rament d\u2019un artiste multifacette. Il aime les contrastes, les mati\u00e8res, les angles. Il peut faire vibrer un encens, tendre une \u00e9pice, donner du grain \u00e0 une r\u00e9sine, puis tout all\u00e9ger d\u2019un geste. Son style est riche et textur\u00e9, mais jamais confus, il tient la structure comme on tient une ligne.<\/p>\n<p>Notre collaboration avec Bertrand Duchaufour est l\u00e9gitime. Il a connu Les Bains Douches de l\u2019int\u00e9rieur, en fr\u00e9quentant notre \u00e9tablissement \u00e0 la fin des ann\u00e9es 80 puis dans les ann\u00e9es 90. Il en a saisi l\u2019\u00e9nergie, les contrastes, la libert\u00e9. Cette m\u00e9moire v\u00e9cue donne \u00e0 ses compositions une justesse rare, comme un \u00e9cho direct \u00e0 l\u2019esprit du lieu.<\/p>\n<p>Pour Les Bains Guerbois, il signe deux cr\u00e9ations \u00e0 l\u2019identit\u00e9 imm\u00e9diate. 1978 Les Bains Douches capte l\u2019effervescence des nuits parisiennes. 1986 Eclectique est un hommage aux parfums des ann\u00e9es 80 et \u00e0 Marie Line, la c\u00e9l\u00e8bre physio de l\u2019\u00e9poque, d\u00e9crite comme une main de fer dans un gant de velours.<\/p>\n<p>Il commence sa carri\u00e8re en 1985 chez Lautier Florasynth, \u00e0 Grasse puis \u00e0 Paris, et travaille notamment aux c\u00f4t\u00e9s de Jean Louis Sieuzac, Michel Almairac et Dominique Ropion. Il poursuit ensuite en parfumerie fine chez Cr\u00e9ations Aromatiques puis Symrise. En 2008, il devient parfumeur ind\u00e9pendant et s\u2019oriente vers la parfumerie de niche, l\u00e0 o\u00f9 il peut composer sans compromis et prendre des risques.<\/p>\n<p>Ses cr\u00e9ations mettent en avant des mati\u00e8res premi\u00e8res de haute qualit\u00e9. Il affectionne particuli\u00e8rement le davana, l\u2019iris, le oud, le patchouli et l\u2019osmanthus, des ingr\u00e9dients puissants, directs, qui lui permettent d\u2019obtenir du relief et de la tension, avec une pr\u00e9sence imm\u00e9diate sur la peau.<\/p>\n<p>Parmi ses r\u00e9f\u00e9rences les plus cit\u00e9es, on retrouve Timbuktu, Dzongkha, Patchouli Patch ou M\u00e9chant Loup pour L\u2019Artisan Parfumeur, Avignon et Kyoto pour Comme des Gar\u00e7ons, ainsi que Jubilation XXV Man pour Amouage. Aujourd\u2019hui, il prolonge cette vision sous son propre nom avec L\u2019Entropiste, une maison o\u00f9 il explore une parfumerie de caract\u00e8re, libre, construite, sans effets faciles.<\/p>\n<p>[\/et_pb_text][et_pb_icon font_icon=\u00a0\u00bb&#x37;||divi||400&Prime; icon_width=\u00a0\u00bb46px\u00a0\u00bb url=\u00a0\u00bb#FB\u00a0\u00bb module_id=\u00a0\u00bbmon-icone\u00a0\u00bb _builder_version=\u00a0\u00bb4.21.0&Prime; _module_preset=\u00a0\u00bbdefault\u00a0\u00bb custom_margin=\u00a0\u00bb|40%|||false|false\u00a0\u00bb custom_margin_tablet=\u00a0\u00bb|30%|||false|false\u00a0\u00bb custom_margin_phone=\u00a0\u00bb|0%||0px|false|false\u00a0\u00bb custom_margin_last_edited=\u00a0\u00bbon|phone\u00a0\u00bb custom_padding=\u00a0\u00bb|0px||0px|false|false\u00a0\u00bb locked=\u00a0\u00bboff\u00a0\u00bb global_colors_info=\u00a0\u00bb{}\u00a0\u00bb][\/et_pb_icon][\/et_pb_column_inner][\/et_pb_row_inner][et_pb_row_inner _builder_version=\u00a0\u00bb4.21.0&Prime; _module_preset=\u00a0\u00bbdefault\u00a0\u00bb custom_padding=\u00a0\u00bb||0px|||\u00a0\u00bb global_colors_info=\u00a0\u00bb{}\u00a0\u00bb][et_pb_column_inner saved_specialty_column_type=\u00a0\u00bb1_2&Prime; _builder_version=\u00a0\u00bb4.21.0&Prime; _module_preset=\u00a0\u00bbdefault\u00a0\u00bb global_colors_info=\u00a0\u00bb{}\u00a0\u00bb][et_pb_text _builder_version=\u00a0\u00bb4.24.2&Prime; _module_preset=\u00a0\u00bbdefault\u00a0\u00bb header_2_font=\u00a0\u00bb|||on|||||\u00a0\u00bb header_2_text_align=\u00a0\u00bbcenter\u00a0\u00bb header_2_font_size=\u00a0\u00bb35px\u00a0\u00bb width=\u00a0\u00bb60%\u00a0\u00bb global_colors_info=\u00a0\u00bb{}\u00a0\u00bb]<\/p>\n<h2>Les cr\u00e9ations de Bertrand Duchaufour<\/h2>\n<p>[\/et_pb_text][\/et_pb_column_inner][\/et_pb_row_inner][et_pb_row_inner column_structure=\u00a0\u00bb1_3,1_3,1_3&Prime; use_custom_gutter=\u00a0\u00bbon\u00a0\u00bb gutter_width=\u00a0\u00bb1&Prime; make_equal=\u00a0\u00bbon\u00a0\u00bb module_id=\u00a0\u00bbFB\u00a0\u00bb _builder_version=\u00a0\u00bb4.21.0&Prime; _module_preset=\u00a0\u00bbdefault\u00a0\u00bb global_colors_info=\u00a0\u00bb{}\u00a0\u00bb][et_pb_column_inner type=\u00a0\u00bb1_3&Prime; saved_specialty_column_type=\u00a0\u00bb1_2&Prime; _builder_version=\u00a0\u00bb4.21.0&Prime; _module_preset=\u00a0\u00bbdefault\u00a0\u00bb global_colors_info=\u00a0\u00bb{}\u00a0\u00bb][et_pb_image src=\u00a0\u00bbhttps:\/\/lesbainsguerbois.com\/wp-content\/uploads\/2022\/02\/1978.jpg\u00a0\u00bb title_text=\u00a0\u00bb1978&Prime; url=\u00a0\u00bb\/produit\/1978-les-bains-douches\/\u00a0\u00bb _builder_version=\u00a0\u00bb4.21.0&Prime; _module_preset=\u00a0\u00bbdefault\u00a0\u00bb custom_margin=\u00a0\u00bb||||false|false\u00a0\u00bb global_colors_info=\u00a0\u00bb{}\u00a0\u00bb][\/et_pb_image][et_pb_text _builder_version=\u00a0\u00bb4.21.0&Prime; _module_preset=\u00a0\u00bbdefault\u00a0\u00bb header_font=\u00a0\u00bb|||on|||||\u00a0\u00bb header_text_align=\u00a0\u00bbcenter\u00a0\u00bb header_3_font=\u00a0\u00bbFutura medium|||on|||||\u00a0\u00bb header_3_text_align=\u00a0\u00bbcenter\u00a0\u00bb header_3_letter_spacing=\u00a0\u00bb1px\u00a0\u00bb global_colors_info=\u00a0\u00bb{}\u00a0\u00bb]<\/p>\n<h3>1978 Les bains douches<\/h3>\n<p>[\/et_pb_text][et_pb_text _builder_version=\u00a0\u00bb4.21.0&Prime; _module_preset=\u00a0\u00bbdefault\u00a0\u00bb text_font_size=\u00a0\u00bb13px\u00a0\u00bb header_font=\u00a0\u00bb|||on|||||\u00a0\u00bb header_text_align=\u00a0\u00bbcenter\u00a0\u00bb header_3_font=\u00a0\u00bb|||on|||||\u00a0\u00bb header_3_text_align=\u00a0\u00bbcenter\u00a0\u00bb text_orientation=\u00a0\u00bbcenter\u00a0\u00bb custom_margin=\u00a0\u00bb-8px||||false|false\u00a0\u00bb global_colors_info=\u00a0\u00bb{}\u00a0\u00bb]<\/p>\n<p>AMBR\u00c9 FLORAL<\/p>\n<p>[\/et_pb_text][et_pb_button button_url=\u00a0\u00bb\/produit\/1978-les-bains-douches\/\u00a0\u00bb button_text=\u00a0\u00bbD\u00e9couvrir\u00a0\u00bb button_alignment=\u00a0\u00bbcenter\u00a0\u00bb _builder_version=\u00a0\u00bb4.21.0&Prime; _module_preset=\u00a0\u00bbdefault\u00a0\u00bb custom_button=\u00a0\u00bbon\u00a0\u00bb button_text_size=\u00a0\u00bb12px\u00a0\u00bb custom_margin=\u00a0\u00bb8px||||false|false\u00a0\u00bb global_colors_info=\u00a0\u00bb{}\u00a0\u00bb][\/et_pb_button][\/et_pb_column_inner][et_pb_column_inner type=\u00a0\u00bb1_3&Prime; saved_specialty_column_type=\u00a0\u00bb1_2&Prime; module_id=\u00a0\u00bbFB\u00a0\u00bb _builder_version=\u00a0\u00bb4.21.0&Prime; _module_preset=\u00a0\u00bbdefault\u00a0\u00bb global_colors_info=\u00a0\u00bb{}\u00a0\u00bb][et_pb_image src=\u00a0\u00bbhttps:\/\/lesbainsguerbois.com\/wp-content\/uploads\/2022\/02\/1986.jpg\u00a0\u00bb title_text=\u00a0\u00bb1986&Prime; url=\u00a0\u00bb\/produit\/1986-eclectique\/\u00a0\u00bb _builder_version=\u00a0\u00bb4.21.0&Prime; _module_preset=\u00a0\u00bbdefault\u00a0\u00bb custom_margin=\u00a0\u00bb||||false|false\u00a0\u00bb global_colors_info=\u00a0\u00bb{}\u00a0\u00bb][\/et_pb_image][et_pb_text _builder_version=\u00a0\u00bb4.21.0&Prime; _module_preset=\u00a0\u00bbdefault\u00a0\u00bb header_font=\u00a0\u00bb|||on|||||\u00a0\u00bb header_text_align=\u00a0\u00bbcenter\u00a0\u00bb header_3_font=\u00a0\u00bbFutura medium|||on|||||\u00a0\u00bb header_3_text_align=\u00a0\u00bbcenter\u00a0\u00bb header_3_letter_spacing=\u00a0\u00bb1px\u00a0\u00bb locked=\u00a0\u00bboff\u00a0\u00bb global_colors_info=\u00a0\u00bb{}\u00a0\u00bb]<\/p>\n<h3>1986 \u00e9clectique<\/h3>\n<p>[\/et_pb_text][et_pb_text _builder_version=\u00a0\u00bb4.21.0&Prime; _module_preset=\u00a0\u00bbdefault\u00a0\u00bb text_font_size=\u00a0\u00bb13px\u00a0\u00bb header_font=\u00a0\u00bb|||on|||||\u00a0\u00bb header_text_align=\u00a0\u00bbcenter\u00a0\u00bb header_3_font=\u00a0\u00bb|||on|||||\u00a0\u00bb header_3_text_align=\u00a0\u00bbcenter\u00a0\u00bb text_orientation=\u00a0\u00bbcenter\u00a0\u00bb custom_margin=\u00a0\u00bb-8px||||false|false\u00a0\u00bb locked=\u00a0\u00bboff\u00a0\u00bb global_colors_info=\u00a0\u00bb{}\u00a0\u00bb]<\/p>\n<p>AMBRE \u00c9PIC\u00c9<\/p>\n<p>[\/et_pb_text][et_pb_button button_url=\u00a0\u00bb\/produit\/1986-eclectique\/\u00a0\u00bb button_text=\u00a0\u00bbD\u00e9couvrir\u00a0\u00bb button_alignment=\u00a0\u00bbcenter\u00a0\u00bb _builder_version=\u00a0\u00bb4.21.0&Prime; _module_preset=\u00a0\u00bbdefault\u00a0\u00bb custom_button=\u00a0\u00bbon\u00a0\u00bb button_text_size=\u00a0\u00bb12px\u00a0\u00bb custom_margin=\u00a0\u00bb8px||||false|false\u00a0\u00bb locked=\u00a0\u00bboff\u00a0\u00bb global_colors_info=\u00a0\u00bb{}\u00a0\u00bb][\/et_pb_button][\/et_pb_column_inner][et_pb_column_inner type=\u00a0\u00bb1_3&Prime; saved_specialty_column_type=\u00a0\u00bb1_2&Prime; module_id=\u00a0\u00bbFB\u00a0\u00bb _builder_version=\u00a0\u00bb4.21.0&Prime; _module_preset=\u00a0\u00bbdefault\u00a0\u00bb global_colors_info=\u00a0\u00bb{}\u00a0\u00bb][\/et_pb_column_inner][\/et_pb_row_inner][\/et_pb_column][\/et_pb_section]<\/p>\n","protected":false},"excerpt":{"rendered":"<p>BERTRAND DUCHAUFOUR Cr\u00e9ateur des Eaux de Parfum \u00ab 1978 Les Bains Douches \u00bb et \u00ab 1986 \u00c9clectique \u00bb. Bertrand Duchaufour a le temp\u00e9rament d\u2019un artiste multifacette. Il aime les contrastes, les mati\u00e8res, les angles. Il peut faire vibrer un encens, tendre une \u00e9pice, donner du grain \u00e0 une r\u00e9sine, puis tout all\u00e9ger d\u2019un geste. Son [&hellip;]<\/p>\n","protected":false},"author":1,"featured_media":95942,"parent":0,"menu_order":0,"comment_status":"closed","ping_status":"closed","template":"","meta":{"_acf_changed":false,"_et_pb_use_builder":"on","_et_pb_old_content":"<!-- wp:divi\/placeholder \/-->","_et_gb_content_width":"","footnotes":""},"difl_page_category":[],"class_list":["post-95848","page","type-page","status-publish","has-post-thumbnail","hentry"],"acf":[],"_links":{"self":[{"href":"https:\/\/lesbainsguerbois.com\/es\/wp-json\/wp\/v2\/pages\/95848","targetHints":{"allow":["GET"]}}],"collection":[{"href":"https:\/\/lesbainsguerbois.com\/es\/wp-json\/wp\/v2\/pages"}],"about":[{"href":"https:\/\/lesbainsguerbois.com\/es\/wp-json\/wp\/v2\/types\/page"}],"author":[{"embeddable":true,"href":"https:\/\/lesbainsguerbois.com\/es\/wp-json\/wp\/v2\/users\/1"}],"replies":[{"embeddable":true,"href":"https:\/\/lesbainsguerbois.com\/es\/wp-json\/wp\/v2\/comments?post=95848"}],"version-history":[{"count":0,"href":"https:\/\/lesbainsguerbois.com\/es\/wp-json\/wp\/v2\/pages\/95848\/revisions"}],"wp:featuredmedia":[{"embeddable":true,"href":"https:\/\/lesbainsguerbois.com\/es\/wp-json\/wp\/v2\/media\/95942"}],"wp:attachment":[{"href":"https:\/\/lesbainsguerbois.com\/es\/wp-json\/wp\/v2\/media?parent=95848"}],"wp:term":[{"taxonomy":"difl_page_category","embeddable":true,"href":"https:\/\/lesbainsguerbois.com\/es\/wp-json\/wp\/v2\/difl_page_category?post=95848"}],"curies":[{"name":"wp","href":"https:\/\/api.w.org\/{rel}","templated":true}]}}