{"id":322186,"date":"2026-04-09T09:38:00","date_gmt":"2026-04-09T07:38:00","guid":{"rendered":"https:\/\/lesbainsguerbois.com\/?page_id=322186"},"modified":"2026-04-09T09:38:00","modified_gmt":"2026-04-09T07:38:00","slug":"jean-claude-ellena","status":"publish","type":"page","link":"https:\/\/lesbainsguerbois.com\/es\/jean-claude-ellena\/","title":{"rendered":"Jean-Claude Ellena"},"content":{"rendered":"<p>[et_pb_section fb_built=\u00a0\u00bb1&Prime; make_equal=\u00a0\u00bbon\u00a0\u00bb use_custom_gutter=\u00a0\u00bbon\u00a0\u00bb gutter_width=\u00a0\u00bb4&Prime; specialty=\u00a0\u00bbon\u00a0\u00bb padding_top_1=\u00a0\u00bb0px\u00a0\u00bb padding_bottom_1=\u00a0\u00bb0px\u00a0\u00bb padding_top_bottom_link_1=\u00a0\u00bbfalse\u00a0\u00bb padding_left_right_link_1=\u00a0\u00bbfalse\u00a0\u00bb _builder_version=\u00a0\u00bb4.22.1&Prime; _module_preset=\u00a0\u00bbdefault\u00a0\u00bb width=\u00a0\u00bb100%\u00a0\u00bb max_width=\u00a0\u00bb100%\u00a0\u00bb inner_width=\u00a0\u00bb100%\u00a0\u00bb inner_max_width=\u00a0\u00bb100%\u00a0\u00bb custom_margin=\u00a0\u00bb0px||0px||false|false\u00a0\u00bb custom_padding=\u00a0\u00bb0px||0px||false|false\u00a0\u00bb global_colors_info=\u00a0\u00bb{}\u00a0\u00bb][et_pb_column type=\u00a0\u00bb1_2&Prime; _builder_version=\u00a0\u00bb4.16&Prime; custom_padding=\u00a0\u00bb|||\u00a0\u00bb global_colors_info=\u00a0\u00bb{}\u00a0\u00bb custom_padding__hover=\u00a0\u00bb|||\u00a0\u00bb][et_pb_image src=\u00a0\u00bbhttps:\/\/lesbainsguerbois.com\/wp-content\/uploads\/2026\/03\/portrait-jean-claude-ellena-guerbois-3.webp\u00a0\u00bb title_text=\u00a0\u00bbportrait-jean-claude-ellena-guerbois-3&Prime; src_tablet=\u00a0\u00bbhttps:\/\/lesbainsguerbois.com\/wp-content\/uploads\/2026\/02\/portrait-jean-claude-ellena-guerbois.webp\u00a0\u00bb src_phone=\u00a0\u00bbhttps:\/\/lesbainsguerbois.com\/wp-content\/uploads\/2026\/02\/portrait-jean-claude-ellena-guerbois.webp\u00a0\u00bb src_last_edited=\u00a0\u00bbon|desktop\u00a0\u00bb _builder_version=\u00a0\u00bb4.27.6&Prime; _module_preset=\u00a0\u00bbdefault\u00a0\u00bb sticky_position=\u00a0\u00bbtop\u00a0\u00bb sticky_limit_bottom=\u00a0\u00bbbody\u00a0\u00bb sticky_position_tablet=\u00a0\u00bbtop\u00a0\u00bb sticky_position_phone=\u00a0\u00bbnone\u00a0\u00bb sticky_position_last_edited=\u00a0\u00bbon|phone\u00a0\u00bb locked=\u00a0\u00bboff\u00a0\u00bb global_colors_info=\u00a0\u00bb{}\u00a0\u00bb][\/et_pb_image][\/et_pb_column][et_pb_column type=\u00a0\u00bb1_2&Prime; specialty_columns=\u00a0\u00bb2&Prime; _builder_version=\u00a0\u00bb4.16&Prime; custom_padding=\u00a0\u00bb|||\u00a0\u00bb global_colors_info=\u00a0\u00bb{}\u00a0\u00bb custom_padding__hover=\u00a0\u00bb|||\u00a0\u00bb][et_pb_row_inner _builder_version=\u00a0\u00bb4.21.0&Prime; _module_preset=\u00a0\u00bbdefault\u00a0\u00bb custom_margin=\u00a0\u00bb||||false|false\u00a0\u00bb global_colors_info=\u00a0\u00bb{}\u00a0\u00bb][et_pb_column_inner saved_specialty_column_type=\u00a0\u00bb1_2&Prime; _builder_version=\u00a0\u00bb4.21.0&Prime; _module_preset=\u00a0\u00bbdefault\u00a0\u00bb custom_padding=\u00a0\u00bb20%||||false|false\u00a0\u00bb global_colors_info=\u00a0\u00bb{}\u00a0\u00bb][et_pb_text _builder_version=\u00a0\u00bb4.27.5&Prime; _module_preset=\u00a0\u00bbdefault\u00a0\u00bb text_font=\u00a0\u00bb|300|||||||\u00a0\u00bb text_font_size=\u00a0\u00bb15px\u00a0\u00bb header_font_size=\u00a0\u00bb3rem\u00a0\u00bb text_orientation=\u00a0\u00bbjustified\u00a0\u00bb width=\u00a0\u00bb90%\u00a0\u00bb width_tablet=\u00a0\u00bb60%\u00a0\u00bb width_phone=\u00a0\u00bb90%\u00a0\u00bb width_last_edited=\u00a0\u00bbon|phone\u00a0\u00bb custom_margin=\u00a0\u00bb||49px|||\u00a0\u00bb module_alignment_tablet=\u00a0\u00bb\u00a0\u00bb module_alignment_phone=\u00a0\u00bbcenter\u00a0\u00bb module_alignment_last_edited=\u00a0\u00bbon|phone\u00a0\u00bb locked=\u00a0\u00bboff\u00a0\u00bb global_colors_info=\u00a0\u00bb{}\u00a0\u00bb]<\/p>\n<h1>JEAN-CLAUDE ELLENA<\/h1>\n<p>Cr\u00e9ateur de l\u2019Eau de Parfum \u00ab Rose Graffiti \u00bb.<\/p>\n<p>Jean Claude Ellena est l\u2019un des grands noms de la parfumerie fran\u00e7aise moderne. N\u00e9 \u00e0 Grasse, il s\u2019est impos\u00e9 par une signature reconnaissable entre toutes, une \u00e9criture nette, a\u00e9rienne, d\u2019une pr\u00e9cision presque calligraphique, o\u00f9 la lumi\u00e8re compte autant que la mati\u00e8re.<\/p>\n<p>Il a sign\u00e9 des classiques entr\u00e9s au patrimoine. First pour Van Cleef and Arpels, une construction florale sophistiqu\u00e9e devenue culte. Eau de Campagne pour Sisley, grand hesp\u00e9rid\u00e9 vert, vif et intemporel. Eau Parfum\u00e9e au Th\u00e9 Vert pour Bvlgari, qui a red\u00e9fini l\u2019id\u00e9e d\u2019un parfum \u201cpropre\u201d et \u00e9l\u00e9gant. Et D\u00e9claration pour Cartier, un classique moderne, \u00e9pic\u00e9 et bois\u00e9, imm\u00e9diatement identifiable. Pour Editions de Parfums Fr\u00e9d\u00e9ric Malle, il signe \u00e9galement des r\u00e9f\u00e9rences devenues essentielles, dont Ang\u00e9liques sous la Pluie, Bigarade Concentr\u00e9e, L\u2019Eau d\u2019Hiver et Rose &#038; Cuir.<\/p>\n<p>En 2004, Herm\u00e8s le choisit comme parfumeur de la maison. Pendant quatorze ans, Jean Claude Ellena en fa\u00e7onne l\u2019identit\u00e9 olfactive avec une coh\u00e9rence rare. Terre d\u2019Herm\u00e8s s\u2019impose comme une r\u00e9f\u00e9rence absolue, min\u00e9rale, bois\u00e9e, taill\u00e9e dans la mati\u00e8re. Il ouvre un territoire plus intime avec Hermessence, et donne au voyage une forme olfactive avec Voyage d\u2019Herm\u00e8s. Dans la collection des Jardins, il compose des paysages en mouvement, dont Un Jardin sur le Nil, Un Jardin en M\u00e9diterran\u00e9e, et Le Jardin de Monsieur Li. Il r\u00e9interpr\u00e8te aussi l\u2019esprit Cologne chez Herm\u00e8s avec des signatures lumineuses comme Eau de Pamplemousse Rose, Eau de N\u00e9roli Dor\u00e9 ou Eau de Mandarine Ambr\u00e9e.<\/p>\n<p>Ce qui distingue Ellena, c\u2019est sa fa\u00e7on de donner du style \u00e0 la sensation. Une rose peut devenir un graffiti. Un agrume, un \u00e9clat. Un musc, une ligne claire sur la peau. Une parfumerie de justesse, de rythme et d\u2019allure, pens\u00e9e pour durer.<\/p>\n<p>[\/et_pb_text][et_pb_icon font_icon=\u00a0\u00bb&#x37;||divi||400&Prime; icon_width=\u00a0\u00bb46px\u00a0\u00bb url=\u00a0\u00bb#FB\u00a0\u00bb module_id=\u00a0\u00bbmon-icone\u00a0\u00bb _builder_version=\u00a0\u00bb4.21.0&Prime; _module_preset=\u00a0\u00bbdefault\u00a0\u00bb custom_margin=\u00a0\u00bb|40%|||false|false\u00a0\u00bb custom_margin_tablet=\u00a0\u00bb|30%|||false|false\u00a0\u00bb custom_margin_phone=\u00a0\u00bb|0%||0px|false|false\u00a0\u00bb custom_margin_last_edited=\u00a0\u00bbon|phone\u00a0\u00bb custom_padding=\u00a0\u00bb|0px||0px|false|false\u00a0\u00bb locked=\u00a0\u00bboff\u00a0\u00bb global_colors_info=\u00a0\u00bb{}\u00a0\u00bb][\/et_pb_icon][\/et_pb_column_inner][\/et_pb_row_inner][et_pb_row_inner _builder_version=\u00a0\u00bb4.27.5&Prime; _module_preset=\u00a0\u00bbdefault\u00a0\u00bb custom_padding=\u00a0\u00bb||0px|||\u00a0\u00bb global_colors_info=\u00a0\u00bb{}\u00a0\u00bb][et_pb_column_inner saved_specialty_column_type=\u00a0\u00bb1_2&Prime; _builder_version=\u00a0\u00bb4.21.0&Prime; _module_preset=\u00a0\u00bbdefault\u00a0\u00bb global_colors_info=\u00a0\u00bb{}\u00a0\u00bb][et_pb_text _builder_version=\u00a0\u00bb4.27.5&Prime; _module_preset=\u00a0\u00bbdefault\u00a0\u00bb header_2_font=\u00a0\u00bb|||on|||||\u00a0\u00bb header_2_text_align=\u00a0\u00bbcenter\u00a0\u00bb header_2_font_size=\u00a0\u00bb35px\u00a0\u00bb width=\u00a0\u00bb60%\u00a0\u00bb global_colors_info=\u00a0\u00bb{}\u00a0\u00bb]<\/p>\n<h2>La cr\u00e9ation de Jean-Claude Ellena<\/h2>\n<p>[\/et_pb_text][\/et_pb_column_inner][\/et_pb_row_inner][et_pb_row_inner use_custom_gutter=\u00a0\u00bbon\u00a0\u00bb gutter_width=\u00a0\u00bb1&Prime; make_equal=\u00a0\u00bbon\u00a0\u00bb module_id=\u00a0\u00bbFB\u00a0\u00bb _builder_version=\u00a0\u00bb4.21.0&Prime; _module_preset=\u00a0\u00bbdefault\u00a0\u00bb width=\u00a0\u00bb58%\u00a0\u00bb width_tablet=\u00a0\u00bb58%\u00a0\u00bb width_phone=\u00a0\u00bb58%\u00a0\u00bb width_last_edited=\u00a0\u00bbon|phone\u00a0\u00bb module_alignment_tablet=\u00a0\u00bb\u00a0\u00bb module_alignment_phone=\u00a0\u00bb\u00a0\u00bb module_alignment_last_edited=\u00a0\u00bbon|desktop\u00a0\u00bb global_colors_info=\u00a0\u00bb{}\u00a0\u00bb][et_pb_column_inner saved_specialty_column_type=\u00a0\u00bb1_2&Prime; _builder_version=\u00a0\u00bb4.21.0&Prime; _module_preset=\u00a0\u00bbdefault\u00a0\u00bb global_colors_info=\u00a0\u00bb{}\u00a0\u00bb][et_pb_image src=\u00a0\u00bbhttps:\/\/lesbainsguerbois.com\/wp-content\/uploads\/2026\/02\/BAINS-GUERBOIS-ROSE-GRAFFITI.png\u00a0\u00bb title_text=\u00a0\u00bbBAINS-GUERBOIS-ROSE-GRAFFITI\u00a0\u00bb url=\u00a0\u00bb\/produit\/rose-graffiti\/\u00a0\u00bb align=\u00a0\u00bbcenter\u00a0\u00bb _builder_version=\u00a0\u00bb4.27.5&Prime; _module_preset=\u00a0\u00bbdefault\u00a0\u00bb width=\u00a0\u00bb57%\u00a0\u00bb module_alignment=\u00a0\u00bbcenter\u00a0\u00bb custom_margin=\u00a0\u00bb||||false|false\u00a0\u00bb custom_padding=\u00a0\u00bb||18px||false|false\u00a0\u00bb global_colors_info=\u00a0\u00bb{}\u00a0\u00bb][\/et_pb_image][et_pb_text _builder_version=\u00a0\u00bb4.27.5&Prime; _module_preset=\u00a0\u00bbdefault\u00a0\u00bb header_font=\u00a0\u00bb|||on|||||\u00a0\u00bb header_text_align=\u00a0\u00bbcenter\u00a0\u00bb header_3_font=\u00a0\u00bbFutura medium|||on|||||\u00a0\u00bb header_3_text_align=\u00a0\u00bbcenter\u00a0\u00bb header_3_letter_spacing=\u00a0\u00bb1px\u00a0\u00bb global_colors_info=\u00a0\u00bb{}\u00a0\u00bb]<\/p>\n<h3>ROSE GRAFFITI<\/h3>\n<p>[\/et_pb_text][et_pb_text _builder_version=\u00a0\u00bb4.27.5&Prime; _module_preset=\u00a0\u00bbdefault\u00a0\u00bb text_font_size=\u00a0\u00bb13px\u00a0\u00bb header_font=\u00a0\u00bb|||on|||||\u00a0\u00bb header_text_align=\u00a0\u00bbcenter\u00a0\u00bb header_3_font=\u00a0\u00bb|||on|||||\u00a0\u00bb header_3_text_align=\u00a0\u00bbcenter\u00a0\u00bb text_orientation=\u00a0\u00bbcenter\u00a0\u00bb custom_margin=\u00a0\u00bb-8px||||false|false\u00a0\u00bb global_colors_info=\u00a0\u00bb{}\u00a0\u00bb]<\/p>\n<p>FLORAL FRUIT\u00c9<\/p>\n<p>[\/et_pb_text][et_pb_button button_url=\u00a0\u00bb\/produit\/rose-graffiti\/\u00a0\u00bb button_text=\u00a0\u00bbD\u00e9couvrir\u00a0\u00bb button_alignment=\u00a0\u00bbcenter\u00a0\u00bb _builder_version=\u00a0\u00bb4.27.6&Prime; _module_preset=\u00a0\u00bbdefault\u00a0\u00bb custom_button=\u00a0\u00bbon\u00a0\u00bb button_text_size=\u00a0\u00bb12px\u00a0\u00bb custom_margin=\u00a0\u00bb8px||||false|false\u00a0\u00bb hover_enabled=\u00a0\u00bb0&Prime; global_colors_info=\u00a0\u00bb{}\u00a0\u00bb sticky_enabled=\u00a0\u00bb0&Prime;][\/et_pb_button][\/et_pb_column_inner][\/et_pb_row_inner][\/et_pb_column][\/et_pb_section]<\/p>\n","protected":false},"excerpt":{"rendered":"<p>JEAN-CLAUDE ELLENA Cr\u00e9ateur de l\u2019Eau de Parfum \u00ab Rose Graffiti \u00bb. Jean Claude Ellena est l\u2019un des grands noms de la parfumerie fran\u00e7aise moderne. N\u00e9 \u00e0 Grasse, il s\u2019est impos\u00e9 par une signature reconnaissable entre toutes, une \u00e9criture nette, a\u00e9rienne, d\u2019une pr\u00e9cision presque calligraphique, o\u00f9 la lumi\u00e8re compte autant que la mati\u00e8re. Il a sign\u00e9 [&hellip;]<\/p>\n","protected":false},"author":4,"featured_media":0,"parent":0,"menu_order":0,"comment_status":"closed","ping_status":"closed","template":"","meta":{"_acf_changed":false,"_et_pb_use_builder":"on","_et_pb_old_content":"","_et_gb_content_width":"","footnotes":""},"difl_page_category":[],"class_list":["post-322186","page","type-page","status-publish","hentry"],"acf":[],"_links":{"self":[{"href":"https:\/\/lesbainsguerbois.com\/es\/wp-json\/wp\/v2\/pages\/322186","targetHints":{"allow":["GET"]}}],"collection":[{"href":"https:\/\/lesbainsguerbois.com\/es\/wp-json\/wp\/v2\/pages"}],"about":[{"href":"https:\/\/lesbainsguerbois.com\/es\/wp-json\/wp\/v2\/types\/page"}],"author":[{"embeddable":true,"href":"https:\/\/lesbainsguerbois.com\/es\/wp-json\/wp\/v2\/users\/4"}],"replies":[{"embeddable":true,"href":"https:\/\/lesbainsguerbois.com\/es\/wp-json\/wp\/v2\/comments?post=322186"}],"version-history":[{"count":1,"href":"https:\/\/lesbainsguerbois.com\/es\/wp-json\/wp\/v2\/pages\/322186\/revisions"}],"predecessor-version":[{"id":322676,"href":"https:\/\/lesbainsguerbois.com\/es\/wp-json\/wp\/v2\/pages\/322186\/revisions\/322676"}],"wp:attachment":[{"href":"https:\/\/lesbainsguerbois.com\/es\/wp-json\/wp\/v2\/media?parent=322186"}],"wp:term":[{"taxonomy":"difl_page_category","embeddable":true,"href":"https:\/\/lesbainsguerbois.com\/es\/wp-json\/wp\/v2\/difl_page_category?post=322186"}],"curies":[{"name":"wp","href":"https:\/\/api.w.org\/{rel}","templated":true}]}}