{"id":93734,"date":"2023-04-12T12:48:08","date_gmt":"2023-04-12T10:48:08","guid":{"rendered":"https:\/\/bains.lestudio404dev.fr\/?page_id=93734"},"modified":"2024-07-12T15:19:52","modified_gmt":"2024-07-12T13:19:52","slug":"our-universe","status":"publish","type":"page","link":"https:\/\/lesbainsguerbois.com\/en\/notre-univers\/","title":{"rendered":"Heritage"},"content":{"rendered":"<p>[et_pb_section fb_built=\u00a0\u00bb1&Prime; _builder_version=\u00a0\u00bb4.21.0&Prime; _module_preset=\u00a0\u00bbdefault\u00a0\u00bb background_video_mp4=\u00a0\u00bbhttps:\/\/lesbainsguerbois.com\/wp-content\/uploads\/2023\/06\/Les-Bains-Guerbois_French-Artisanal-Savoir-Faire.mp4&Prime; min_height=\u00a0\u00bb85vh\u00a0\u00bb global_colors_info=\u00a0\u00bb{}\u00a0\u00bb][\/et_pb_section][et_pb_section fb_built=\u00a0\u00bb1&Prime; _builder_version=\u00a0\u00bb4.21.0&Prime; _module_preset=\u00a0\u00bbdefault\u00a0\u00bb custom_padding=\u00a0\u00bb||0px|||\u00a0\u00bb global_colors_info=\u00a0\u00bb{}\u00a0\u00bb][et_pb_row _builder_version=\u00a0\u00bb4.20.4&Prime; _module_preset=\u00a0\u00bbdefault\u00a0\u00bb max_width=\u00a0\u00bb1200px\u00a0\u00bb global_colors_info=\u00a0\u00bb{}\u00a0\u00bb][et_pb_column type=\u00a0\u00bb4_4&Prime; _builder_version=\u00a0\u00bb4.20.4&Prime; _module_preset=\u00a0\u00bbdefault\u00a0\u00bb global_colors_info=\u00a0\u00bb{}\u00a0\u00bb][et_pb_text _builder_version=\u00a0\u00bb4.21.0&Prime; _module_preset=\u00a0\u00bbdefault\u00a0\u00bb header_font=\u00a0\u00bb|||on|||||\u00a0\u00bb header_text_align=\u00a0\u00bbcenter\u00a0\u00bb custom_margin=\u00a0\u00bb||21px|||\u00a0\u00bb global_colors_info=\u00a0\u00bb{}\u00a0\u00bb]<\/p>\n<h1>UN H\u00c9RITAGE GRAV\u00c9 DANS LE MARBRE DU 7 RUE DU BOURG L&rsquo;ABB\u00c9, PARIS 3e<\/h1>\n<p>[\/et_pb_text][et_pb_text _builder_version=\u00a0\u00bb4.21.0&Prime; _module_preset=\u00a0\u00bbdefault\u00a0\u00bb text_font=\u00a0\u00bb|300|||||||\u00a0\u00bb text_font_size=\u00a0\u00bb16px\u00a0\u00bb text_orientation=\u00a0\u00bbcenter\u00a0\u00bb locked=\u00a0\u00bboff\u00a0\u00bb global_colors_info=\u00a0\u00bb{}\u00a0\u00bb]<\/p>\n<p>Nos parfums sont inspir\u00e9s par un lieu c\u00e9l\u00e8bre, notre lieu. Spa puis night-club puis h\u00f4tel, un lieu aux mille histoires, lieu de f\u00eate, lieu de bien-\u00eatre, lieu de l\u00e9gende, sans cesse r\u00e9invent\u00e9 pour toujours incarner un Paris cr\u00e9atif, glamour, festif, depuis pr\u00e8s de 140 ans.<\/p>\n<p>[\/et_pb_text][\/et_pb_column][\/et_pb_row][et_pb_row column_structure=\u00a0\u00bb1_2,1_2&Prime; make_equal=\u00a0\u00bbon\u00a0\u00bb _builder_version=\u00a0\u00bb4.21.0&Prime; _module_preset=\u00a0\u00bbdefault\u00a0\u00bb width=\u00a0\u00bb100%\u00a0\u00bb max_width=\u00a0\u00bb100%\u00a0\u00bb custom_css_main_element=\u00a0\u00bbalign-items:center;||display: flex;||flex-wrap: wrap;\u00a0\u00bb locked=\u00a0\u00bboff\u00a0\u00bb global_colors_info=\u00a0\u00bb{}\u00a0\u00bb][et_pb_column type=\u00a0\u00bb1_2&Prime; _builder_version=\u00a0\u00bb4.21.0&Prime; _module_preset=\u00a0\u00bbdefault\u00a0\u00bb custom_padding=\u00a0\u00bb|71px||71px|false|true\u00a0\u00bb custom_padding_tablet=\u00a0\u00bb|71px||71px|false|true\u00a0\u00bb custom_padding_phone=\u00a0\u00bb|25px||25px|false|true\u00a0\u00bb custom_padding_last_edited=\u00a0\u00bbon|phone\u00a0\u00bb global_colors_info=\u00a0\u00bb{}\u00a0\u00bb custom_css_main_element_last_edited=\u00a0\u00bbon|phone\u00a0\u00bb custom_css_main_element_phone=\u00a0\u00bborder:2;\u00a0\u00bb][et_pb_text _builder_version=\u00a0\u00bb4.26.0&Prime; _module_preset=\u00a0\u00bbdefault\u00a0\u00bb text_font=\u00a0\u00bb|300|||||||\u00a0\u00bb text_font_size=\u00a0\u00bb16px\u00a0\u00bb width_tablet=\u00a0\u00bb\u00a0\u00bb width_phone=\u00a0\u00bb100%\u00a0\u00bb width_last_edited=\u00a0\u00bbon|phone\u00a0\u00bb max_width_tablet=\u00a0\u00bb\u00a0\u00bb max_width_phone=\u00a0\u00bb100%\u00a0\u00bb max_width_last_edited=\u00a0\u00bbon|phone\u00a0\u00bb custom_margin_tablet=\u00a0\u00bb\u00a0\u00bb custom_margin_phone=\u00a0\u00bb25px||||false|false\u00a0\u00bb custom_margin_last_edited=\u00a0\u00bbon|phone\u00a0\u00bb hover_enabled=\u00a0\u00bb0&Prime; locked=\u00a0\u00bboff\u00a0\u00bb global_colors_info=\u00a0\u00bb{}\u00a0\u00bb sticky_enabled=\u00a0\u00bb0&Prime;]<\/p>\n<h2>NOTRE HISTOIRE<\/h2>\n<p>Les Bains Guerbois, fond\u00e9s par Auguste Guerbois, ouvrent en 1885 et deviennent aussit\u00f4t le temple parisien du bien-\u00eatre et de la beaut\u00e9 o\u00f9 le Gotha et des artistes tels que Monet, Zola, Renoir ou Proust, se retrouvent.<\/p>\n<p>En 1978, le lieu devient Les Bains Douches, l\u2019un des plus c\u00e9l\u00e8bres night-clubs au monde fr\u00e9quent\u00e9 pendant un quart de si\u00e8cle, par les plus grands artistes et personnalit\u00e9s de l\u2019\u00e9poque.<\/p>\n<p>En 2015, l\u2019h\u00e9ritier des lieux, le producteur de cin\u00e9ma Jean-Pierre Marois, transforme Les Bains en boutique h\u00f4tel 5* avec restaurant, bars, lounge, spa, concept store, salle de concert et bien-s\u00fbr night club.<\/p>\n<p>En 2016, il ressuscite Les Bains Guerbois en cr\u00e9ant un premier opus parfum\u00e9, l\u2019Eau de Cologne et la bougie \u00ab Atmosph\u00e8re \u00bb. En 2018 il lance la collection d\u2019Eaux de Parfum Une date, une histoire. Chaque fragrance propose une date pour un voyage initiatique \u00e0 travers les \u00e9poques fondatrices du mythe qui dure depuis pr\u00e8s de 140 ans.<\/p>\n<p>En 2022 il lance la collection Forme &amp; Mati\u00e8res, une exploration synchronique et multisensorielle des lieux. Les premiers opus sont Oud Laqu\u00e9, Damier et Raku.<strong><span style=\"font-size: small;\"><em><\/em><\/span><\/strong><\/p>\n<p>[\/et_pb_text][\/et_pb_column][et_pb_column type=\u00a0\u00bb1_2&Prime; _builder_version=\u00a0\u00bb4.21.0&Prime; _module_preset=\u00a0\u00bbdefault\u00a0\u00bb background_image=\u00a0\u00bbhttps:\/\/lesbainsguerbois.com\/wp-content\/uploads\/2023\/07\/7-rue-bourg-labbe-paris-1.jpg\u00a0\u00bb background_position=\u00a0\u00bbbottom_center\u00a0\u00bb background_vertical_offset=\u00a0\u00bb56%\u00a0\u00bb global_colors_info=\u00a0\u00bb{}\u00a0\u00bb custom_css_main_element_last_edited=\u00a0\u00bbon|phone\u00a0\u00bb custom_css_main_element_phone=\u00a0\u00bborder:1;\u00a0\u00bb][et_pb_divider show_divider=\u00a0\u00bboff\u00a0\u00bb _builder_version=\u00a0\u00bb4.21.0&Prime; _module_preset=\u00a0\u00bbdefault\u00a0\u00bb custom_padding=\u00a0\u00bb383px||383px||true|false\u00a0\u00bb custom_padding_tablet=\u00a0\u00bb319px||319px||true|false\u00a0\u00bb custom_padding_phone=\u00a0\u00bb143px||143px||true|false\u00a0\u00bb custom_padding_last_edited=\u00a0\u00bbon|phone\u00a0\u00bb global_colors_info=\u00a0\u00bb{}\u00a0\u00bb][\/et_pb_divider][\/et_pb_column][\/et_pb_row][et_pb_row column_structure=\u00a0\u00bb1_2,1_2&Prime; make_equal=\u00a0\u00bbon\u00a0\u00bb _builder_version=\u00a0\u00bb4.21.0&Prime; _module_preset=\u00a0\u00bbdefault\u00a0\u00bb width=\u00a0\u00bb100%\u00a0\u00bb max_width=\u00a0\u00bb100%\u00a0\u00bb custom_css_main_element=\u00a0\u00bbalign-items:center;\u00a0\u00bb global_colors_info=\u00a0\u00bb{}\u00a0\u00bb][et_pb_column type=\u00a0\u00bb1_2&Prime; _builder_version=\u00a0\u00bb4.21.0&Prime; _module_preset=\u00a0\u00bbdefault\u00a0\u00bb global_colors_info=\u00a0\u00bb{}\u00a0\u00bb][et_pb_image src=\u00a0\u00bbhttps:\/\/lesbainsguerbois.com\/wp-content\/uploads\/2021\/04\/Bacchus_Simplified_300dpi_4x4cm.jpg\u00a0\u00bb title_text=\u00a0\u00bbBacchus_Simplified_300dpi_4x4cm\u00a0\u00bb align=\u00a0\u00bbcenter\u00a0\u00bb _builder_version=\u00a0\u00bb4.21.0&Prime; _module_preset=\u00a0\u00bbdefault\u00a0\u00bb global_colors_info=\u00a0\u00bb{}\u00a0\u00bb][\/et_pb_image][\/et_pb_column][et_pb_column type=\u00a0\u00bb1_2&Prime; _builder_version=\u00a0\u00bb4.21.0&Prime; _module_preset=\u00a0\u00bbdefault\u00a0\u00bb custom_padding=\u00a0\u00bb|70px||70px|false|true\u00a0\u00bb custom_padding_tablet=\u00a0\u00bb|70px||70px|false|true\u00a0\u00bb custom_padding_phone=\u00a0\u00bb|25px||25px|false|true\u00a0\u00bb custom_padding_last_edited=\u00a0\u00bbon|phone\u00a0\u00bb global_colors_info=\u00a0\u00bb{}\u00a0\u00bb][et_pb_text _builder_version=\u00a0\u00bb4.21.0&Prime; _module_preset=\u00a0\u00bbdefault\u00a0\u00bb text_font=\u00a0\u00bb|300|||||||\u00a0\u00bb text_font_size=\u00a0\u00bb16px\u00a0\u00bb locked=\u00a0\u00bboff\u00a0\u00bb global_colors_info=\u00a0\u00bb{}\u00a0\u00bb]<\/p>\n<h2>NOTRE EMBL\u00c8ME<\/h2>\n<p>Notre Bacchus, dieu du vin et de la f\u00eate dans l\u2019antiquit\u00e9, est la reproduction du visage sculpt\u00e9 qui orne le sommet du porche de notre \u00e9tablissement depuis 1885. S\u2019y sont ajout\u00e9es deux sir\u00e8nes, inspir\u00e9es des statues torch\u00e8res du perron, entrem\u00ealant leurs queues dans la barbe du dieu antique et brandissant chacune une flamme, telles des jumelles de la Libert\u00e9.<\/p>\n<p>\u00a0Puissance, \u00e9nergie, sagesse, douceur, sensualit\u00e9, fluidit\u00e9, ivresse, extase, libert\u00e9, voici ce que vous offrent ces trois cr\u00e9atures mythologiques, d\u00e8s que vous franchissez le seuil de la maison ou si vous humez leurs senteurs. Que les dieux soient avec vous.<\/p>\n<p>[\/et_pb_text][\/et_pb_column][\/et_pb_row][\/et_pb_section][et_pb_section fb_built=\u00a0\u00bb1&Prime; _builder_version=\u00a0\u00bb4.21.0&Prime; _module_preset=\u00a0\u00bbdefault\u00a0\u00bb custom_padding=\u00a0\u00bb0px|||||\u00a0\u00bb global_colors_info=\u00a0\u00bb{}\u00a0\u00bb][et_pb_row column_structure=\u00a0\u00bb1_2,1_2&Prime; make_equal=\u00a0\u00bbon\u00a0\u00bb _builder_version=\u00a0\u00bb4.21.0&Prime; _module_preset=\u00a0\u00bbdefault\u00a0\u00bb width=\u00a0\u00bb100%\u00a0\u00bb max_width=\u00a0\u00bb100%\u00a0\u00bb custom_css_main_element=\u00a0\u00bbalign-items:center;||display: flex;||flex-wrap: wrap;\u00a0\u00bb global_colors_info=\u00a0\u00bb{}\u00a0\u00bb][et_pb_column type=\u00a0\u00bb1_2&Prime; _builder_version=\u00a0\u00bb4.21.0&Prime; _module_preset=\u00a0\u00bbdefault\u00a0\u00bb custom_padding=\u00a0\u00bb|71px||71px|false|true\u00a0\u00bb custom_padding_tablet=\u00a0\u00bb|71px||71px|false|true\u00a0\u00bb custom_padding_phone=\u00a0\u00bb|25px||25px|false|true\u00a0\u00bb custom_padding_last_edited=\u00a0\u00bbon|phone\u00a0\u00bb global_colors_info=\u00a0\u00bb{}\u00a0\u00bb custom_css_main_element_last_edited=\u00a0\u00bbon|phone\u00a0\u00bb custom_css_main_element_phone=\u00a0\u00bborder:2;\u00a0\u00bb][et_pb_text _builder_version=\u00a0\u00bb4.21.0&Prime; _module_preset=\u00a0\u00bbdefault\u00a0\u00bb text_font=\u00a0\u00bb|300|||||||\u00a0\u00bb text_font_size=\u00a0\u00bb16px\u00a0\u00bb custom_margin=\u00a0\u00bb25px||||false|false\u00a0\u00bb locked=\u00a0\u00bboff\u00a0\u00bb global_colors_info=\u00a0\u00bb{}\u00a0\u00bb]<\/p>\n<h2>NOTRE FONDATEUR<\/h2>\n<p><em>\u00ab Les Bains Guerbois est une aventure qui me captive. \u00c0 cheval sur 3 si\u00e8cles, elle a repris son souffle comme jamais. Un souffle o\u00f9 se m\u00ealent des senteurs exquises et in\u00e9dites gr\u00e2ce \u00e0 ces grands parfumeurs que nous invitons depuis 2018 \u00e0 transposer en parfums les grandes dates de notre maison. Une histoire parisienne unique, forte et \u00e9clectique qui rime avec bien-\u00eatre, f\u00eate, cr\u00e9ativit\u00e9 et mille autres choses\u00bb.<\/em><\/p>\n<p style=\"text-align: right;\"><strong><span style=\"font-size: small;\"><em>Jean-Pierre Marois, Fondateur et Directeur Artistique Les Bains Guerbois<\/em><\/span><\/strong><\/p>\n<p>[\/et_pb_text][\/et_pb_column][et_pb_column type=\u00a0\u00bb1_2&Prime; _builder_version=\u00a0\u00bb4.21.0&Prime; _module_preset=\u00a0\u00bbdefault\u00a0\u00bb background_image=\u00a0\u00bbhttps:\/\/lesbainsguerbois.com\/wp-content\/uploads\/2023\/05\/Jean-Pierre_Marois.jpg\u00a0\u00bb global_colors_info=\u00a0\u00bb{}\u00a0\u00bb custom_css_main_element_last_edited=\u00a0\u00bbon|phone\u00a0\u00bb custom_css_main_element_phone=\u00a0\u00bborder:1;\u00a0\u00bb][et_pb_divider show_divider=\u00a0\u00bboff\u00a0\u00bb _builder_version=\u00a0\u00bb4.21.0&Prime; _module_preset=\u00a0\u00bbdefault\u00a0\u00bb custom_padding=\u00a0\u00bb293px||293px||true|false\u00a0\u00bb custom_padding_tablet=\u00a0\u00bb319px||319px||true|false\u00a0\u00bb custom_padding_phone=\u00a0\u00bb143px||143px||true|false\u00a0\u00bb custom_padding_last_edited=\u00a0\u00bbon|phone\u00a0\u00bb global_colors_info=\u00a0\u00bb{}\u00a0\u00bb][\/et_pb_divider][\/et_pb_column][\/et_pb_row][et_pb_row column_structure=\u00a0\u00bb1_2,1_2&Prime; make_equal=\u00a0\u00bbon\u00a0\u00bb _builder_version=\u00a0\u00bb4.21.0&Prime; _module_preset=\u00a0\u00bbdefault\u00a0\u00bb width=\u00a0\u00bb100%\u00a0\u00bb max_width=\u00a0\u00bb100%\u00a0\u00bb custom_margin=\u00a0\u00bb54px|auto||auto||\u00a0\u00bb custom_css_main_element=\u00a0\u00bbalign-items:center;\u00a0\u00bb locked=\u00a0\u00bboff\u00a0\u00bb global_colors_info=\u00a0\u00bb{}\u00a0\u00bb][et_pb_column type=\u00a0\u00bb1_2&Prime; _builder_version=\u00a0\u00bb4.21.0&Prime; _module_preset=\u00a0\u00bbdefault\u00a0\u00bb background_image=\u00a0\u00bbhttps:\/\/lesbainsguerbois.com\/wp-content\/uploads\/2023\/07\/engagements-bains-guerbois.jpg\u00a0\u00bb global_colors_info=\u00a0\u00bb{}\u00a0\u00bb custom_css_main_element_last_edited=\u00a0\u00bbon|phone\u00a0\u00bb][et_pb_divider show_divider=\u00a0\u00bboff\u00a0\u00bb _builder_version=\u00a0\u00bb4.21.0&Prime; _module_preset=\u00a0\u00bbdefault\u00a0\u00bb custom_padding=\u00a0\u00bb239px||239px||true|false\u00a0\u00bb global_colors_info=\u00a0\u00bb{}\u00a0\u00bb][\/et_pb_divider][\/et_pb_column][et_pb_column type=\u00a0\u00bb1_2&Prime; _builder_version=\u00a0\u00bb4.21.0&Prime; _module_preset=\u00a0\u00bbdefault\u00a0\u00bb custom_padding=\u00a0\u00bb|71px||71px|false|true\u00a0\u00bb custom_padding_tablet=\u00a0\u00bb|71px||71px|false|true\u00a0\u00bb custom_padding_phone=\u00a0\u00bb|25px||25px|false|true\u00a0\u00bb custom_padding_last_edited=\u00a0\u00bbon|phone\u00a0\u00bb global_colors_info=\u00a0\u00bb{}\u00a0\u00bb][et_pb_text _builder_version=\u00a0\u00bb4.21.0&Prime; _module_preset=\u00a0\u00bbdefault\u00a0\u00bb text_font=\u00a0\u00bb|300|||||||\u00a0\u00bb text_font_size=\u00a0\u00bb16px\u00a0\u00bb locked=\u00a0\u00bboff\u00a0\u00bb global_colors_info=\u00a0\u00bb{}\u00a0\u00bb]<\/p>\n<h2>NOS ENGAGEMENTS<\/h2>\n<p>Nos Eaux de Parfum sont compos\u00e9es et fabriqu\u00e9es en France.<\/p>\n<p>Tous nos ingr\u00e9dients ont soigneusement \u00e9t\u00e9 s\u00e9lectionn\u00e9s et magnifi\u00e9s par des Ma\u00eetres Parfurmeurs dans des formules 100% vegan et cruelty free.<br \/>Notre alcool est issu de mati\u00e8res premi\u00e8res durables exclusivement d\u2019origine fran\u00e7aise.<\/p>\n<p>Notre packaging ext\u00e9rieur est recyclable, prot\u00e9g\u00e9 par un cellophane certifi\u00e9 biologique enti\u00e8rement compostable fabriqu\u00e9 \u00e0 partir de ma\u00efs.<\/p>\n<p>La couleur de nos jus provient uniquement des mati\u00e8res premi\u00e8res qui la compose : sans colorant, additifs, conservateurs ni filtres UV.<\/p>\n<p>[\/et_pb_text][\/et_pb_column][\/et_pb_row][et_pb_row make_equal=\u00a0\u00bbon\u00a0\u00bb _builder_version=\u00a0\u00bb4.21.0&Prime; _module_preset=\u00a0\u00bbdefault\u00a0\u00bb max_width=\u00a0\u00bb1280px\u00a0\u00bb custom_padding=\u00a0\u00bb79px|||||\u00a0\u00bb custom_css_main_element=\u00a0\u00bbalign-items:center;\u00a0\u00bb locked=\u00a0\u00bboff\u00a0\u00bb global_colors_info=\u00a0\u00bb{}\u00a0\u00bb][et_pb_column type=\u00a0\u00bb4_4&Prime; _builder_version=\u00a0\u00bb4.21.0&Prime; _module_preset=\u00a0\u00bbdefault\u00a0\u00bb background_enable_image=\u00a0\u00bboff\u00a0\u00bb global_colors_info=\u00a0\u00bb{}\u00a0\u00bb][et_pb_text _builder_version=\u00a0\u00bb4.21.0&Prime; _module_preset=\u00a0\u00bbdefault\u00a0\u00bb text_font=\u00a0\u00bb|300|||||||\u00a0\u00bb text_font_size=\u00a0\u00bb16px\u00a0\u00bb text_orientation=\u00a0\u00bbcenter\u00a0\u00bb locked=\u00a0\u00bboff\u00a0\u00bb global_colors_info=\u00a0\u00bb{}\u00a0\u00bb]<\/p>\n<h2><a href=\"\/produit\/1885-bains-sulfureux\/\">1885<\/a><\/h2>\n<p>\u00ab Lorsque l\u2019on a visit\u00e9 Les Bains Guerbois et que l\u2019on se reporte aux anciens \u00e9tablissements de ce genre qui existaient dans l\u2019ancien Paris, l\u2019on est \u00e9merveill\u00e9 du luxe et du confort qu\u2019on y rencontre. \u00bb<\/p>\n<p><em>Le Temps, 16 septembre 1890<\/em><\/p>\n<h2><a href=\"\/produit\/1978-les-bains-douches\/\">1978<\/a><\/h2>\n<p>\u00ab Dans les 80\u2019s et 90\u2019s, Les Bains Douches \u00e9tait le Studio 54 de Paris \u00bb<\/p>\n<p><em>Conde Nast Traveler<\/em><\/p>\n<h2><a href=\"\/produit\/2015-le-phenix\/\">2015<\/a><\/h2>\n<p>\u00ab Probablement, l\u2019h\u00f4tel lifestyle le plus fabuleux \u00e0 Paris. \u00bb<\/p>\n<p><em>Lonely Planet<\/em><\/p>\n<p><em><\/em><\/p>\n<p>[\/et_pb_text][\/et_pb_column][\/et_pb_row][\/et_pb_section]<\/p>\n","protected":false},"excerpt":{"rendered":"<p>UN H\u00c9RITAGE GRAV\u00c9 DANS LE MARBRE DU 7 RUE DU BOURG L&rsquo;ABB\u00c9, PARIS 3eNos parfums sont inspir\u00e9s par un lieu c\u00e9l\u00e8bre, notre lieu. Spa puis night-club puis h\u00f4tel, un lieu aux mille histoires, lieu de f\u00eate, lieu de bien-\u00eatre, lieu de l\u00e9gende, sans cesse r\u00e9invent\u00e9 pour toujours incarner un Paris cr\u00e9atif, glamour, festif, depuis pr\u00e8s [&hellip;]<\/p>\n","protected":false},"author":1,"featured_media":0,"parent":0,"menu_order":0,"comment_status":"closed","ping_status":"closed","template":"","meta":{"_acf_changed":false,"_et_pb_use_builder":"on","_et_pb_old_content":"<!-- wp:divi\/placeholder \/-->","_et_gb_content_width":"","footnotes":""},"difl_page_category":[],"class_list":["post-93734","page","type-page","status-publish","hentry"],"acf":[],"_links":{"self":[{"href":"https:\/\/lesbainsguerbois.com\/en\/wp-json\/wp\/v2\/pages\/93734","targetHints":{"allow":["GET"]}}],"collection":[{"href":"https:\/\/lesbainsguerbois.com\/en\/wp-json\/wp\/v2\/pages"}],"about":[{"href":"https:\/\/lesbainsguerbois.com\/en\/wp-json\/wp\/v2\/types\/page"}],"author":[{"embeddable":true,"href":"https:\/\/lesbainsguerbois.com\/en\/wp-json\/wp\/v2\/users\/1"}],"replies":[{"embeddable":true,"href":"https:\/\/lesbainsguerbois.com\/en\/wp-json\/wp\/v2\/comments?post=93734"}],"version-history":[{"count":0,"href":"https:\/\/lesbainsguerbois.com\/en\/wp-json\/wp\/v2\/pages\/93734\/revisions"}],"wp:attachment":[{"href":"https:\/\/lesbainsguerbois.com\/en\/wp-json\/wp\/v2\/media?parent=93734"}],"wp:term":[{"taxonomy":"difl_page_category","embeddable":true,"href":"https:\/\/lesbainsguerbois.com\/en\/wp-json\/wp\/v2\/difl_page_category?post=93734"}],"curies":[{"name":"wp","href":"https:\/\/api.w.org\/{rel}","templated":true}]}}