{"id":78,"date":"2022-02-11T00:58:16","date_gmt":"2022-02-10T23:58:16","guid":{"rendered":"https:\/\/lesbainsguerbois.com\/?post_type=product&#038;p=78"},"modified":"2026-04-28T20:01:43","modified_gmt":"2026-04-28T18:01:43","slug":"1986-eclectique","status":"publish","type":"product","link":"https:\/\/lesbainsguerbois.com\/de\/produit\/1986-eclectique\/","title":{"rendered":"1986 ECLECTIQUE"},"content":{"rendered":"<p>Es ist Nacht, Ballett der Taxis. Die Scheinwerfer sind gelb. Die T\u00fcren klappern. Am Fu\u00dfe der Freitreppe des Bains wird man lebendig, man gruppiert sich. Lederjacken, gekreuzte Anz\u00fcge, tief ausgeschnittene Abendkleider, zerrissene Jeans, achtzehn Jahre alt, drei\u00dfig Jahre alt, sechzig Jahre alt. Von der Treppe aus dominiert Marilyn die Entscheidung. Wen wird sie heute Abend von der Stra\u00dfe holen, um den eklektischen Stamm des verr\u00fccktesten Clubs von Paris zusammenzustellen? Das Herz schl\u00e4gt. \"Kommen Sie rein, ja Sie. Sch\u00f6nen Abend noch. Sie heute Abend wird nicht m\u00f6glich sein.\" Wir steigen die Stufen hinauf, wir steigen in die Arena hinab. Ber\u00fchrungen. Davana, Honig, Tabak. Euphorie. Die Nacht geh\u00f6rt uns.<\/p>","protected":false},"excerpt":{"rendered":"<p>Il fait nuit, ballet de taxis. Phares jaunes. Porti\u00e8res qui claquent. Au pied du perron des Bains, on s\u2019anime, on se regroupe. Blousons de cuir, costards crois\u00e9s, robes du soir \u00e9chancr\u00e9es, jeans d\u00e9chir\u00e9s, dix-huit ans, trente ans, soixante ans. Dominant du haut des marches, Marilyn d\u00e9cide. Qui va-t-elle extraire de la rue, ce soir, pour composer l\u2019\u00e9clectique tribu du club le plus fou de Paris ? Le c\u0153ur bat. \u00ab Entrez, oui vous. Bonne soir\u00e9e. Vous ce soir \u00e7a ne sera pas possible. \u00bb On grimpe les marches, on descend dans l\u2019ar\u00e8ne. Effleurements. Sillage de davana, miel, tabac. Euphorie. La nuit est a\u0300 nous.<\/p>\n<p>Parf\u00fcmeur: Bertrand Duchaufour<\/p>\n<p>Notes de t\u00eate : Davana, Pomme, Mandarine Jaune, Cardamome, Poivre Noir<br \/>\nNotes de coeur : Fruits secs, Cuir, Girofle, Gen\u00eat, Miel, Sauge Sclar\u00e9e, G\u00e9ranium<br \/>\nNotes de fond : Tabac, Opopanax, Ambre, Mousse de Ch\u00eane, Patchouli, Mat\u00e9, Musc<\/p>","protected":false},"featured_media":245585,"comment_status":"closed","ping_status":"closed","template":"","meta":{"_acf_changed":false,"_et_pb_use_builder":"","_et_pb_old_content":"","_et_gb_content_width":""},"product_brand":[],"product_cat":[207],"product_tag":[178,179,140,56,53,69,96,33,80,141,142,100,82,144,145,146,147,214,101],"class_list":{"0":"post-78","1":"product","2":"type-product","3":"status-publish","4":"has-post-thumbnail","6":"product_cat-collection-une-date-une-histoire","7":"product_tag-1986-eclectic","8":"product_tag-1986eclectic","9":"product_tag-bertrand-duchaufour","10":"product_tag-eau-de-parfum-bertrand-du-chaufour","11":"product_tag-eau-de-parfum-les-bains-guerbois","12":"product_tag-fragrance","13":"product_tag-guerbois-baths","14":"product_tag-les-bains-paris","15":"product_tag-made-in-france","16":"product_tag-marylin","17":"product_tag-new","18":"product_tag-niche-perfume","19":"product_tag-nouveaute","20":"product_tag-parisian-perfume","21":"product_tag-perfume-les-bains-guerbois","22":"product_tag-perfume-water","23":"product_tag-rare-fragrance","24":"product_tag-retro-et-gourmand","25":"product_tag-shower-baths","27":"first","28":"instock","29":"taxable","30":"shipping-taxable","31":"purchasable","32":"product-type-variable","33":"has-default-attributes"},"bundled_by":["247363","247541","247582","247603"],"bundle_stock_status":"instock","bundle_stock_quantity":99,"bundle_virtual":false,"bundle_layout":"","bundle_add_to_cart_form_location":"","bundle_editable_in_cart":false,"bundle_sold_individually_context":"","bundle_item_grouping":"","bundle_min_size":"","bundle_max_size":"","bundle_price":[],"bundled_items":[],"bundle_sell_ids":[],"acf":[],"_links":{"self":[{"href":"https:\/\/lesbainsguerbois.com\/de\/wp-json\/wp\/v2\/product\/78","targetHints":{"allow":["GET"]}}],"collection":[{"href":"https:\/\/lesbainsguerbois.com\/de\/wp-json\/wp\/v2\/product"}],"about":[{"href":"https:\/\/lesbainsguerbois.com\/de\/wp-json\/wp\/v2\/types\/product"}],"replies":[{"embeddable":true,"href":"https:\/\/lesbainsguerbois.com\/de\/wp-json\/wp\/v2\/comments?post=78"}],"wp:featuredmedia":[{"embeddable":true,"href":"https:\/\/lesbainsguerbois.com\/de\/wp-json\/wp\/v2\/media\/245585"}],"wp:attachment":[{"href":"https:\/\/lesbainsguerbois.com\/de\/wp-json\/wp\/v2\/media?parent=78"}],"wp:term":[{"taxonomy":"product_brand","embeddable":true,"href":"https:\/\/lesbainsguerbois.com\/de\/wp-json\/wp\/v2\/product_brand?post=78"},{"taxonomy":"product_cat","embeddable":true,"href":"https:\/\/lesbainsguerbois.com\/de\/wp-json\/wp\/v2\/product_cat?post=78"},{"taxonomy":"product_tag","embeddable":true,"href":"https:\/\/lesbainsguerbois.com\/de\/wp-json\/wp\/v2\/product_tag?post=78"}],"curies":[{"name":"wp","href":"https:\/\/api.w.org\/{rel}","templated":true}]}}