{"id":74,"date":"2022-02-11T00:58:16","date_gmt":"2022-02-10T23:58:16","guid":{"rendered":"https:\/\/lesbainsguerbois.com\/?post_type=product&#038;p=74"},"modified":"2026-05-10T20:01:26","modified_gmt":"2026-05-10T18:01:26","slug":"1992-purple-night","status":"publish","type":"product","link":"https:\/\/lesbainsguerbois.com\/de\/produit\/1992-purple-night\/","title":{"rendered":"1992 PURPLE NIGHT"},"content":{"rendered":"<p>Er kommt in einer Limousine an. Das Ger\u00fccht ist ihm vorausgegangen. Menschenmassen drau\u00dfen, Menschenmassen drinnen. Er isst zu Abend und steigt dann in den Club hinab, wobei er eine starke Spur aus st\u00f6rrischem Parf\u00fcm hinterl\u00e4sst. Tuberose, Patchouli und Mandarine. Er geht auf die B\u00fchne. Angek\u00fcndigt, aber nicht garantiert. Eine kostenlose Handlung. F\u00fcr das Vergn\u00fcgen. F\u00fcr den Club. F\u00fcr die, die da sind. F\u00fcr ihn, wenn die Stimmung da ist. Konzert! Vollkommene Magie. Regen aus Kl\u00e4ngen, Farben, D\u00fcften. Wie viele K\u00fcnstler, wie viele starke, erlebte, ertr\u00e4umte Momente gab es in jenem Jahr in Les Bains?<\/p>","protected":false},"excerpt":{"rendered":"<p>Er kommt in einer Limousine an. Das Ger\u00fccht ist ihm vorausgegangen. Menschenmassen drau\u00dfen, Menschenmassen drinnen. Er isst zu Abend und steigt dann in den Club hinab, wobei er eine starke Spur aus st\u00f6rrischem Parf\u00fcm hinterl\u00e4sst. Tuberose, Patchouli und Mandarine. Er geht auf die B\u00fchne. Angek\u00fcndigt, aber nicht garantiert. Eine kostenlose Handlung. F\u00fcr das Vergn\u00fcgen. F\u00fcr den Club. F\u00fcr die, die da sind. F\u00fcr ihn, wenn die Stimmung da ist. Konzert! Vollkommene Magie. Regen aus Kl\u00e4ngen, Farben, D\u00fcften. Wie viele K\u00fcnstler, wie viele starke, erlebte, ertr\u00e4umte Momente gab es in jenem Jahr in Les Bains?<\/p>\n<p>Parf\u00fcmeur: Dominique Ropion<\/p>\n<p>Kopfnoten: Mandarine aus Kalabrien<br \/>\nNotes de coeur : Tub\u00e9reuse d&rsquo;Inde, Jasmin d&rsquo;Egypte<br \/>\nNotes de fond : Accord Tabac, Accord Daim, Patchouli d&rsquo;Indon\u00e9sie<\/p>","protected":false},"featured_media":245588,"comment_status":"closed","ping_status":"closed","template":"","meta":{"_acf_changed":false,"_et_pb_use_builder":"","_et_pb_old_content":"","_et_gb_content_width":""},"product_brand":[],"product_cat":[207,289],"product_tag":[74,75,76,53,292,69,33,80,81,100,82,144,145,293,147],"class_list":{"0":"post-74","1":"product","2":"type-product","3":"status-publish","4":"has-post-thumbnail","6":"product_cat-collection-une-date-une-histoire","7":"product_cat-nos-incontournables","8":"product_tag-1992-purple-night","9":"product_tag-dominique-ropion","10":"product_tag-eau-de-parfum-dominique-ropion","11":"product_tag-eau-de-parfum-les-bains-guerbois","12":"product_tag-floral-ambre","13":"product_tag-fragrance","14":"product_tag-les-bains-paris","15":"product_tag-made-in-france","16":"product_tag-made-in-paris","17":"product_tag-niche-perfume","18":"product_tag-nouveaute","19":"product_tag-parisian-perfume","20":"product_tag-perfume-les-bains-guerbois","21":"product_tag-prince-fragrance","22":"product_tag-rare-fragrance","24":"first","25":"instock","26":"featured","27":"taxable","28":"shipping-taxable","29":"purchasable","30":"product-type-variable","31":"has-default-attributes"},"bundled_by":["247363","247541","247582","247603"],"bundle_stock_status":"instock","bundle_stock_quantity":96,"bundle_virtual":false,"bundle_layout":"","bundle_add_to_cart_form_location":"","bundle_editable_in_cart":false,"bundle_sold_individually_context":"","bundle_item_grouping":"","bundle_min_size":"","bundle_max_size":"","bundle_price":[],"bundled_items":[],"bundle_sell_ids":[],"acf":[],"_links":{"self":[{"href":"https:\/\/lesbainsguerbois.com\/de\/wp-json\/wp\/v2\/product\/74","targetHints":{"allow":["GET"]}}],"collection":[{"href":"https:\/\/lesbainsguerbois.com\/de\/wp-json\/wp\/v2\/product"}],"about":[{"href":"https:\/\/lesbainsguerbois.com\/de\/wp-json\/wp\/v2\/types\/product"}],"replies":[{"embeddable":true,"href":"https:\/\/lesbainsguerbois.com\/de\/wp-json\/wp\/v2\/comments?post=74"}],"wp:featuredmedia":[{"embeddable":true,"href":"https:\/\/lesbainsguerbois.com\/de\/wp-json\/wp\/v2\/media\/245588"}],"wp:attachment":[{"href":"https:\/\/lesbainsguerbois.com\/de\/wp-json\/wp\/v2\/media?parent=74"}],"wp:term":[{"taxonomy":"product_brand","embeddable":true,"href":"https:\/\/lesbainsguerbois.com\/de\/wp-json\/wp\/v2\/product_brand?post=74"},{"taxonomy":"product_cat","embeddable":true,"href":"https:\/\/lesbainsguerbois.com\/de\/wp-json\/wp\/v2\/product_cat?post=74"},{"taxonomy":"product_tag","embeddable":true,"href":"https:\/\/lesbainsguerbois.com\/de\/wp-json\/wp\/v2\/product_tag?post=74"}],"curies":[{"name":"wp","href":"https:\/\/api.w.org\/{rel}","templated":true}]}}