{"id":45,"date":"2022-02-11T00:57:47","date_gmt":"2022-02-10T23:57:47","guid":{"rendered":"https:\/\/lesbainsguerbois.com\/?post_type=product&#038;p=45"},"modified":"2026-05-02T23:35:51","modified_gmt":"2026-05-02T21:35:51","slug":"1979-new-wave","status":"publish","type":"product","link":"https:\/\/lesbainsguerbois.com\/de\/produit\/1979-new-wave\/","title":{"rendered":"1979 NEW WAVE"},"content":{"rendered":"<p>Ein Abend in Les Bains Douches. Auf der B\u00fchne steht wieder eine neue englische Band. Ein junger S\u00e4nger mit magnetischem Charisma. Ein legend\u00e4res Konzert. Ein begeistertes, gemischtes Publikum, das auf einer Welle der Emotionen, der Musik und der D\u00fcfte surft, in denen sich Pfefferminze, Iris und Zeder vermischen. Neue Romantiker. D\u00fcstere oder fr\u00f6hliche Sicht auf das Leben? Zweifellos beides.<\/p>","protected":false},"excerpt":{"rendered":"<p>Un soir aux Bains Douches. Sur sc\u00e8ne, encore un nouveau groupe anglais. Un jeune chanteur au charisme magn\u00e9tique. Un concert l\u00e9gendaire. Un public enthousiaste, mixte, surfant sur une vague d\u2019\u00e9motions, de musique, de parfums o\u00f9 se m\u00ealent menthe poivr\u00e9e, iris et bois de c\u00e8dre. Nouveaux Romantiques. Sombre ou joyeuse vision de la vie ? Les deux sans doute.<\/p>\n<p>Nez : Dominique Ropion<\/p>\n<p>Kopfnoten: Gr\u00fcne Minze, Pfefferminze, Aldehyde<br \/>\nHerznoten: Konkrete Iris, Virginia-Zeder<br \/>\nNotes de Fond : Santal d&rsquo;Australie, Bois Ambr\u00e9, Musc<\/p>","protected":false},"featured_media":245582,"comment_status":"closed","ping_status":"closed","template":"","meta":{"_acf_changed":false,"_et_pb_use_builder":"","_et_pb_old_content":"","_et_gb_content_width":""},"product_brand":[],"product_cat":[207,289],"product_tag":[121,69,213,144,145,146,147],"class_list":{"0":"post-45","1":"product","2":"type-product","3":"status-publish","4":"has-post-thumbnail","6":"product_cat-collection-une-date-une-histoire","7":"product_cat-nos-incontournables","8":"product_tag-1979-new-wave","9":"product_tag-fragrance","10":"product_tag-magnetique-et-avant-gardiste","11":"product_tag-parisian-perfume","12":"product_tag-perfume-les-bains-guerbois","13":"product_tag-perfume-water","14":"product_tag-rare-fragrance","16":"first","17":"instock","18":"featured","19":"taxable","20":"shipping-taxable","21":"purchasable","22":"product-type-variable","23":"has-default-attributes"},"bundled_by":["247363","247541","247582","247603"],"bundle_stock_status":"instock","bundle_stock_quantity":99,"bundle_virtual":false,"bundle_layout":"","bundle_add_to_cart_form_location":"","bundle_editable_in_cart":false,"bundle_sold_individually_context":"","bundle_item_grouping":"","bundle_min_size":"","bundle_max_size":"","bundle_price":[],"bundled_items":[],"bundle_sell_ids":[],"acf":[],"_links":{"self":[{"href":"https:\/\/lesbainsguerbois.com\/de\/wp-json\/wp\/v2\/product\/45","targetHints":{"allow":["GET"]}}],"collection":[{"href":"https:\/\/lesbainsguerbois.com\/de\/wp-json\/wp\/v2\/product"}],"about":[{"href":"https:\/\/lesbainsguerbois.com\/de\/wp-json\/wp\/v2\/types\/product"}],"replies":[{"embeddable":true,"href":"https:\/\/lesbainsguerbois.com\/de\/wp-json\/wp\/v2\/comments?post=45"}],"wp:featuredmedia":[{"embeddable":true,"href":"https:\/\/lesbainsguerbois.com\/de\/wp-json\/wp\/v2\/media\/245582"}],"wp:attachment":[{"href":"https:\/\/lesbainsguerbois.com\/de\/wp-json\/wp\/v2\/media?parent=45"}],"wp:term":[{"taxonomy":"product_brand","embeddable":true,"href":"https:\/\/lesbainsguerbois.com\/de\/wp-json\/wp\/v2\/product_brand?post=45"},{"taxonomy":"product_cat","embeddable":true,"href":"https:\/\/lesbainsguerbois.com\/de\/wp-json\/wp\/v2\/product_cat?post=45"},{"taxonomy":"product_tag","embeddable":true,"href":"https:\/\/lesbainsguerbois.com\/de\/wp-json\/wp\/v2\/product_tag?post=45"}],"curies":[{"name":"wp","href":"https:\/\/api.w.org\/{rel}","templated":true}]}}