{"id":44,"date":"2022-02-11T00:57:47","date_gmt":"2022-02-10T23:57:47","guid":{"rendered":"https:\/\/lesbainsguerbois.com\/?post_type=product&#038;p=44"},"modified":"2026-04-28T20:11:02","modified_gmt":"2026-04-28T18:11:02","slug":"2015-le-phenix","status":"publish","type":"product","link":"https:\/\/lesbainsguerbois.com\/de\/produit\/2015-le-phenix\/","title":{"rendered":"2015 LE PH\u00c9NIX"},"content":{"rendered":"<p>Paris, nichts verschwindet, alles kann wiedergeboren werden. 2015, Les Bains wird wieder zum Leben erweckt, wieder einmal. Alles ist wieder m\u00f6glich in der Maison Guerbois unter den Kuppeln und Kuppeln aus tiefem Lack, in einem subtilen Wirbel aus Kardamom, Papyrus und Weihrauch. Das Spa, der Club, das Hotel. Tanzen, abh\u00e4ngen, tr\u00e4umen, schwitzen, trinken, sehen, riechen, verf\u00fchren, d\u00f6sen. Gestern, vorgestern, heute. LES BAINS. 1885, 1978, 2015.<\/p>","protected":false},"excerpt":{"rendered":"<p>Paris, nichts verschwindet, alles kann wiedergeboren werden. 2015, Les Bains wird wieder zum Leben erweckt, wieder einmal. Alles ist wieder m\u00f6glich in der Maison Guerbois unter den Kuppeln und Kuppeln aus tiefem Lack, in einem subtilen Wirbel aus Kardamom, Papyrus und Weihrauch. Das Spa, der Club, das Hotel. Tanzen, abh\u00e4ngen, tr\u00e4umen, schwitzen, trinken, sehen, riechen, verf\u00fchren, d\u00f6sen. Gestern, vorgestern, heute. LES BAINS. 1885, 1978, 2015.<\/p>\n<p>Parf\u00fcmeur: Michel Almairac<\/p>\n<p>Kopfnoten: Ingwer, Kardamom<br \/>\nHerznoten: Zeder, Papyrus<br \/>\nBasisnote: Weihrauch, Patchouli, Amber<\/p>","protected":false},"featured_media":245595,"comment_status":"closed","ping_status":"closed","template":"","meta":{"_acf_changed":false,"_et_pb_use_builder":"","_et_pb_old_content":"","_et_gb_content_width":""},"product_brand":[],"product_cat":[207],"product_tag":[120,69,144,145,146,147],"class_list":{"0":"post-44","1":"product","2":"type-product","3":"status-publish","4":"has-post-thumbnail","6":"product_cat-collection-une-date-une-histoire","7":"product_tag-2015-le-phenix","8":"product_tag-fragrance","9":"product_tag-parisian-perfume","10":"product_tag-perfume-les-bains-guerbois","11":"product_tag-perfume-water","12":"product_tag-rare-fragrance","14":"first","15":"instock","16":"taxable","17":"shipping-taxable","18":"purchasable","19":"product-type-variable","20":"has-default-attributes"},"bundled_by":["247363","247541","247582","247603"],"bundle_stock_status":"instock","bundle_stock_quantity":97,"bundle_virtual":false,"bundle_layout":"","bundle_add_to_cart_form_location":"","bundle_editable_in_cart":false,"bundle_sold_individually_context":"","bundle_item_grouping":"","bundle_min_size":"","bundle_max_size":"","bundle_price":[],"bundled_items":[],"bundle_sell_ids":[],"acf":[],"_links":{"self":[{"href":"https:\/\/lesbainsguerbois.com\/de\/wp-json\/wp\/v2\/product\/44","targetHints":{"allow":["GET"]}}],"collection":[{"href":"https:\/\/lesbainsguerbois.com\/de\/wp-json\/wp\/v2\/product"}],"about":[{"href":"https:\/\/lesbainsguerbois.com\/de\/wp-json\/wp\/v2\/types\/product"}],"replies":[{"embeddable":true,"href":"https:\/\/lesbainsguerbois.com\/de\/wp-json\/wp\/v2\/comments?post=44"}],"wp:featuredmedia":[{"embeddable":true,"href":"https:\/\/lesbainsguerbois.com\/de\/wp-json\/wp\/v2\/media\/245595"}],"wp:attachment":[{"href":"https:\/\/lesbainsguerbois.com\/de\/wp-json\/wp\/v2\/media?parent=44"}],"wp:term":[{"taxonomy":"product_brand","embeddable":true,"href":"https:\/\/lesbainsguerbois.com\/de\/wp-json\/wp\/v2\/product_brand?post=44"},{"taxonomy":"product_cat","embeddable":true,"href":"https:\/\/lesbainsguerbois.com\/de\/wp-json\/wp\/v2\/product_cat?post=44"},{"taxonomy":"product_tag","embeddable":true,"href":"https:\/\/lesbainsguerbois.com\/de\/wp-json\/wp\/v2\/product_tag?post=44"}],"curies":[{"name":"wp","href":"https:\/\/api.w.org\/{rel}","templated":true}]}}