{"id":43,"date":"2022-02-11T00:57:46","date_gmt":"2022-02-10T23:57:46","guid":{"rendered":"https:\/\/lesbainsguerbois.com\/?post_type=product&#038;p=43"},"modified":"2026-05-10T19:51:53","modified_gmt":"2026-05-10T17:51:53","slug":"2013-residence-dartistes","status":"publish","type":"product","link":"https:\/\/lesbainsguerbois.com\/de\/produit\/2013-residence-dartistes\/","title":{"rendered":"2013 R\u00c9SIDENCE D&rsquo;ARTISTES"},"content":{"rendered":"<p>2013. Die erste Seite der neuen Bains. Vor einer Totalrenovierung und f\u00fcr einige Wochen nimmt die Weltklasse der Urban Art diesen mythischen Ort in Besitz. Explosion der Farben und D\u00fcfte von Pfirsich, Veilchen und Sandelholz. Aufruhr, K\u00fchnheit, Freiheit, Begegnungen von Kunst und Menschen, die sich ber\u00fchren und miteinander verschmelzen. Verg\u00e4nglichkeit. Alles ist verblasst. Was bleibt, ist der Duft. Und wenn W\u00e4nde sprechen k\u00f6nnten?<\/p>","protected":false},"excerpt":{"rendered":"<p>2013. Die erste Seite der neuen Bains. Vor einer Totalrenovierung und f\u00fcr einige Wochen nimmt die Weltklasse der Urban Art diesen mythischen Ort in Besitz. Explosion der Farben und D\u00fcfte von Pfirsich, Veilchen und Sandelholz. Aufruhr, K\u00fchnheit, Freiheit, Begegnungen von Kunst und Menschen, die sich ber\u00fchren und miteinander verschmelzen. Verg\u00e4nglichkeit. Alles ist verblasst. Was bleibt, ist der Duft. Und wenn W\u00e4nde sprechen k\u00f6nnten?<\/p>\n<p>Parf\u00fcmeurin: Doroth\u00e9e Piot<\/p>\n<p>Kopfnoten: Bergamotte, Mandarine, Pfirsich<br \/>\nHerznote: Jasmin, Veilchen, Papyrus<br \/>\nBasisnote: Sandelholz, Lederakkord, Moschus<\/p>","protected":false},"featured_media":245594,"comment_status":"closed","ping_status":"closed","template":"","meta":{"_acf_changed":false,"_et_pb_use_builder":"","_et_pb_old_content":"","_et_gb_content_width":""},"product_brand":[],"product_cat":[207],"product_tag":[69,144,145,146,147],"class_list":{"0":"post-43","1":"product","2":"type-product","3":"status-publish","4":"has-post-thumbnail","6":"product_cat-collection-une-date-une-histoire","7":"product_tag-fragrance","8":"product_tag-parisian-perfume","9":"product_tag-perfume-les-bains-guerbois","10":"product_tag-perfume-water","11":"product_tag-rare-fragrance","13":"first","14":"instock","15":"taxable","16":"shipping-taxable","17":"purchasable","18":"product-type-variable","19":"has-default-attributes"},"bundled_by":["247363","247541","247582","247603"],"bundle_stock_status":"instock","bundle_stock_quantity":99,"bundle_virtual":false,"bundle_layout":"","bundle_add_to_cart_form_location":"","bundle_editable_in_cart":false,"bundle_sold_individually_context":"","bundle_item_grouping":"","bundle_min_size":"","bundle_max_size":"","bundle_price":[],"bundled_items":[],"bundle_sell_ids":[],"acf":[],"_links":{"self":[{"href":"https:\/\/lesbainsguerbois.com\/de\/wp-json\/wp\/v2\/product\/43","targetHints":{"allow":["GET"]}}],"collection":[{"href":"https:\/\/lesbainsguerbois.com\/de\/wp-json\/wp\/v2\/product"}],"about":[{"href":"https:\/\/lesbainsguerbois.com\/de\/wp-json\/wp\/v2\/types\/product"}],"replies":[{"embeddable":true,"href":"https:\/\/lesbainsguerbois.com\/de\/wp-json\/wp\/v2\/comments?post=43"}],"wp:featuredmedia":[{"embeddable":true,"href":"https:\/\/lesbainsguerbois.com\/de\/wp-json\/wp\/v2\/media\/245594"}],"wp:attachment":[{"href":"https:\/\/lesbainsguerbois.com\/de\/wp-json\/wp\/v2\/media?parent=43"}],"wp:term":[{"taxonomy":"product_brand","embeddable":true,"href":"https:\/\/lesbainsguerbois.com\/de\/wp-json\/wp\/v2\/product_brand?post=43"},{"taxonomy":"product_cat","embeddable":true,"href":"https:\/\/lesbainsguerbois.com\/de\/wp-json\/wp\/v2\/product_cat?post=43"},{"taxonomy":"product_tag","embeddable":true,"href":"https:\/\/lesbainsguerbois.com\/de\/wp-json\/wp\/v2\/product_tag?post=43"}],"curies":[{"name":"wp","href":"https:\/\/api.w.org\/{rel}","templated":true}]}}