{"id":42,"date":"2022-02-11T00:57:46","date_gmt":"2022-02-10T23:57:46","guid":{"rendered":"https:\/\/lesbainsguerbois.com\/?post_type=product&#038;p=42"},"modified":"2026-05-01T08:00:24","modified_gmt":"2026-05-01T06:00:24","slug":"1978-les-bains-douches","status":"publish","type":"product","link":"https:\/\/lesbainsguerbois.com\/de\/produit\/1978-les-bains-douches\/","title":{"rendered":"1978 LES BAINS DOUCHES"},"content":{"rendered":"<p>Paris 1978, eine endlose Nacht in einer der verr\u00fccktesten Diskotheken der Welt. Ihrem pudrigen Duft folgen. Am Ende der Treppe: Negroni Yuzu f\u00fcr sie, Whisky mit Salbei f\u00fcr mich. Schwaden von blondem Tabak. Ich lehne mich an die Zedernholztheke und beobachte, wie sie \u00fcber die Tanzfl\u00e4che wogt. Ein Hauch von Myrrhe, Vanille und orientalischer Rose berauscht mich. Ich schlie\u00dfe f\u00fcr einen Moment die Augen. Die Bains Douches schlafen nie.<\/p>","protected":false},"excerpt":{"rendered":"<p>Paris 1978, une nuit sans fin dans une des plus folles discoth\u00e8ques au monde. Suivre son parfum poudr\u00e9. En bas des escaliers, Negroni Yuzu pour elle, Whisky \u00e0 la sauge pour moi. Volutes de tabac blond. Accoud\u00e9 au comptoir en c\u00e8dre, je l\u2019observe onduler sur la piste.<br \/>\nDes bouff\u00e9es de myrrhe, de vanille et de rose orientale m\u2019enivrent. Je ferme les yeux un instant. Les Bains Douches ne dorment jamais.<\/p>\n<p>Parf\u00fcmeur: Bertrand Duchaufour<\/p>\n<p>Kopfnoten: Yuzu, Accord Whisky, Davana<br \/>\nHerznote: Rose, Heliotrop, Blonder Tabak<br \/>\nBasisnote: Atlaszeder, Myrrhe, Vanille<\/p>","protected":false},"featured_media":245579,"comment_status":"closed","ping_status":"closed","template":"","meta":{"_acf_changed":false,"_et_pb_use_builder":"","_et_pb_old_content":"","_et_gb_content_width":""},"product_brand":[],"product_cat":[207,289],"product_tag":[155,69,144,145,146,147,212],"class_list":{"0":"post-42","1":"product","2":"type-product","3":"status-publish","4":"has-post-thumbnail","6":"product_cat-collection-une-date-une-histoire","7":"product_cat-nos-incontournables","8":"product_tag-1978-shower-baths","9":"product_tag-fragrance","10":"product_tag-parisian-perfume","11":"product_tag-perfume-les-bains-guerbois","12":"product_tag-perfume-water","13":"product_tag-rare-fragrance","14":"product_tag-sensuel-addictif","16":"first","17":"instock","18":"featured","19":"taxable","20":"shipping-taxable","21":"purchasable","22":"product-type-variable","23":"has-default-attributes"},"bundled_by":["247363","247541","247582","247603"],"bundle_stock_status":"instock","bundle_stock_quantity":94,"bundle_virtual":false,"bundle_layout":"","bundle_add_to_cart_form_location":"","bundle_editable_in_cart":false,"bundle_sold_individually_context":"","bundle_item_grouping":"","bundle_min_size":"","bundle_max_size":"","bundle_price":[],"bundled_items":[],"bundle_sell_ids":[],"acf":[],"_links":{"self":[{"href":"https:\/\/lesbainsguerbois.com\/de\/wp-json\/wp\/v2\/product\/42","targetHints":{"allow":["GET"]}}],"collection":[{"href":"https:\/\/lesbainsguerbois.com\/de\/wp-json\/wp\/v2\/product"}],"about":[{"href":"https:\/\/lesbainsguerbois.com\/de\/wp-json\/wp\/v2\/types\/product"}],"replies":[{"embeddable":true,"href":"https:\/\/lesbainsguerbois.com\/de\/wp-json\/wp\/v2\/comments?post=42"}],"wp:featuredmedia":[{"embeddable":true,"href":"https:\/\/lesbainsguerbois.com\/de\/wp-json\/wp\/v2\/media\/245579"}],"wp:attachment":[{"href":"https:\/\/lesbainsguerbois.com\/de\/wp-json\/wp\/v2\/media?parent=42"}],"wp:term":[{"taxonomy":"product_brand","embeddable":true,"href":"https:\/\/lesbainsguerbois.com\/de\/wp-json\/wp\/v2\/product_brand?post=42"},{"taxonomy":"product_cat","embeddable":true,"href":"https:\/\/lesbainsguerbois.com\/de\/wp-json\/wp\/v2\/product_cat?post=42"},{"taxonomy":"product_tag","embeddable":true,"href":"https:\/\/lesbainsguerbois.com\/de\/wp-json\/wp\/v2\/product_tag?post=42"}],"curies":[{"name":"wp","href":"https:\/\/api.w.org\/{rel}","templated":true}]}}