{"id":41,"date":"2022-02-11T00:57:46","date_gmt":"2022-02-10T23:57:46","guid":{"rendered":"https:\/\/lesbainsguerbois.com\/?post_type=product&#038;p=41"},"modified":"2026-04-30T04:40:28","modified_gmt":"2026-04-30T02:40:28","slug":"1900-lheure-de-proust","status":"publish","type":"product","link":"https:\/\/lesbainsguerbois.com\/de\/produit\/1900-lheure-de-proust\/","title":{"rendered":"1900 L&rsquo;HEURE DE PROUST"},"content":{"rendered":"<p>Belle \u00c9poque in Paris. Reminiszenz an Proust in Les Bains Guerbois mit einer lieben Freundin. Nach einem Dampfbad und einer Massage kommt nun die schmachtende Stunde des Tees. Ein schwarzer Tee mit Heidelbeeren und Pomelo. Vertrauliche Gespr\u00e4che. Fl\u00fcstern in den Ohren. Der Geruch von toskanischem Leder, Veilchen, Guajak und Vanillepralinen. Von wem stammen diese D\u00fcfte? Von ihm, von ihr? Parfums, die sich vermischen. Verlorenes Parfum, wiedergefundenes Parfum.<\/p>","protected":false},"excerpt":{"rendered":"<p>Belle \u00c9poque in Paris. Reminiszenz an Proust in Les Bains Guerbois mit einer lieben Freundin. Nach einem Dampfbad und einer Massage kommt nun die schmachtende Stunde des Tees. Ein schwarzer Tee mit Heidelbeeren und Pomelo. Vertrauliche Gespr\u00e4che. Fl\u00fcstern in den Ohren. Der Geruch von toskanischem Leder, Veilchen, Guajak und Vanillepralinen. Von wem stammen diese D\u00fcfte? Von ihm, von ihr? Parfums, die sich vermischen. Verlorenes Parfum, wiedergefundenes Parfum.<\/p>\n<p>Parf\u00fcmeur: J\u00e9r\u00f4me Epinette<\/p>\n<p>Kopfnoten: Bergamotte, Pomelo, Heidelbeere<br \/>\nHerznote: Veilchen, Schwarztee-Akkord, Toskana-Leder-Akkord<br \/>\nBasisnote: Gaiac-Holz, Praline-Akkord, Vanille<\/p>","protected":false},"featured_media":245576,"comment_status":"closed","ping_status":"closed","template":"","meta":{"_acf_changed":false,"_et_pb_use_builder":"","_et_pb_old_content":"","_et_gb_content_width":""},"product_brand":[],"product_cat":[207,289],"product_tag":[69,144,145,146,147],"class_list":{"0":"post-41","1":"product","2":"type-product","3":"status-publish","4":"has-post-thumbnail","6":"product_cat-collection-une-date-une-histoire","7":"product_cat-nos-incontournables","8":"product_tag-fragrance","9":"product_tag-parisian-perfume","10":"product_tag-perfume-les-bains-guerbois","11":"product_tag-perfume-water","12":"product_tag-rare-fragrance","14":"first","15":"instock","16":"featured","17":"taxable","18":"shipping-taxable","19":"purchasable","20":"product-type-variable","21":"has-default-attributes"},"bundled_by":["247363","247541","247542","247582","247603"],"bundle_stock_status":"instock","bundle_stock_quantity":98,"bundle_virtual":false,"bundle_layout":"","bundle_add_to_cart_form_location":"","bundle_editable_in_cart":false,"bundle_sold_individually_context":"","bundle_item_grouping":"","bundle_min_size":"","bundle_max_size":"","bundle_price":[],"bundled_items":[],"bundle_sell_ids":[],"acf":[],"_links":{"self":[{"href":"https:\/\/lesbainsguerbois.com\/de\/wp-json\/wp\/v2\/product\/41","targetHints":{"allow":["GET"]}}],"collection":[{"href":"https:\/\/lesbainsguerbois.com\/de\/wp-json\/wp\/v2\/product"}],"about":[{"href":"https:\/\/lesbainsguerbois.com\/de\/wp-json\/wp\/v2\/types\/product"}],"replies":[{"embeddable":true,"href":"https:\/\/lesbainsguerbois.com\/de\/wp-json\/wp\/v2\/comments?post=41"}],"wp:featuredmedia":[{"embeddable":true,"href":"https:\/\/lesbainsguerbois.com\/de\/wp-json\/wp\/v2\/media\/245576"}],"wp:attachment":[{"href":"https:\/\/lesbainsguerbois.com\/de\/wp-json\/wp\/v2\/media?parent=41"}],"wp:term":[{"taxonomy":"product_brand","embeddable":true,"href":"https:\/\/lesbainsguerbois.com\/de\/wp-json\/wp\/v2\/product_brand?post=41"},{"taxonomy":"product_cat","embeddable":true,"href":"https:\/\/lesbainsguerbois.com\/de\/wp-json\/wp\/v2\/product_cat?post=41"},{"taxonomy":"product_tag","embeddable":true,"href":"https:\/\/lesbainsguerbois.com\/de\/wp-json\/wp\/v2\/product_tag?post=41"}],"curies":[{"name":"wp","href":"https:\/\/api.w.org\/{rel}","templated":true}]}}