{"id":40,"date":"2022-02-11T00:57:46","date_gmt":"2022-02-10T23:57:46","guid":{"rendered":"https:\/\/lesbainsguerbois.com\/?post_type=product&#038;p=40"},"modified":"2026-05-01T11:12:39","modified_gmt":"2026-05-01T09:12:39","slug":"1885-bains-sulfureux","status":"publish","type":"product","link":"https:\/\/lesbainsguerbois.com\/de\/produit\/1885-bains-sulfureux\/","title":{"rendered":"1885 BAINS SULFUREUX"},"content":{"rendered":"<p>Steigen Sie die Treppe hinauf und betreten Sie die Bains Guerbois im Jahr 1885. In dem neu er\u00f6ffneten Pariser Tempel f\u00fcr Wellness und Sch\u00f6nheit duftet es nach Blumen, Pflanzen und Kr\u00e4utern. Der Duft eines magischen Gebr\u00e4us aus Mandarine, Rosmarin und Orangenbl\u00fcte str\u00f6mt aus t\u00fcrkischen, russischen und schwefelhaltigen B\u00e4dern. Die Luft des Hauses birgt tausend Essenzen von Benzoe, Tonka und Weihrauch. Verzauberung und Hingabe f\u00fcr K\u00f6rper und Geist.<\/p>\n<div id=\"USE_CHAT_GPT_AI_ROOT\" style=\"display: none; z-index: -1; position: absolute; top: -10000px; left: -10000px; width: 1px; height: 1px; overflow: hidden; opacity: 0; pointer-events: none;\">usechatgpt init success<\/div>","protected":false},"excerpt":{"rendered":"<p>Steigen Sie die Treppe hinauf und betreten Sie die Bains Guerbois im Jahr 1885. In dem neu er\u00f6ffneten Pariser Tempel f\u00fcr Wellness und Sch\u00f6nheit duftet es nach Blumen, Pflanzen und Kr\u00e4utern. Der Duft eines magischen Gebr\u00e4us aus Mandarine, Rosmarin und Orangenbl\u00fcte str\u00f6mt aus t\u00fcrkischen, russischen und schwefelhaltigen B\u00e4dern. Die Luft des Hauses birgt tausend Essenzen von Benzoe, Tonka und Weihrauch. Verzauberung und Hingabe f\u00fcr K\u00f6rper und Geist.<\/p>\n<p>Parf\u00fcmeurin: Doroth\u00e9e Piot<\/p>\n<p>Kopfnoten: Mandarine, Rosmarin, Schwarze Johannisbeere<br \/>\nHerznoten: Orangenbl\u00fcte, Jasmin<br \/>\nBasisnote: Weihrauch, Benzoe, Tonkabohne<\/p>\n<div id=\"USE_CHAT_GPT_AI_ROOT\" style=\"display: none; z-index: -1; position: absolute; top: -10000px; left: -10000px; width: 1px; height: 1px; overflow: hidden; opacity: 0; pointer-events: none;\">usechatgpt init success<\/div>","protected":false},"featured_media":245573,"comment_status":"closed","ping_status":"closed","template":"","meta":{"_acf_changed":false,"_et_pb_use_builder":"","_et_pb_old_content":"","_et_gb_content_width":""},"product_brand":[],"product_cat":[207],"product_tag":[92,69,211,144,145,146,147],"class_list":{"0":"post-40","1":"product","2":"type-product","3":"status-publish","4":"has-post-thumbnail","6":"product_cat-collection-une-date-une-histoire","7":"product_tag-1885-sulphurous-baths","8":"product_tag-fragrance","9":"product_tag-impetueux-mysterieux","10":"product_tag-parisian-perfume","11":"product_tag-perfume-les-bains-guerbois","12":"product_tag-perfume-water","13":"product_tag-rare-fragrance","15":"first","16":"instock","17":"taxable","18":"shipping-taxable","19":"purchasable","20":"product-type-variable","21":"has-default-attributes"},"bundled_by":["247363","247541","247582","247603"],"bundle_stock_status":"instock","bundle_stock_quantity":95,"bundle_virtual":false,"bundle_layout":"","bundle_add_to_cart_form_location":"","bundle_editable_in_cart":false,"bundle_sold_individually_context":"","bundle_item_grouping":"","bundle_min_size":"","bundle_max_size":"","bundle_price":[],"bundled_items":[],"bundle_sell_ids":[],"acf":[],"_links":{"self":[{"href":"https:\/\/lesbainsguerbois.com\/de\/wp-json\/wp\/v2\/product\/40","targetHints":{"allow":["GET"]}}],"collection":[{"href":"https:\/\/lesbainsguerbois.com\/de\/wp-json\/wp\/v2\/product"}],"about":[{"href":"https:\/\/lesbainsguerbois.com\/de\/wp-json\/wp\/v2\/types\/product"}],"replies":[{"embeddable":true,"href":"https:\/\/lesbainsguerbois.com\/de\/wp-json\/wp\/v2\/comments?post=40"}],"wp:featuredmedia":[{"embeddable":true,"href":"https:\/\/lesbainsguerbois.com\/de\/wp-json\/wp\/v2\/media\/245573"}],"wp:attachment":[{"href":"https:\/\/lesbainsguerbois.com\/de\/wp-json\/wp\/v2\/media?parent=40"}],"wp:term":[{"taxonomy":"product_brand","embeddable":true,"href":"https:\/\/lesbainsguerbois.com\/de\/wp-json\/wp\/v2\/product_brand?post=40"},{"taxonomy":"product_cat","embeddable":true,"href":"https:\/\/lesbainsguerbois.com\/de\/wp-json\/wp\/v2\/product_cat?post=40"},{"taxonomy":"product_tag","embeddable":true,"href":"https:\/\/lesbainsguerbois.com\/de\/wp-json\/wp\/v2\/product_tag?post=40"}],"curies":[{"name":"wp","href":"https:\/\/api.w.org\/{rel}","templated":true}]}}