{"id":1207,"date":"2022-02-09T01:40:49","date_gmt":"2022-02-09T00:40:49","guid":{"rendered":"https:\/\/lesbainsguerbois.com\/?post_type=product&#038;p=1207"},"modified":"2026-04-12T23:52:39","modified_gmt":"2026-04-12T21:52:39","slug":"oud-laque","status":"publish","type":"product","link":"https:\/\/lesbainsguerbois.com\/de\/produit\/oud-laque\/","title":{"rendered":"OUD LAQU\u00c9"},"content":{"rendered":"<p>Spiele mit Spiegeln. Gemasert, gl\u00e4nzend, warm, exotisch, kostbar: In Les Bains Paris spiegeln sich unsere Silhouetten in \u00fcberm\u00e4\u00dfig lackiertem Holz. R\u00e4ume eines mythischen Ortes. Die Sillage eines Parfums. Leuchtende Evaneszenz. Spirituelle Kraft. Dunkle Sinnlichkeit. Safran, Geranium, Oud-Holz. Syn\u00e4sthesie.<\/p>","protected":false},"excerpt":{"rendered":"<p>Spiele mit Spiegeln. Gemasert, gl\u00e4nzend, warm, exotisch, kostbar: In Les Bains Paris spiegeln sich unsere Silhouetten in \u00fcberm\u00e4\u00dfig lackiertem Holz. R\u00e4ume eines mythischen Ortes. Die Sillage eines Parfums. Leuchtende Evaneszenz. Spirituelle Kraft. Dunkle Sinnlichkeit. Safran, Geranium, Oud-Holz. Syn\u00e4sthesie.<\/p>\n<p>Parf\u00fcmeur: Mathieu Nardin<\/p>\n<p>Kopfnoten: Himbeere, Kardamom, Safran<br \/>\nHerznote: Rose, Bourbon-Geranie, Gaiac-Holz<br \/>\nBasisnote: Oud, Benzoe aus Siam, Patchouli<\/p>","protected":false},"featured_media":245605,"comment_status":"open","ping_status":"closed","template":"","meta":{"_acf_changed":false,"_et_pb_use_builder":"","_et_pb_old_content":"","_et_gb_content_width":""},"product_brand":[],"product_cat":[206,289],"product_tag":[83],"class_list":{"0":"post-1207","1":"product","2":"type-product","3":"status-publish","4":"has-post-thumbnail","6":"product_cat-collection-formes-et-matieres","7":"product_cat-nos-incontournables","8":"product_tag-oud-laque","10":"first","11":"instock","12":"taxable","13":"shipping-taxable","14":"purchasable","15":"product-type-variable","16":"has-default-attributes"},"bundled_by":["247363","247541","247542","247582","247603"],"bundle_stock_status":"instock","bundle_stock_quantity":500,"bundle_virtual":false,"bundle_layout":"","bundle_add_to_cart_form_location":"","bundle_editable_in_cart":false,"bundle_sold_individually_context":"","bundle_item_grouping":"","bundle_min_size":"","bundle_max_size":"","bundle_price":[],"bundled_items":[],"bundle_sell_ids":[],"acf":[],"_links":{"self":[{"href":"https:\/\/lesbainsguerbois.com\/de\/wp-json\/wp\/v2\/product\/1207","targetHints":{"allow":["GET"]}}],"collection":[{"href":"https:\/\/lesbainsguerbois.com\/de\/wp-json\/wp\/v2\/product"}],"about":[{"href":"https:\/\/lesbainsguerbois.com\/de\/wp-json\/wp\/v2\/types\/product"}],"replies":[{"embeddable":true,"href":"https:\/\/lesbainsguerbois.com\/de\/wp-json\/wp\/v2\/comments?post=1207"}],"wp:featuredmedia":[{"embeddable":true,"href":"https:\/\/lesbainsguerbois.com\/de\/wp-json\/wp\/v2\/media\/245605"}],"wp:attachment":[{"href":"https:\/\/lesbainsguerbois.com\/de\/wp-json\/wp\/v2\/media?parent=1207"}],"wp:term":[{"taxonomy":"product_brand","embeddable":true,"href":"https:\/\/lesbainsguerbois.com\/de\/wp-json\/wp\/v2\/product_brand?post=1207"},{"taxonomy":"product_cat","embeddable":true,"href":"https:\/\/lesbainsguerbois.com\/de\/wp-json\/wp\/v2\/product_cat?post=1207"},{"taxonomy":"product_tag","embeddable":true,"href":"https:\/\/lesbainsguerbois.com\/de\/wp-json\/wp\/v2\/product_tag?post=1207"}],"curies":[{"name":"wp","href":"https:\/\/api.w.org\/{rel}","templated":true}]}}