{"id":1172,"date":"2022-03-08T23:23:32","date_gmt":"2022-03-08T22:23:32","guid":{"rendered":"https:\/\/lesbainsguerbois.com\/?post_type=product&#038;p=1172"},"modified":"2026-04-26T13:29:58","modified_gmt":"2026-04-26T11:29:58","slug":"damier","status":"publish","type":"product","link":"https:\/\/lesbainsguerbois.com\/de\/produit\/damier\/","title":{"rendered":"DAMIER"},"content":{"rendered":"<p>Bewegen, tanzen, spielen, sich in Les Bains Paris auf diesem riesigen Schachbrett verfolgen. Ein mythischer Ort. Achtung: Eine K\u00f6nigin kann sich in alle Richtungen bewegen. Sillage von Parfum. Pisten f\u00fcr den Tanz. Pisten f\u00fcr die Spiele. Spiele auf der Rennbahn. Kleine Karos, gro\u00dfe Quadrate, schwarze und wei\u00dfe Diagonalen. Kinetische Eindr\u00fccke. Ein schmelzender, w\u00fcrziger schwarzer Kopf um schwarzen Pfeffer kontrastiert mit einer sehr gem\u00fctlichen wei\u00dfen Basis aus milchigem Moschus-Sandelholz.<\/p>\n<p>Schwarze Seite : Schwarzer Pfeffer, Patchouli.<br \/>\nWei\u00dfe Seite: Milchiger Akkord, Jasmin, Wei\u00dfer Moschus.<\/p>","protected":false},"excerpt":{"rendered":"<p>Bewegen, tanzen, spielen, sich in Les Bains Paris auf diesem riesigen Schachbrett verfolgen. Ein mythischer Ort. Achtung: Eine K\u00f6nigin kann sich in alle Richtungen bewegen. Sillage von Parfum. Pisten f\u00fcr den Tanz. Pisten f\u00fcr die Spiele. Spiele auf der Rennbahn. Kleine Karos, gro\u00dfe Quadrate, schwarze und wei\u00dfe Diagonalen. Kinetische Eindr\u00fccke. Ein schmelzender, w\u00fcrziger schwarzer Kopf um schwarzen Pfeffer kontrastiert mit einer sehr gem\u00fctlichen wei\u00dfen Basis aus milchigem Moschus-Sandelholz.<\/p>\n<p>Schwarze Seite : Schwarzer Pfeffer, Patchouli.<br \/>\nWei\u00dfe Seite: Milchiger Akkord, Jasmin, Wei\u00dfer Moschus.<\/p>\n<p>Nez : Fanny Bal<\/p>\n<p>Kopfnoten: Schwarzer Pfeffer aus Madagaskar, Rosa Pfeffer, Aldehyde<br \/>\nHerznoten: Milchakkord, Jasmin<br \/>\nNotes de fond : Santal de Nouvelle-Cal\u00e9donie, Patchouli d&rsquo;Indon\u00e9sie, Musc Blanc<\/p>","protected":false},"featured_media":245607,"comment_status":"closed","ping_status":"closed","template":"","meta":{"_acf_changed":false,"_et_pb_use_builder":"","_et_pb_old_content":"","_et_gb_content_width":""},"product_brand":[],"product_cat":[206],"product_tag":[165,246],"class_list":{"0":"post-1172","1":"product","2":"type-product","3":"status-publish","4":"has-post-thumbnail","6":"product_cat-collection-formes-et-matieres","7":"product_tag-damier","8":"product_tag-fanny-bal","10":"first","11":"instock","12":"taxable","13":"shipping-taxable","14":"purchasable","15":"product-type-variable","16":"has-default-attributes"},"bundled_by":["247363","247541","247542","247582","247603"],"bundle_stock_status":"instock","bundle_stock_quantity":100,"bundle_virtual":false,"bundle_layout":"","bundle_add_to_cart_form_location":"","bundle_editable_in_cart":false,"bundle_sold_individually_context":"","bundle_item_grouping":"","bundle_min_size":"","bundle_max_size":"","bundle_price":[],"bundled_items":[],"bundle_sell_ids":[],"acf":[],"_links":{"self":[{"href":"https:\/\/lesbainsguerbois.com\/de\/wp-json\/wp\/v2\/product\/1172","targetHints":{"allow":["GET"]}}],"collection":[{"href":"https:\/\/lesbainsguerbois.com\/de\/wp-json\/wp\/v2\/product"}],"about":[{"href":"https:\/\/lesbainsguerbois.com\/de\/wp-json\/wp\/v2\/types\/product"}],"replies":[{"embeddable":true,"href":"https:\/\/lesbainsguerbois.com\/de\/wp-json\/wp\/v2\/comments?post=1172"}],"wp:featuredmedia":[{"embeddable":true,"href":"https:\/\/lesbainsguerbois.com\/de\/wp-json\/wp\/v2\/media\/245607"}],"wp:attachment":[{"href":"https:\/\/lesbainsguerbois.com\/de\/wp-json\/wp\/v2\/media?parent=1172"}],"wp:term":[{"taxonomy":"product_brand","embeddable":true,"href":"https:\/\/lesbainsguerbois.com\/de\/wp-json\/wp\/v2\/product_brand?post=1172"},{"taxonomy":"product_cat","embeddable":true,"href":"https:\/\/lesbainsguerbois.com\/de\/wp-json\/wp\/v2\/product_cat?post=1172"},{"taxonomy":"product_tag","embeddable":true,"href":"https:\/\/lesbainsguerbois.com\/de\/wp-json\/wp\/v2\/product_tag?post=1172"}],"curies":[{"name":"wp","href":"https:\/\/api.w.org\/{rel}","templated":true}]}}